{"id":7902,"date":"2026-01-26T12:22:35","date_gmt":"2026-01-26T11:22:35","guid":{"rendered":"https:\/\/parapharmacieenligne.ma\/?post_type=product&#038;p=7902"},"modified":"2026-01-26T12:23:19","modified_gmt":"2026-01-26T11:23:19","slug":"avent-tetines-natural-3m-scy964-02","status":"publish","type":"product","link":"https:\/\/parapharmacieenligne.ma\/en\/product\/avent-tetines-natural-3m-scy964-02\/","title":{"rendered":"Avent Tetines natural +3m SCY964\/02"},"content":{"rendered":"<div aria-labelledby=\"tab-title-description\" class=\"woocommerce-Tabs-panel woocommerce-Tabs-panel--description panel entry-content wc-tab\" id=\"tab-description\" role=\"tabpanel\" style=\"\">\n<h2>Description<\/h2>\n<div class=\"p-s01__pdp-overview-wraper\" id=\"see-all-benefits\">\n<div class=\"s01highlight s01-highlights-banner component-base\">\n<section class=\"p-s01-highlights\">\n<div class=\"p-row-gutter p-comp-spacing-bottom\">\n<h2 class=\"p-heading-02 p-heading-medium p-s01__highlights-title\">Respecte le rythme de consommation de chaque b\u00e9b\u00e9<\/h2>\n<h3 class=\"p-heading-03 p-heading-medium p-s01__highlights-subtitle\">Une t\u00e9tine qui fonctionne comme un sein<\/h3>\n<ul class=\"p-bullets p-large p-s01__bullets p-heading-medium\">\n<li class=\"p-s01__bullet\">T\u00e9tine \u00e0 R\u00e9ponse Naturelle<\/li>\n<li class=\"p-s01__bullet\">2 pi\u00e8ces<\/li>\n<li class=\"p-s01__bullet\">D\u00e9bit rapide (4 trous)<\/li>\n<li class=\"p-s01__bullet\">3 mois et +<\/li>\n<\/ul><\/div>\n<\/section><\/div>\n<\/p><\/div>\n<div class=\"productFeatures s12-product-features component-base\">\n<section class=\"p-complete p-s12-product-features\" data-close-popup-label=\"Retour\">\n<div class=\"p-row-gutter p-comp-spacing-bottom\">\n<div class=\"p-s12__feature-list\">\n<div class=\"p-s12__row\">\n<div class=\"p-s12__feature-item p-spacing-bottom-c\">\n<div class=\"p-s12__feature-image p-spacing-bottom-a\"><picture class=\"p-picture p-lazy-handled\"><source media=\"(min-width: 961px)\" srcset=\"https:\/\/images.philips.com\/is\/image\/philipsconsumer\/4578d8d8ba154414a3ffacaa0183ba31?wid=305&amp;hei=173&amp;$jpglarge$, https:\/\/images.philips.com\/is\/image\/philipsconsumer\/4578d8d8ba154414a3ffacaa0183ba31?wid=610&amp;hei=346&amp;$jpglarge$ 2x\"\/><source media=\"(min-width: 701px)\" srcset=\"https:\/\/images.philips.com\/is\/image\/philipsconsumer\/4578d8d8ba154414a3ffacaa0183ba31?wid=305&amp;hei=173&amp;$jpglarge$, https:\/\/images.philips.com\/is\/image\/philipsconsumer\/4578d8d8ba154414a3ffacaa0183ba31?wid=610&amp;hei=346&amp;$jpglarge$ 2x\"\/><source media=\"(min-width: 451px)\" srcset=\"https:\/\/images.philips.com\/is\/image\/philipsconsumer\/4578d8d8ba154414a3ffacaa0183ba31?wid=218&amp;hei=122&amp;$jpglarge$, https:\/\/images.philips.com\/is\/image\/philipsconsumer\/4578d8d8ba154414a3ffacaa0183ba31?wid=436&amp;hei=244&amp;$jpglarge$ 2x\"\/><source media=\"\" srcset=\"https:\/\/images.philips.com\/is\/image\/philipsconsumer\/4578d8d8ba154414a3ffacaa0183ba31?wid=438&amp;hei=245&amp;$jpglarge$, https:\/\/images.philips.com\/is\/image\/philipsconsumer\/4578d8d8ba154414a3ffacaa0183ba31?wid=876&amp;hei=490&amp;$jpglarge$ 2x\"\/><img alt=\"La t\u00e9tine laisse le lait s\u2019\u00e9couler lorsque b\u00e9b\u00e9 boit activement\" class=\"lws-optimize-lazyload\" decoding=\"async\" ><\/picture><\/div>\n<div class=\"p-s12__feature-description p-spacing-bottom-a\">\n<h3 class=\"p-heading-04-large p-heading-bold p-feature-title\">La t\u00e9tine laisse le lait s\u2019\u00e9couler lorsque b\u00e9b\u00e9 boit activement<\/h3>\n<p class=\"p-body-copy-02\">La t\u00e9tine \u00e0 R\u00e9ponse Naturelle s\u2019adapte au rythme de t\u00e9t\u00e9e naturel de votre b\u00e9b\u00e9, ce qui facilite l\u2019alternance sein\/biberon. La t\u00e9tine poss\u00e8de une ouverture unique qui laisse le lait s\u2019\u00e9couler uniquement lorsque b\u00e9b\u00e9 boit activement. Ainsi, quand ils s\u2019arr\u00eatent pour d\u00e9glutir et respirer, le lait s\u2019arr\u00eate aussi.<\/p>\n<\/p><\/div>\n<\/p><\/div>\n<div class=\"p-s12__feature-item p-spacing-bottom-c\">\n<div class=\"p-s12__feature-image p-spacing-bottom-a\"><picture class=\"p-picture p-lazy-handled\"><source media=\"(min-width: 961px)\" srcset=\"https:\/\/images.philips.com\/is\/image\/philipsconsumer\/61eca63624f345729fcbacaa0153b9f3?wid=305&amp;hei=173&amp;$jpglarge$, https:\/\/images.philips.com\/is\/image\/philipsconsumer\/61eca63624f345729fcbacaa0153b9f3?wid=610&amp;hei=346&amp;$jpglarge$ 2x\"\/><source media=\"(min-width: 701px)\" srcset=\"https:\/\/images.philips.com\/is\/image\/philipsconsumer\/61eca63624f345729fcbacaa0153b9f3?wid=305&amp;hei=173&amp;$jpglarge$, https:\/\/images.philips.com\/is\/image\/philipsconsumer\/61eca63624f345729fcbacaa0153b9f3?wid=610&amp;hei=346&amp;$jpglarge$ 2x\"\/><source media=\"(min-width: 451px)\" srcset=\"https:\/\/images.philips.com\/is\/image\/philipsconsumer\/61eca63624f345729fcbacaa0153b9f3?wid=218&amp;hei=122&amp;$jpglarge$, https:\/\/images.philips.com\/is\/image\/philipsconsumer\/61eca63624f345729fcbacaa0153b9f3?wid=436&amp;hei=244&amp;$jpglarge$ 2x\"\/><source media=\"\" srcset=\"https:\/\/images.philips.com\/is\/image\/philipsconsumer\/61eca63624f345729fcbacaa0153b9f3?wid=438&amp;hei=245&amp;$jpglarge$, https:\/\/images.philips.com\/is\/image\/philipsconsumer\/61eca63624f345729fcbacaa0153b9f3?wid=876&amp;hei=490&amp;$jpglarge$ 2x\"\/><img alt=\"T\u00e9t\u00e9e naturelle avec t\u00e9tine imitant la forme du sein\" class=\"lws-optimize-lazyload\" decoding=\"async\" ><\/picture><\/div>\n<div class=\"p-s12__feature-description p-spacing-bottom-a\">\n<h3 class=\"p-heading-04-large p-heading-bold p-feature-title\">T\u00e9t\u00e9e naturelle avec t\u00e9tine imitant la forme du sein<\/h3>\n<p class=\"p-body-copy-02\">La t\u00e9tine large, douce et souple est con\u00e7ue pour simuler la forme et la sensation d\u2019un sein, ce qui permet \u00e0 b\u00e9b\u00e9 de t\u00e9ter et de se nourrir confortablement.<\/p>\n<\/p><\/div>\n<\/p><\/div>\n<div class=\"p-s12__feature-item p-spacing-bottom-c\">\n<div class=\"p-s12__feature-image p-spacing-bottom-a\"><picture class=\"p-picture p-lazy-handled\"><source media=\"(min-width: 961px)\" srcset=\"https:\/\/images.philips.com\/is\/image\/philipsconsumer\/ad1cdb26526848f7b21aacaa01578a18?wid=305&amp;hei=173&amp;$jpglarge$, https:\/\/images.philips.com\/is\/image\/philipsconsumer\/ad1cdb26526848f7b21aacaa01578a18?wid=610&amp;hei=346&amp;$jpglarge$ 2x\"\/><source media=\"(min-width: 701px)\" srcset=\"https:\/\/images.philips.com\/is\/image\/philipsconsumer\/ad1cdb26526848f7b21aacaa01578a18?wid=305&amp;hei=173&amp;$jpglarge$, https:\/\/images.philips.com\/is\/image\/philipsconsumer\/ad1cdb26526848f7b21aacaa01578a18?wid=610&amp;hei=346&amp;$jpglarge$ 2x\"\/><source media=\"(min-width: 451px)\" srcset=\"https:\/\/images.philips.com\/is\/image\/philipsconsumer\/ad1cdb26526848f7b21aacaa01578a18?wid=218&amp;hei=122&amp;$jpglarge$, https:\/\/images.philips.com\/is\/image\/philipsconsumer\/ad1cdb26526848f7b21aacaa01578a18?wid=436&amp;hei=244&amp;$jpglarge$ 2x\"\/><source media=\"\" srcset=\"https:\/\/images.philips.com\/is\/image\/philipsconsumer\/ad1cdb26526848f7b21aacaa01578a18?wid=438&amp;hei=245&amp;$jpglarge$, https:\/\/images.philips.com\/is\/image\/philipsconsumer\/ad1cdb26526848f7b21aacaa01578a18?wid=876&amp;hei=490&amp;$jpglarge$ 2x\"\/><img alt=\"Con\u00e7u pour diminuer les coliques et l\u2019inconfort\" class=\"lws-optimize-lazyload\" decoding=\"async\" ><\/picture><\/div>\n<div class=\"p-s12__feature-description p-spacing-bottom-a\">\n<h3 class=\"p-heading-04-large p-heading-bold p-feature-title\">Con\u00e7u pour diminuer les coliques et l\u2019inconfort<\/h3>\n<p class=\"p-body-copy-02\">La valve anti-coliques est con\u00e7ue pour \u00e9viter que l\u2019air n\u2019entre dans l\u2019estomac de votre b\u00e9b\u00e9 pendant l\u2019allaitement, ce qui permet de r\u00e9duire le risque de coliques et d\u2019inconfort.<\/p>\n<\/p><\/div>\n<\/p><\/div>\n<\/p><\/div>\n<div class=\"p-s12__more-features p-s12__toggle-item\">\n<div class=\"p-s12__more-features--inner\">\n<div class=\"p-s12__row\">\n<div class=\"p-s12__feature-item p-spacing-bottom-c\">\n<div class=\"p-s12__feature-image p-spacing-bottom-a\"><picture class=\"p-picture p-lazy-handled\"><source media=\"(min-width: 961px)\" srcset=\"https:\/\/images.philips.com\/is\/image\/philipsconsumer\/53ebfaec6b7d4c6181faacaa0162a3b9?wid=305&amp;hei=173&amp;$jpglarge$, https:\/\/images.philips.com\/is\/image\/philipsconsumer\/53ebfaec6b7d4c6181faacaa0162a3b9?wid=610&amp;hei=346&amp;$jpglarge$ 2x\"\/><source media=\"(min-width: 701px)\" srcset=\"https:\/\/images.philips.com\/is\/image\/philipsconsumer\/53ebfaec6b7d4c6181faacaa0162a3b9?wid=305&amp;hei=173&amp;$jpglarge$, https:\/\/images.philips.com\/is\/image\/philipsconsumer\/53ebfaec6b7d4c6181faacaa0162a3b9?wid=610&amp;hei=346&amp;$jpglarge$ 2x\"\/><source media=\"(min-width: 451px)\" srcset=\"https:\/\/images.philips.com\/is\/image\/philipsconsumer\/53ebfaec6b7d4c6181faacaa0162a3b9?wid=218&amp;hei=122&amp;$jpglarge$, https:\/\/images.philips.com\/is\/image\/philipsconsumer\/53ebfaec6b7d4c6181faacaa0162a3b9?wid=436&amp;hei=244&amp;$jpglarge$ 2x\"\/><source media=\"\" srcset=\"https:\/\/images.philips.com\/is\/image\/philipsconsumer\/53ebfaec6b7d4c6181faacaa0162a3b9?wid=438&amp;hei=245&amp;$jpglarge$, https:\/\/images.philips.com\/is\/image\/philipsconsumer\/53ebfaec6b7d4c6181faacaa0162a3b9?wid=876&amp;hei=490&amp;$jpglarge$ 2x\"\/><img alt=\"La conception anti-fuite de la t\u00e9tine permet d\u2019\u00e9viter les \u00e9coulements et la perte de lait\" class=\"lws-optimize-lazyload\" decoding=\"async\" ><\/picture><\/div>\n<div class=\"p-s12__feature-description p-spacing-bottom-a\">\n<h3 class=\"p-heading-04-large p-heading-bold p-feature-title\">La conception anti-fuite de la t\u00e9tine permet d\u2019\u00e9viter les \u00e9coulements et la perte de lait<\/h3>\n<p class=\"p-body-copy-02\">L\u2019ouverture de la t\u00e9tine est con\u00e7ue pour laisser le lait s\u2019\u00e9couler uniquement lorsque b\u00e9b\u00e9 est en train de boire. Ainsi, vous pouvez \u00e9viter les pertes de lait en toute s\u00e9r\u00e9nit\u00e9, que vous soyez chez vous ou en d\u00e9placement.<\/p>\n<\/p><\/div>\n<\/p><\/div>\n<div class=\"p-s12__feature-item p-spacing-bottom-c\">\n<div class=\"p-s12__feature-image p-spacing-bottom-a\"><picture class=\"p-picture p-lazy-handled\"><source media=\"(min-width: 961px)\" srcset=\"https:\/\/images.philips.com\/is\/image\/philipsconsumer\/63c00c9571994418a722acaa0144f440?wid=305&amp;hei=173&amp;$jpglarge$, https:\/\/images.philips.com\/is\/image\/philipsconsumer\/63c00c9571994418a722acaa0144f440?wid=610&amp;hei=346&amp;$jpglarge$ 2x\"\/><source media=\"(min-width: 701px)\" srcset=\"https:\/\/images.philips.com\/is\/image\/philipsconsumer\/63c00c9571994418a722acaa0144f440?wid=305&amp;hei=173&amp;$jpglarge$, https:\/\/images.philips.com\/is\/image\/philipsconsumer\/63c00c9571994418a722acaa0144f440?wid=610&amp;hei=346&amp;$jpglarge$ 2x\"\/><source media=\"(min-width: 451px)\" srcset=\"https:\/\/images.philips.com\/is\/image\/philipsconsumer\/63c00c9571994418a722acaa0144f440?wid=218&amp;hei=122&amp;$jpglarge$, https:\/\/images.philips.com\/is\/image\/philipsconsumer\/63c00c9571994418a722acaa0144f440?wid=436&amp;hei=244&amp;$jpglarge$ 2x\"\/><source media=\"\" srcset=\"https:\/\/images.philips.com\/is\/image\/philipsconsumer\/63c00c9571994418a722acaa0144f440?wid=438&amp;hei=245&amp;$jpglarge$, https:\/\/images.philips.com\/is\/image\/philipsconsumer\/63c00c9571994418a722acaa0144f440?wid=876&amp;hei=490&amp;$jpglarge$ 2x\"\/><img alt=\"Les t\u00e9tines et biberons Natural Response sont sans BPA*\" class=\"lws-optimize-lazyload\" decoding=\"async\" ><\/picture><\/div>\n<div class=\"p-s12__feature-description p-spacing-bottom-a\">\n<h3 class=\"p-heading-04-large p-heading-bold p-feature-title\">Les t\u00e9tines et biberons Natural Response sont sans BPA*<\/h3>\n<p class=\"p-body-copy-02\">Les biberons et t\u00e9tines Natural Philips Avent sont fabriqu\u00e9s avec des mat\u00e9riaux sans BPA*.<\/p>\n<\/p><\/div>\n<\/p><\/div>\n<div class=\"p-s12__feature-item p-spacing-bottom-c\">\n<div class=\"p-s12__feature-image p-spacing-bottom-a\"><picture class=\"p-picture p-lazy-handled\"><source media=\"(min-width: 961px)\" srcset=\"https:\/\/images.philips.com\/is\/image\/philipsconsumer\/1fa5b6711e4a4200b8dbacaa0136ef3e?wid=305&amp;hei=173&amp;$jpglarge$, https:\/\/images.philips.com\/is\/image\/philipsconsumer\/1fa5b6711e4a4200b8dbacaa0136ef3e?wid=610&amp;hei=346&amp;$jpglarge$ 2x\"\/><source media=\"(min-width: 701px)\" srcset=\"https:\/\/images.philips.com\/is\/image\/philipsconsumer\/1fa5b6711e4a4200b8dbacaa0136ef3e?wid=305&amp;hei=173&amp;$jpglarge$, https:\/\/images.philips.com\/is\/image\/philipsconsumer\/1fa5b6711e4a4200b8dbacaa0136ef3e?wid=610&amp;hei=346&amp;$jpglarge$ 2x\"\/><source media=\"(min-width: 451px)\" srcset=\"https:\/\/images.philips.com\/is\/image\/philipsconsumer\/1fa5b6711e4a4200b8dbacaa0136ef3e?wid=218&amp;hei=122&amp;$jpglarge$, https:\/\/images.philips.com\/is\/image\/philipsconsumer\/1fa5b6711e4a4200b8dbacaa0136ef3e?wid=436&amp;hei=244&amp;$jpglarge$ 2x\"\/><source media=\"\" srcset=\"https:\/\/images.philips.com\/is\/image\/philipsconsumer\/1fa5b6711e4a4200b8dbacaa0136ef3e?wid=438&amp;hei=245&amp;$jpglarge$, https:\/\/images.philips.com\/is\/image\/philipsconsumer\/1fa5b6711e4a4200b8dbacaa0136ef3e?wid=876&amp;hei=490&amp;$jpglarge$ 2x\"\/><img alt=\"Choisissez le d\u00e9bit de t\u00e9tine adapt\u00e9 \u00e0 votre b\u00e9b\u00e9\" class=\"lws-optimize-lazyload\" decoding=\"async\" ><\/picture><\/div>\n<div class=\"p-s12__feature-description p-spacing-bottom-a\">\n<h3 class=\"p-heading-04-large p-heading-bold p-feature-title\">Choisissez le d\u00e9bit de t\u00e9tine adapt\u00e9 \u00e0 votre b\u00e9b\u00e9<\/h3>\n<p class=\"p-body-copy-02\">Chaque b\u00e9b\u00e9 s\u2019alimente diff\u00e9remment et se d\u00e9veloppe \u00e0 son propre rythme. Nous avons con\u00e7u des t\u00e9tines offrant de nombreux types de d\u00e9bits pour que vous puissiez trouver celle qui convient le mieux \u00e0 votre b\u00e9b\u00e9 et adapter votre biberon. Toutes les t\u00e9tines Natural Response sont fabriqu\u00e9es en silicone souple.<\/p>\n<\/p><\/div>\n<\/p><\/div>\n<\/p><\/div>\n<\/p><\/div>\n<\/p><\/div>\n<\/p><\/div>\n<\/p><\/div>\n<\/section><\/div>\n<\/p><\/div>","protected":false},"excerpt":{"rendered":"<p>Highlights:La t\u00e9tine \u00e0 R\u00e9ponse Naturelle laisse le lait s\u2019\u00e9couler uniquement lorsque b\u00e9b\u00e9 boit activement. Les b\u00e9b\u00e9s peuvent boire, d\u00e9glutir et respirer \u00e0 leur rythme naturel, comme au sein, ce qui facilite l\u2019alternance sein\/biberon.<\/p>","protected":false},"featured_media":7947,"comment_status":"open","ping_status":"closed","template":"","meta":[],"product_cat":[87],"product_tag":[],"yith_product_brand":[120],"class_list":{"0":"post-7902","1":"product","2":"type-product","3":"status-publish","4":"has-post-thumbnail","6":"product_cat-bebe-et-maman","7":"yith_product_brand-avent","9":"first","10":"instock","11":"sale","12":"shipping-taxable","13":"purchasable","14":"product-type-simple"},"_links":{"self":[{"href":"https:\/\/parapharmacieenligne.ma\/en\/wp-json\/wp\/v2\/product\/7902","targetHints":{"allow":["GET"]}}],"collection":[{"href":"https:\/\/parapharmacieenligne.ma\/en\/wp-json\/wp\/v2\/product"}],"about":[{"href":"https:\/\/parapharmacieenligne.ma\/en\/wp-json\/wp\/v2\/types\/product"}],"replies":[{"embeddable":true,"href":"https:\/\/parapharmacieenligne.ma\/en\/wp-json\/wp\/v2\/comments?post=7902"}],"version-history":[{"count":1,"href":"https:\/\/parapharmacieenligne.ma\/en\/wp-json\/wp\/v2\/product\/7902\/revisions"}],"predecessor-version":[{"id":7948,"href":"https:\/\/parapharmacieenligne.ma\/en\/wp-json\/wp\/v2\/product\/7902\/revisions\/7948"}],"wp:featuredmedia":[{"embeddable":true,"href":"https:\/\/parapharmacieenligne.ma\/en\/wp-json\/wp\/v2\/media\/7947"}],"wp:attachment":[{"href":"https:\/\/parapharmacieenligne.ma\/en\/wp-json\/wp\/v2\/media?parent=7902"}],"wp:term":[{"taxonomy":"product_cat","embeddable":true,"href":"https:\/\/parapharmacieenligne.ma\/en\/wp-json\/wp\/v2\/product_cat?post=7902"},{"taxonomy":"product_tag","embeddable":true,"href":"https:\/\/parapharmacieenligne.ma\/en\/wp-json\/wp\/v2\/product_tag?post=7902"},{"taxonomy":"yith_product_brand","embeddable":true,"href":"https:\/\/parapharmacieenligne.ma\/en\/wp-json\/wp\/v2\/yith_product_brand?post=7902"}],"curies":[{"name":"wp","href":"https:\/\/api.w.org\/{rel}","templated":true}]}}