{"id":7904,"date":"2026-01-26T12:22:36","date_gmt":"2026-01-26T11:22:36","guid":{"rendered":"https:\/\/parapharmacieenligne.ma\/?post_type=product&#038;p=7904"},"modified":"2026-01-26T12:23:29","modified_gmt":"2026-01-26T11:23:29","slug":"avent-anti-colic-biberon-330ml-scf816-612-tetine-6m-scf634-27","status":"publish","type":"product","link":"https:\/\/parapharmacieenligne.ma\/en\/product\/avent-anti-colic-biberon-330ml-scf816-612-tetine-6m-scf634-27\/","title":{"rendered":"Avent Anti-colic Biberon 330ml Scf816\/61+2 Tetine +6m scf634\/27"},"content":{"rendered":"<div aria-labelledby=\"tab-title-description\" class=\"woocommerce-Tabs-panel woocommerce-Tabs-panel--description panel entry-content wc-tab\" id=\"tab-description\" role=\"tabpanel\" style=\"\">\n<h2>Description<\/h2>\n<p>Le biberon Avent Anti-colic 330ml Scf816\/61 est sp\u00e9cialement con\u00e7u pour r\u00e9duire les coliques et l\u2019inconfort chez les b\u00e9b\u00e9s. Sa forme ergonomique et sa texture douce en silicone souple s\u2019adaptent parfaitement \u00e0 la bouche de b\u00e9b\u00e9, offrant un confort optimal et une sensation apaisante.<\/p>\n<p>Ce biberon est dot\u00e9 d\u2019une t\u00e9tine \u00e0 d\u00e9bit variable qui permet \u00e0 b\u00e9b\u00e9 de contr\u00f4ler le d\u00e9bit du lait, simulant ainsi la t\u00e9t\u00e9e au sein maternel. Sa valve anti-colique int\u00e9gr\u00e9e r\u00e9duit les risques d\u2019ingestion d\u2019air, ce qui peut causer des coliques et des inconforts digestifs chez les nourrissons.<\/p>\n<p>Le biberon Avent Anti-colic 330ml Scf816\/61 est con\u00e7u pour les b\u00e9b\u00e9s de 0 \u00e0 6 mois et est disponible en plusieurs couleurs et motifs amusants. Il est \u00e9galement sans BPA et peut \u00eatre st\u00e9rilis\u00e9 pour une hygi\u00e8ne parfaite.<\/p>\n<\/p>\n<p>. Elle est dot\u00e9e d\u2019un design ergonomique et d\u2019une texture douce en silicone souple qui s\u2019adaptent parfaitement \u00e0 la bouche de b\u00e9b\u00e9, offrant un confort optimal et une sensation apaisante.<\/p>\n<p>Cette t\u00e9tine est dot\u00e9e d\u2019un syst\u00e8me de d\u00e9bit variable qui permet \u00e0 b\u00e9b\u00e9 de contr\u00f4ler le d\u00e9bit du lait, simulant ainsi la t\u00e9t\u00e9e au sein maternel. Sa valve anti-colique int\u00e9gr\u00e9e r\u00e9duit les risques d\u2019ingestion d\u2019air, ce qui peut causer des coliques et des inconforts digestifs chez les nourrissons.<\/p>\n<p>La t\u00e9tine Avent +6m Scf634\/27 est disponible en plusieurs couleurs et motifs amusants. Elle est \u00e9galement sans BPA et peut \u00eatre st\u00e9rilis\u00e9e pour une hygi\u00e8ne parfaite.<\/p>\n<\/p><\/div>","protected":false},"excerpt":{"rendered":"<p>Highlights:Le biberon Avent Anti-colic est sp\u00e9cialement con\u00e7u pour r\u00e9duire les coliques et l\u2019inconfort chez les b\u00e9b\u00e9s.La t\u00e9tine Avent +6m Scf634\/27 est une t\u00e9tine con\u00e7ue pour les b\u00e9b\u00e9s de plus de 6 mois<\/p>","protected":false},"featured_media":7951,"comment_status":"open","ping_status":"closed","template":"","meta":[],"product_cat":[87],"product_tag":[],"yith_product_brand":[120],"class_list":{"0":"post-7904","1":"product","2":"type-product","3":"status-publish","4":"has-post-thumbnail","6":"product_cat-bebe-et-maman","7":"yith_product_brand-avent","9":"first","10":"instock","11":"sale","12":"shipping-taxable","13":"purchasable","14":"product-type-simple"},"_links":{"self":[{"href":"https:\/\/parapharmacieenligne.ma\/en\/wp-json\/wp\/v2\/product\/7904","targetHints":{"allow":["GET"]}}],"collection":[{"href":"https:\/\/parapharmacieenligne.ma\/en\/wp-json\/wp\/v2\/product"}],"about":[{"href":"https:\/\/parapharmacieenligne.ma\/en\/wp-json\/wp\/v2\/types\/product"}],"replies":[{"embeddable":true,"href":"https:\/\/parapharmacieenligne.ma\/en\/wp-json\/wp\/v2\/comments?post=7904"}],"version-history":[{"count":1,"href":"https:\/\/parapharmacieenligne.ma\/en\/wp-json\/wp\/v2\/product\/7904\/revisions"}],"predecessor-version":[{"id":7952,"href":"https:\/\/parapharmacieenligne.ma\/en\/wp-json\/wp\/v2\/product\/7904\/revisions\/7952"}],"wp:featuredmedia":[{"embeddable":true,"href":"https:\/\/parapharmacieenligne.ma\/en\/wp-json\/wp\/v2\/media\/7951"}],"wp:attachment":[{"href":"https:\/\/parapharmacieenligne.ma\/en\/wp-json\/wp\/v2\/media?parent=7904"}],"wp:term":[{"taxonomy":"product_cat","embeddable":true,"href":"https:\/\/parapharmacieenligne.ma\/en\/wp-json\/wp\/v2\/product_cat?post=7904"},{"taxonomy":"product_tag","embeddable":true,"href":"https:\/\/parapharmacieenligne.ma\/en\/wp-json\/wp\/v2\/product_tag?post=7904"},{"taxonomy":"yith_product_brand","embeddable":true,"href":"https:\/\/parapharmacieenligne.ma\/en\/wp-json\/wp\/v2\/yith_product_brand?post=7904"}],"curies":[{"name":"wp","href":"https:\/\/api.w.org\/{rel}","templated":true}]}}