{"id":7906,"date":"2026-01-26T12:22:36","date_gmt":"2026-01-26T11:22:36","guid":{"rendered":"https:\/\/parapharmacieenligne.ma\/?post_type=product&#038;p=7906"},"modified":"2026-01-26T12:23:38","modified_gmt":"2026-01-26T11:23:38","slug":"avent-ultra-air-night-2-sucette-scf376-20-2-sucette-scf376-10","status":"publish","type":"product","link":"https:\/\/parapharmacieenligne.ma\/en\/product\/avent-ultra-air-night-2-sucette-scf376-20-2-sucette-scf376-10\/","title":{"rendered":"Avent Ultra Air Night 2 Sucette Scf376\/20 + 2 Sucette scf376\/10"},"content":{"rendered":"<div aria-labelledby=\"tab-title-description\" class=\"woocommerce-Tabs-panel woocommerce-Tabs-panel--description panel entry-content wc-tab\" id=\"tab-description\" role=\"tabpanel\" style=\"\">\n<h2>Description<\/h2>\n<p>Sa forme ergonomique et sa texture douce en silicone souple s\u2019adaptent parfaitement \u00e0 la bouche de b\u00e9b\u00e9, offrant un confort optimal et une sensation apaisante.<\/p>\n<p>Cette sucette est dot\u00e9e d\u2019un design unique avec un bouclier ultra a\u00e9r\u00e9 qui permet \u00e0 la peau de b\u00e9b\u00e9 de respirer, r\u00e9duisant ainsi les risques d\u2019irritation et de rougeurs. Son bouton lumineux dans l\u2019obscurit\u00e9 facilite la recherche de la sucette pendant la nuit, sans avoir besoin de la rallumer.<\/p>\n<p>Avent Ultra Air Night Sucette est con\u00e7ue pour les b\u00e9b\u00e9s et est disponible en plusieurs couleurs et motifs amusants. Elle est \u00e9galement sans BPA et peut \u00eatre st\u00e9rilis\u00e9e pour une hygi\u00e8ne parfaite.<\/p>\n<\/p><\/div>","protected":false},"excerpt":{"rendered":"<p>Highlights:Avent Ultra Air Night Sucette est une sucette innovante con\u00e7ue pour apaiser et calmer b\u00e9b\u00e9 tout en favorisant un sommeil paisible.<\/p>","protected":false},"featured_media":7958,"comment_status":"open","ping_status":"closed","template":"","meta":[],"product_cat":[87],"product_tag":[],"yith_product_brand":[120],"class_list":{"0":"post-7906","1":"product","2":"type-product","3":"status-publish","4":"has-post-thumbnail","6":"product_cat-bebe-et-maman","7":"yith_product_brand-avent","9":"first","10":"instock","11":"sale","12":"shipping-taxable","13":"purchasable","14":"product-type-simple"},"_links":{"self":[{"href":"https:\/\/parapharmacieenligne.ma\/en\/wp-json\/wp\/v2\/product\/7906","targetHints":{"allow":["GET"]}}],"collection":[{"href":"https:\/\/parapharmacieenligne.ma\/en\/wp-json\/wp\/v2\/product"}],"about":[{"href":"https:\/\/parapharmacieenligne.ma\/en\/wp-json\/wp\/v2\/types\/product"}],"replies":[{"embeddable":true,"href":"https:\/\/parapharmacieenligne.ma\/en\/wp-json\/wp\/v2\/comments?post=7906"}],"version-history":[{"count":1,"href":"https:\/\/parapharmacieenligne.ma\/en\/wp-json\/wp\/v2\/product\/7906\/revisions"}],"predecessor-version":[{"id":7959,"href":"https:\/\/parapharmacieenligne.ma\/en\/wp-json\/wp\/v2\/product\/7906\/revisions\/7959"}],"wp:featuredmedia":[{"embeddable":true,"href":"https:\/\/parapharmacieenligne.ma\/en\/wp-json\/wp\/v2\/media\/7958"}],"wp:attachment":[{"href":"https:\/\/parapharmacieenligne.ma\/en\/wp-json\/wp\/v2\/media?parent=7906"}],"wp:term":[{"taxonomy":"product_cat","embeddable":true,"href":"https:\/\/parapharmacieenligne.ma\/en\/wp-json\/wp\/v2\/product_cat?post=7906"},{"taxonomy":"product_tag","embeddable":true,"href":"https:\/\/parapharmacieenligne.ma\/en\/wp-json\/wp\/v2\/product_tag?post=7906"},{"taxonomy":"yith_product_brand","embeddable":true,"href":"https:\/\/parapharmacieenligne.ma\/en\/wp-json\/wp\/v2\/yith_product_brand?post=7906"}],"curies":[{"name":"wp","href":"https:\/\/api.w.org\/{rel}","templated":true}]}}