{"id":7909,"date":"2026-01-26T12:22:37","date_gmt":"2026-01-26T11:22:37","guid":{"rendered":"https:\/\/parapharmacieenligne.ma\/?post_type=product&#038;p=7909"},"modified":"2026-01-26T12:23:50","modified_gmt":"2026-01-26T11:23:50","slug":"avent-ultra-air-sucette-6-18-mois-2-pieces-scf085-06","status":"publish","type":"product","link":"https:\/\/parapharmacieenligne.ma\/en\/product\/avent-ultra-air-sucette-6-18-mois-2-pieces-scf085-06\/","title":{"rendered":"Avent \u2013 Ultra Air Sucette 6\/18 mois 2 Pi\u00e8ces SCF085\/06"},"content":{"rendered":"<div aria-labelledby=\"tab-title-description\" class=\"woocommerce-Tabs-panel woocommerce-Tabs-panel--description panel entry-content wc-tab\" id=\"tab-description\" role=\"tabpanel\" style=\"\">\n<h2>Description<\/h2>\n<p>Apaisez votre b\u00e9b\u00e9 avec la Philips Avent Ultra Air. Cette sucette permet \u00e0 la peau de respirer, la Philips Avent Ultra Air a des trous extra larges pour garder la peau s\u00e8che et douce. Le bouclier l\u00e9ger est con\u00e7u pour un flux d\u2019air maximal et est disponible en diff\u00e9rentes couleurs et designs. La t\u00e9tine douce et soyeuse offre un confort suppl\u00e9mentaire et la structure procure une sensation agr\u00e9able. De plus, le Philips Avent Ultra tient compte de la forme naturelle du palais, des dents, des gencives et la t\u00e9tine est sans BPA. Apr\u00e8s utilisation, st\u00e9rilisez la sucette et rangez-la dans une bo\u00eete.<\/p>\n<p><strong>Avantages :<\/strong><br \/>\n \u2713 Convient au b\u00e9b\u00e9 de 6 \u00e0 18 mois<br \/>\n \u2713 Laissez respirer la peau de votre b\u00e9b\u00e9<br \/>\n \u2713 Calme votre b\u00e9b\u00e9<br \/>\n \u2713 Orthodontique et sans BPA<\/p>\n<\/p><\/div>","protected":false},"excerpt":{"rendered":"<p>Highlights:Apaisez votre b\u00e9b\u00e9 avec la Philips Avent Ultra Air. Cette sucette permet \u00e0 la peau de respirer, la Philips Avent Ultra Air a des trous extra larges pour garder la peau s\u00e8che et douce.<\/p>","protected":false},"featured_media":7964,"comment_status":"open","ping_status":"closed","template":"","meta":[],"product_cat":[87],"product_tag":[],"yith_product_brand":[120],"class_list":{"0":"post-7909","1":"product","2":"type-product","3":"status-publish","4":"has-post-thumbnail","6":"product_cat-bebe-et-maman","7":"yith_product_brand-avent","9":"first","10":"instock","11":"sale","12":"shipping-taxable","13":"purchasable","14":"product-type-simple"},"_links":{"self":[{"href":"https:\/\/parapharmacieenligne.ma\/en\/wp-json\/wp\/v2\/product\/7909","targetHints":{"allow":["GET"]}}],"collection":[{"href":"https:\/\/parapharmacieenligne.ma\/en\/wp-json\/wp\/v2\/product"}],"about":[{"href":"https:\/\/parapharmacieenligne.ma\/en\/wp-json\/wp\/v2\/types\/product"}],"replies":[{"embeddable":true,"href":"https:\/\/parapharmacieenligne.ma\/en\/wp-json\/wp\/v2\/comments?post=7909"}],"version-history":[{"count":1,"href":"https:\/\/parapharmacieenligne.ma\/en\/wp-json\/wp\/v2\/product\/7909\/revisions"}],"predecessor-version":[{"id":7965,"href":"https:\/\/parapharmacieenligne.ma\/en\/wp-json\/wp\/v2\/product\/7909\/revisions\/7965"}],"wp:featuredmedia":[{"embeddable":true,"href":"https:\/\/parapharmacieenligne.ma\/en\/wp-json\/wp\/v2\/media\/7964"}],"wp:attachment":[{"href":"https:\/\/parapharmacieenligne.ma\/en\/wp-json\/wp\/v2\/media?parent=7909"}],"wp:term":[{"taxonomy":"product_cat","embeddable":true,"href":"https:\/\/parapharmacieenligne.ma\/en\/wp-json\/wp\/v2\/product_cat?post=7909"},{"taxonomy":"product_tag","embeddable":true,"href":"https:\/\/parapharmacieenligne.ma\/en\/wp-json\/wp\/v2\/product_tag?post=7909"},{"taxonomy":"yith_product_brand","embeddable":true,"href":"https:\/\/parapharmacieenligne.ma\/en\/wp-json\/wp\/v2\/yith_product_brand?post=7909"}],"curies":[{"name":"wp","href":"https:\/\/api.w.org\/{rel}","templated":true}]}}