{"id":7916,"date":"2026-01-26T12:22:38","date_gmt":"2026-01-26T11:22:38","guid":{"rendered":"https:\/\/parapharmacieenligne.ma\/?post_type=product&#038;p=7916"},"modified":"2026-01-26T12:24:34","modified_gmt":"2026-01-26T11:24:34","slug":"avent-tetine-natural-3m-scf043-27","status":"publish","type":"product","link":"https:\/\/parapharmacieenligne.ma\/en\/product\/avent-tetine-natural-3m-scf043-27\/","title":{"rendered":"AVENT TETINE NATURAL 3M+ SCF043\/27"},"content":{"rendered":"<div aria-labelledby=\"tab-title-description\" class=\"woocommerce-Tabs-panel woocommerce-Tabs-panel--description panel entry-content wc-tab\" id=\"tab-description\" role=\"tabpanel\" style=\"\">\n<h2>Description<\/h2>\n<p>Sa forme naturelle imitant le sein et ses alv\u00e9oles de confort permettent une t\u00e9t\u00e9e naturelle et facilitent l\u2019alternance sein\/biberon.<\/p>\n<p>T\u00e9tine encore plus douce et souple<br \/>\n \u2013 T\u00e9t\u00e9e naturelle gr\u00e2ce \u00e0 une large t\u00e9tine imitant la forme du sein<br \/>\n \u2013 T\u00e9tine ultra-douce con\u00e7ue pour reproduire la sensation du sein<br \/>\n \u2013 Design flexible en spirale associ\u00e9 \u00e0 des alv\u00e9oles de confort<br \/>\n \u2013 Valve anti-coliques con\u00e7ue pour r\u00e9duire le risque de coliques et d\u2019inconfort<br \/>\n \u2013 T\u00e9tines offrant diff\u00e9rents d\u00e9bits<\/p>\n<\/p><\/div>","protected":false},"excerpt":{"rendered":"<p>Highlights:Id\u00e9al pour l\u2019allaitement mixteNotre t\u00e9tine ultra-douce avec design flexible en spirale pr\u00e9sente des caract\u00e9ristiques plus proches de celles du sein.<\/p>","protected":false},"featured_media":7989,"comment_status":"open","ping_status":"closed","template":"","meta":[],"product_cat":[87],"product_tag":[],"yith_product_brand":[120],"class_list":{"0":"post-7916","1":"product","2":"type-product","3":"status-publish","4":"has-post-thumbnail","6":"product_cat-bebe-et-maman","7":"yith_product_brand-avent","9":"first","10":"instock","11":"sale","12":"shipping-taxable","13":"purchasable","14":"product-type-simple"},"_links":{"self":[{"href":"https:\/\/parapharmacieenligne.ma\/en\/wp-json\/wp\/v2\/product\/7916","targetHints":{"allow":["GET"]}}],"collection":[{"href":"https:\/\/parapharmacieenligne.ma\/en\/wp-json\/wp\/v2\/product"}],"about":[{"href":"https:\/\/parapharmacieenligne.ma\/en\/wp-json\/wp\/v2\/types\/product"}],"replies":[{"embeddable":true,"href":"https:\/\/parapharmacieenligne.ma\/en\/wp-json\/wp\/v2\/comments?post=7916"}],"version-history":[{"count":1,"href":"https:\/\/parapharmacieenligne.ma\/en\/wp-json\/wp\/v2\/product\/7916\/revisions"}],"predecessor-version":[{"id":7990,"href":"https:\/\/parapharmacieenligne.ma\/en\/wp-json\/wp\/v2\/product\/7916\/revisions\/7990"}],"wp:featuredmedia":[{"embeddable":true,"href":"https:\/\/parapharmacieenligne.ma\/en\/wp-json\/wp\/v2\/media\/7989"}],"wp:attachment":[{"href":"https:\/\/parapharmacieenligne.ma\/en\/wp-json\/wp\/v2\/media?parent=7916"}],"wp:term":[{"taxonomy":"product_cat","embeddable":true,"href":"https:\/\/parapharmacieenligne.ma\/en\/wp-json\/wp\/v2\/product_cat?post=7916"},{"taxonomy":"product_tag","embeddable":true,"href":"https:\/\/parapharmacieenligne.ma\/en\/wp-json\/wp\/v2\/product_tag?post=7916"},{"taxonomy":"yith_product_brand","embeddable":true,"href":"https:\/\/parapharmacieenligne.ma\/en\/wp-json\/wp\/v2\/yith_product_brand?post=7916"}],"curies":[{"name":"wp","href":"https:\/\/api.w.org\/{rel}","templated":true}]}}