{"id":7921,"date":"2026-01-26T12:22:40","date_gmt":"2026-01-26T11:22:40","guid":{"rendered":"https:\/\/parapharmacieenligne.ma\/?post_type=product&#038;p=7921"},"modified":"2026-01-26T12:24:48","modified_gmt":"2026-01-26T11:24:48","slug":"avent-biberon-natural-125-ml-4oz-scf030-17","status":"publish","type":"product","link":"https:\/\/parapharmacieenligne.ma\/en\/product\/avent-biberon-natural-125-ml-4oz-scf030-17\/","title":{"rendered":"AVENT BIBERON NATURAL 125 ML \/ 4OZ SCF030\/17"},"content":{"rendered":"<div aria-labelledby=\"tab-title-description\" class=\"woocommerce-Tabs-panel woocommerce-Tabs-panel--description panel entry-content wc-tab\" id=\"tab-description\" role=\"tabpanel\" style=\"\">\n<h2>Description<\/h2>\n<p><strong>Id\u00e9al pour l\u2019allaitement mixte<\/strong><br \/>\n Notre biberon Natural est dot\u00e9 d\u2019une t\u00e9tine ultra-douce dont les caract\u00e9ristiques se rapprochent plus de celles du sein. Cette large t\u00e9tine imitant la forme du sein pr\u00e9sente un design flexible en spirale et des alv\u00e9oles de confort pour permettre une t\u00e9t\u00e9e naturelle et faciliter l\u2019alternance sein\/biberon.<\/p>\n<p><strong>T\u00e9t\u00e9e naturelle<\/strong><br \/>\n \u2013 T\u00e9t\u00e9e naturelle gr\u00e2ce \u00e0 une large t\u00e9tine imitant la forme du sein<br \/>\n \u2013 T\u00e9tine ultra-douce con\u00e7ue pour reproduire la sensation du sein<br \/>\n \u2013 Design flexible en spirale associ\u00e9 \u00e0 des alv\u00e9oles de confort<br \/>\n \u2013 Valve anti-coliques con\u00e7ue pour r\u00e9duire le risque de coliques et d\u2019inconfort<br \/>\n \u2013 T\u00e9tines offrant diff\u00e9rents d\u00e9bits<\/p>\n<div class=\"p-s12__feature-item p-spacing-bottom-c\">\n<div class=\"p-s12__feature-description p-spacing-bottom-a\"><\/div>\n<\/p><\/div>\n<\/p><\/div>","protected":false},"excerpt":{"rendered":"<p>Highlights:Notre biberon Natural est dot\u00e9 d\u2019une t\u00e9tine ultra-douce dont les caract\u00e9ristiques se rapprochent plus de celles du sein.<\/p>","protected":false},"featured_media":7998,"comment_status":"open","ping_status":"closed","template":"","meta":[],"product_cat":[87],"product_tag":[],"yith_product_brand":[120],"class_list":{"0":"post-7921","1":"product","2":"type-product","3":"status-publish","4":"has-post-thumbnail","6":"product_cat-bebe-et-maman","7":"yith_product_brand-avent","9":"first","10":"instock","11":"sale","12":"shipping-taxable","13":"purchasable","14":"product-type-simple"},"_links":{"self":[{"href":"https:\/\/parapharmacieenligne.ma\/en\/wp-json\/wp\/v2\/product\/7921","targetHints":{"allow":["GET"]}}],"collection":[{"href":"https:\/\/parapharmacieenligne.ma\/en\/wp-json\/wp\/v2\/product"}],"about":[{"href":"https:\/\/parapharmacieenligne.ma\/en\/wp-json\/wp\/v2\/types\/product"}],"replies":[{"embeddable":true,"href":"https:\/\/parapharmacieenligne.ma\/en\/wp-json\/wp\/v2\/comments?post=7921"}],"version-history":[{"count":1,"href":"https:\/\/parapharmacieenligne.ma\/en\/wp-json\/wp\/v2\/product\/7921\/revisions"}],"predecessor-version":[{"id":7999,"href":"https:\/\/parapharmacieenligne.ma\/en\/wp-json\/wp\/v2\/product\/7921\/revisions\/7999"}],"wp:featuredmedia":[{"embeddable":true,"href":"https:\/\/parapharmacieenligne.ma\/en\/wp-json\/wp\/v2\/media\/7998"}],"wp:attachment":[{"href":"https:\/\/parapharmacieenligne.ma\/en\/wp-json\/wp\/v2\/media?parent=7921"}],"wp:term":[{"taxonomy":"product_cat","embeddable":true,"href":"https:\/\/parapharmacieenligne.ma\/en\/wp-json\/wp\/v2\/product_cat?post=7921"},{"taxonomy":"product_tag","embeddable":true,"href":"https:\/\/parapharmacieenligne.ma\/en\/wp-json\/wp\/v2\/product_tag?post=7921"},{"taxonomy":"yith_product_brand","embeddable":true,"href":"https:\/\/parapharmacieenligne.ma\/en\/wp-json\/wp\/v2\/yith_product_brand?post=7921"}],"curies":[{"name":"wp","href":"https:\/\/api.w.org\/{rel}","templated":true}]}}