{"id":7922,"date":"2026-01-26T12:22:40","date_gmt":"2026-01-26T11:22:40","guid":{"rendered":"https:\/\/parapharmacieenligne.ma\/?post_type=product&#038;p=7922"},"modified":"2026-01-26T12:24:50","modified_gmt":"2026-01-26T11:24:50","slug":"avent-scf635-27-biberon-anti-colic-330-ml-3-mois-et-debit-moyen","status":"publish","type":"product","link":"https:\/\/parapharmacieenligne.ma\/en\/product\/avent-scf635-27-biberon-anti-colic-330-ml-3-mois-et-debit-moyen\/","title":{"rendered":"Avent \u2013 SCF635\/27 \u2013 Biberon Anti-Colic 330 ml \u2013 3 mois et + (D\u00e9bit Moyen)"},"content":{"rendered":"<div aria-labelledby=\"tab-title-description\" class=\"woocommerce-Tabs-panel woocommerce-Tabs-panel--description panel entry-content wc-tab\" id=\"tab-description\" role=\"tabpanel\" style=\"\">\n<h2>Description<\/h2>\n<p>Con\u00e7u pour une t\u00e9t\u00e9e ininterrompue: Notre biberon Anti-colic est con\u00e7u pour \u00e9viter que l\u2019air n\u2019entre dans l\u2019estomac de votre b\u00e9b\u00e9, afin de r\u00e9duire le risque de coliques et d\u2019inconfort et de minimiser les interruptions de t\u00e9t\u00e9e. Gr\u00e2ce \u00e0 sa valve anti-coliques int\u00e9gr\u00e9e, l\u2019air ne s\u2019introduit pas dans l\u2019estomac de b\u00e9b\u00e9.<\/p>\n<\/p><\/div>","protected":false},"excerpt":{"rendered":"<p>Highlights:Cliniquement prouv\u00e9, diminue les coliques et l\u2019inconfort<\/p>","protected":false},"featured_media":8000,"comment_status":"open","ping_status":"closed","template":"","meta":[],"product_cat":[87],"product_tag":[],"yith_product_brand":[120],"class_list":{"0":"post-7922","1":"product","2":"type-product","3":"status-publish","4":"has-post-thumbnail","6":"product_cat-bebe-et-maman","7":"yith_product_brand-avent","9":"first","10":"instock","11":"sale","12":"shipping-taxable","13":"purchasable","14":"product-type-simple"},"_links":{"self":[{"href":"https:\/\/parapharmacieenligne.ma\/en\/wp-json\/wp\/v2\/product\/7922","targetHints":{"allow":["GET"]}}],"collection":[{"href":"https:\/\/parapharmacieenligne.ma\/en\/wp-json\/wp\/v2\/product"}],"about":[{"href":"https:\/\/parapharmacieenligne.ma\/en\/wp-json\/wp\/v2\/types\/product"}],"replies":[{"embeddable":true,"href":"https:\/\/parapharmacieenligne.ma\/en\/wp-json\/wp\/v2\/comments?post=7922"}],"version-history":[{"count":1,"href":"https:\/\/parapharmacieenligne.ma\/en\/wp-json\/wp\/v2\/product\/7922\/revisions"}],"predecessor-version":[{"id":8001,"href":"https:\/\/parapharmacieenligne.ma\/en\/wp-json\/wp\/v2\/product\/7922\/revisions\/8001"}],"wp:featuredmedia":[{"embeddable":true,"href":"https:\/\/parapharmacieenligne.ma\/en\/wp-json\/wp\/v2\/media\/8000"}],"wp:attachment":[{"href":"https:\/\/parapharmacieenligne.ma\/en\/wp-json\/wp\/v2\/media?parent=7922"}],"wp:term":[{"taxonomy":"product_cat","embeddable":true,"href":"https:\/\/parapharmacieenligne.ma\/en\/wp-json\/wp\/v2\/product_cat?post=7922"},{"taxonomy":"product_tag","embeddable":true,"href":"https:\/\/parapharmacieenligne.ma\/en\/wp-json\/wp\/v2\/product_tag?post=7922"},{"taxonomy":"yith_product_brand","embeddable":true,"href":"https:\/\/parapharmacieenligne.ma\/en\/wp-json\/wp\/v2\/yith_product_brand?post=7922"}],"curies":[{"name":"wp","href":"https:\/\/api.w.org\/{rel}","templated":true}]}}