{"id":7938,"date":"2026-01-26T12:23:05","date_gmt":"2026-01-26T11:23:05","guid":{"rendered":"https:\/\/parapharmacieenligne.ma\/?post_type=product&#038;p=7938"},"modified":"2026-01-26T12:25:04","modified_gmt":"2026-01-26T11:25:04","slug":"avent-set-pots-de-conservation-pour-lait-maternel-180-ml-6oz-scf618-10","status":"publish","type":"product","link":"https:\/\/parapharmacieenligne.ma\/en\/product\/avent-set-pots-de-conservation-pour-lait-maternel-180-ml-6oz-scf618-10\/","title":{"rendered":"AVENT SET POTS DE CONSERVATION POUR LAIT MATERNEL 180 ML\/6OZ SCF618\/10"},"content":{"rendered":"<div aria-labelledby=\"tab-title-description\" class=\"woocommerce-Tabs-panel woocommerce-Tabs-panel--description panel entry-content wc-tab\" id=\"tab-description\" role=\"tabpanel\" style=\"\">\n<h2>Description<\/h2>\n<div class=\"product-description-short\" id=\"product-description-short-2022\">\n<p>Conservez le lait maternel en toute s\u00e9curit\u00e9<br \/>\n Extrayez votre lait, conservez-le et nourrissez votre b\u00e9b\u00e9 gr\u00e2ce \u00e0 notre nouveau pot de stockage. St\u00e9rilisez et r\u00e9utilisez le pot avec le tire-lait ou les t\u00e9tines Philips Avent. Une multitude d\u2019options s\u2019offrent \u00e0 vous en un seul syst\u00e8me!<\/p>\n<p>Avec couvercle antifuite<br \/>\n \u2013 Pour conserver et transporter en toute s\u00e9curit\u00e9<br \/>\n \u2013 Pour g\u00e9rer facilement les dates et les contenus<br \/>\n \u2013 Pour g\u00e9rer facilement les dates et les contenus<br \/>\n \u2013 Un r\u00e9frig\u00e9rateur et un cong\u00e9lateur organis\u00e9s<br \/>\n \u2013 Adaptateurs pratiques inclus<\/p>\n<\/p><\/div>\n<\/p><\/div>","protected":false},"excerpt":{"rendered":"<p>Highlights:Conservez le lait maternel en toute s\u00e9curit\u00e9Extrayez votre lait, conservez-le et nourrissez votre b\u00e9b\u00e9 gr\u00e2ce \u00e0 notre nouveau pot de stockage.<\/p>","protected":false},"featured_media":8008,"comment_status":"open","ping_status":"closed","template":"","meta":[],"product_cat":[87],"product_tag":[],"yith_product_brand":[120],"class_list":{"0":"post-7938","1":"product","2":"type-product","3":"status-publish","4":"has-post-thumbnail","6":"product_cat-bebe-et-maman","7":"yith_product_brand-avent","9":"first","10":"instock","11":"sale","12":"shipping-taxable","13":"purchasable","14":"product-type-simple"},"_links":{"self":[{"href":"https:\/\/parapharmacieenligne.ma\/en\/wp-json\/wp\/v2\/product\/7938","targetHints":{"allow":["GET"]}}],"collection":[{"href":"https:\/\/parapharmacieenligne.ma\/en\/wp-json\/wp\/v2\/product"}],"about":[{"href":"https:\/\/parapharmacieenligne.ma\/en\/wp-json\/wp\/v2\/types\/product"}],"replies":[{"embeddable":true,"href":"https:\/\/parapharmacieenligne.ma\/en\/wp-json\/wp\/v2\/comments?post=7938"}],"version-history":[{"count":1,"href":"https:\/\/parapharmacieenligne.ma\/en\/wp-json\/wp\/v2\/product\/7938\/revisions"}],"predecessor-version":[{"id":8009,"href":"https:\/\/parapharmacieenligne.ma\/en\/wp-json\/wp\/v2\/product\/7938\/revisions\/8009"}],"wp:featuredmedia":[{"embeddable":true,"href":"https:\/\/parapharmacieenligne.ma\/en\/wp-json\/wp\/v2\/media\/8008"}],"wp:attachment":[{"href":"https:\/\/parapharmacieenligne.ma\/en\/wp-json\/wp\/v2\/media?parent=7938"}],"wp:term":[{"taxonomy":"product_cat","embeddable":true,"href":"https:\/\/parapharmacieenligne.ma\/en\/wp-json\/wp\/v2\/product_cat?post=7938"},{"taxonomy":"product_tag","embeddable":true,"href":"https:\/\/parapharmacieenligne.ma\/en\/wp-json\/wp\/v2\/product_tag?post=7938"},{"taxonomy":"yith_product_brand","embeddable":true,"href":"https:\/\/parapharmacieenligne.ma\/en\/wp-json\/wp\/v2\/yith_product_brand?post=7938"}],"curies":[{"name":"wp","href":"https:\/\/api.w.org\/{rel}","templated":true}]}}