{"id":7940,"date":"2026-01-26T12:23:06","date_gmt":"2026-01-26T11:23:06","guid":{"rendered":"https:\/\/parapharmacieenligne.ma\/?post_type=product&#038;p=7940"},"modified":"2026-01-26T12:25:15","modified_gmt":"2026-01-26T11:25:15","slug":"avent-protege-mamelon-petite-taille-scf-153-01","status":"publish","type":"product","link":"https:\/\/parapharmacieenligne.ma\/en\/product\/avent-protege-mamelon-petite-taille-scf-153-01\/","title":{"rendered":"Avent Protege Mamelon Petite Taille Scf 153\/01"},"content":{"rendered":"<div aria-labelledby=\"tab-title-description\" class=\"woocommerce-Tabs-panel woocommerce-Tabs-panel--description panel entry-content wc-tab\" id=\"tab-description\" role=\"tabpanel\" style=\"\">\n<h2>Description<\/h2>\n<p>Les prot\u00e8ge-mamelons ne servent qu\u2019en cas de ger\u00e7ures ou de crevasses au sein et doivent \u00eatre utilis\u00e9s sous contr\u00f4le m\u00e9dical. D\u00e9coup\u00e9s pour garder un contact peau \u00e0 peau avec b\u00e9b\u00e9. Votre b\u00e9b\u00e9 peut vous sentir et vous toucher, et continue donc \u00e0 stimuler votre lactation en t\u00e9tant. Il reprendra aussit\u00f4t le mamelon nu d\u00e8s la gu\u00e9rison. En silicone transparente ultrafine, sans go\u00fbt, ni odeur. Boite de 2 mamelons.<\/p>\n<\/p><\/div>","protected":false},"excerpt":{"rendered":"<p>Highlights:Les prot\u00e8ge-mamelons Philips AVENT sont en silicone souple, ultrafine, sans go\u00fbt ni odeur. Ils prot\u00e8gent vos mamelons douloureux ou crevass\u00e9s pendant la t\u00e9t\u00e9e.<\/p>","protected":false},"featured_media":8012,"comment_status":"open","ping_status":"closed","template":"","meta":[],"product_cat":[87],"product_tag":[],"yith_product_brand":[120],"class_list":{"0":"post-7940","1":"product","2":"type-product","3":"status-publish","4":"has-post-thumbnail","6":"product_cat-bebe-et-maman","7":"yith_product_brand-avent","9":"first","10":"instock","11":"sale","12":"shipping-taxable","13":"purchasable","14":"product-type-simple"},"_links":{"self":[{"href":"https:\/\/parapharmacieenligne.ma\/en\/wp-json\/wp\/v2\/product\/7940","targetHints":{"allow":["GET"]}}],"collection":[{"href":"https:\/\/parapharmacieenligne.ma\/en\/wp-json\/wp\/v2\/product"}],"about":[{"href":"https:\/\/parapharmacieenligne.ma\/en\/wp-json\/wp\/v2\/types\/product"}],"replies":[{"embeddable":true,"href":"https:\/\/parapharmacieenligne.ma\/en\/wp-json\/wp\/v2\/comments?post=7940"}],"version-history":[{"count":1,"href":"https:\/\/parapharmacieenligne.ma\/en\/wp-json\/wp\/v2\/product\/7940\/revisions"}],"predecessor-version":[{"id":8013,"href":"https:\/\/parapharmacieenligne.ma\/en\/wp-json\/wp\/v2\/product\/7940\/revisions\/8013"}],"wp:featuredmedia":[{"embeddable":true,"href":"https:\/\/parapharmacieenligne.ma\/en\/wp-json\/wp\/v2\/media\/8012"}],"wp:attachment":[{"href":"https:\/\/parapharmacieenligne.ma\/en\/wp-json\/wp\/v2\/media?parent=7940"}],"wp:term":[{"taxonomy":"product_cat","embeddable":true,"href":"https:\/\/parapharmacieenligne.ma\/en\/wp-json\/wp\/v2\/product_cat?post=7940"},{"taxonomy":"product_tag","embeddable":true,"href":"https:\/\/parapharmacieenligne.ma\/en\/wp-json\/wp\/v2\/product_tag?post=7940"},{"taxonomy":"yith_product_brand","embeddable":true,"href":"https:\/\/parapharmacieenligne.ma\/en\/wp-json\/wp\/v2\/yith_product_brand?post=7940"}],"curies":[{"name":"wp","href":"https:\/\/api.w.org\/{rel}","templated":true}]}}