{"id":7941,"date":"2026-01-26T12:23:06","date_gmt":"2026-01-26T11:23:06","guid":{"rendered":"https:\/\/parapharmacieenligne.ma\/?post_type=product&#038;p=7941"},"modified":"2026-01-26T12:25:21","modified_gmt":"2026-01-26T11:25:21","slug":"avent-sucette-ortho-6-18m-girl-pap-ballo-scf080-04","status":"publish","type":"product","link":"https:\/\/parapharmacieenligne.ma\/en\/product\/avent-sucette-ortho-6-18m-girl-pap-ballo-scf080-04\/","title":{"rendered":"AVENT SUCETTE ORTHO 6-18M GIRL PAP\/BALLO SCF080\/04"},"content":{"rendered":"<div aria-labelledby=\"tab-title-description\" class=\"woocommerce-Tabs-panel woocommerce-Tabs-panel--description panel entry-content wc-tab\" id=\"tab-description\" role=\"tabpanel\" style=\"\">\n<h2>Description<\/h2>\n<p>La sucette ultra air Philips Avent est dot\u00e9e d\u2019a\u00e9rations extra-larges qui maintiennent la peau de votre b\u00e9b\u00e9 au sec. Disponible en diff\u00e9rentes couleurs et conceptions.<\/p>\n<p>A\u00e9rations extra-larges pour plus de confort<br \/>\n \u2013 Laisse la peau de votre b\u00e9b\u00e9 respirer<br \/>\n \u2013 Orthodontique, 0 % BPA<br \/>\n \u2013 Lot de 2<br \/>\n \u2013 0-6 mois<\/p>\n<\/p><\/div>","protected":false},"excerpt":{"rendered":"<p>Highlights:Laisse la peau de votre b\u00e9b\u00e9 respirerR\u00e9confortez votre b\u00e9b\u00e9 avec le confort de la circulation d\u2019air.<\/p>","protected":false},"featured_media":8014,"comment_status":"open","ping_status":"closed","template":"","meta":[],"product_cat":[87],"product_tag":[],"yith_product_brand":[120],"class_list":{"0":"post-7941","1":"product","2":"type-product","3":"status-publish","4":"has-post-thumbnail","6":"product_cat-bebe-et-maman","7":"yith_product_brand-avent","9":"first","10":"instock","11":"sale","12":"shipping-taxable","13":"purchasable","14":"product-type-simple"},"_links":{"self":[{"href":"https:\/\/parapharmacieenligne.ma\/en\/wp-json\/wp\/v2\/product\/7941","targetHints":{"allow":["GET"]}}],"collection":[{"href":"https:\/\/parapharmacieenligne.ma\/en\/wp-json\/wp\/v2\/product"}],"about":[{"href":"https:\/\/parapharmacieenligne.ma\/en\/wp-json\/wp\/v2\/types\/product"}],"replies":[{"embeddable":true,"href":"https:\/\/parapharmacieenligne.ma\/en\/wp-json\/wp\/v2\/comments?post=7941"}],"version-history":[{"count":1,"href":"https:\/\/parapharmacieenligne.ma\/en\/wp-json\/wp\/v2\/product\/7941\/revisions"}],"predecessor-version":[{"id":8015,"href":"https:\/\/parapharmacieenligne.ma\/en\/wp-json\/wp\/v2\/product\/7941\/revisions\/8015"}],"wp:featuredmedia":[{"embeddable":true,"href":"https:\/\/parapharmacieenligne.ma\/en\/wp-json\/wp\/v2\/media\/8014"}],"wp:attachment":[{"href":"https:\/\/parapharmacieenligne.ma\/en\/wp-json\/wp\/v2\/media?parent=7941"}],"wp:term":[{"taxonomy":"product_cat","embeddable":true,"href":"https:\/\/parapharmacieenligne.ma\/en\/wp-json\/wp\/v2\/product_cat?post=7941"},{"taxonomy":"product_tag","embeddable":true,"href":"https:\/\/parapharmacieenligne.ma\/en\/wp-json\/wp\/v2\/product_tag?post=7941"},{"taxonomy":"yith_product_brand","embeddable":true,"href":"https:\/\/parapharmacieenligne.ma\/en\/wp-json\/wp\/v2\/yith_product_brand?post=7941"}],"curies":[{"name":"wp","href":"https:\/\/api.w.org\/{rel}","templated":true}]}}