{"id":7942,"date":"2026-01-26T12:23:06","date_gmt":"2026-01-26T11:23:06","guid":{"rendered":"https:\/\/parapharmacieenligne.ma\/?post_type=product&#038;p=7942"},"modified":"2026-01-26T12:25:31","modified_gmt":"2026-01-26T11:25:31","slug":"avent-sucette-ortho-6-18m-girl-elep-peng","status":"publish","type":"product","link":"https:\/\/parapharmacieenligne.ma\/en\/product\/avent-sucette-ortho-6-18m-girl-elep-peng\/","title":{"rendered":"AVENT SUCETTE ORTHO 6-18M GIRL ELEP\/PENG"},"content":{"rendered":"<div aria-labelledby=\"tab-title-description\" class=\"woocommerce-Tabs-panel woocommerce-Tabs-panel--description panel entry-content wc-tab\" id=\"tab-description\" role=\"tabpanel\" style=\"\">\n<h2>Description<\/h2>\n<p>Le mod\u00e8le ultra air Philips Avent est dot\u00e9 de trous extra-larges qui maintiennent la peau au sec. Sa collerette l\u00e9g\u00e8re est con\u00e7ue pour optimiser la circulation de l\u2019air. Diff\u00e9rents coloris et d\u00e9corations sont disponibles.<\/p>\n<p>Les a\u00e9rations extra-larges permettent \u00e0 la peau de b\u00e9b\u00e9 de respirer<br \/>\n \u2013 Laisse la peau de votre b\u00e9b\u00e9 respirer<br \/>\n \u2013 6-18 mois<br \/>\n \u2013 Orthodontique, 0 % BPA<br \/>\n \u2013 Lot de 2<\/p>\n<\/p><\/div>","protected":false},"excerpt":{"rendered":"<p>Highlights:Une sucette l\u00e9g\u00e8re et a\u00e9r\u00e9eR\u00e9confortez votre b\u00e9b\u00e9 avec une sucette qui laisse respirer la peau.<\/p>","protected":false},"featured_media":8016,"comment_status":"open","ping_status":"closed","template":"","meta":[],"product_cat":[87],"product_tag":[],"yith_product_brand":[120],"class_list":{"0":"post-7942","1":"product","2":"type-product","3":"status-publish","4":"has-post-thumbnail","6":"product_cat-bebe-et-maman","7":"yith_product_brand-avent","9":"first","10":"instock","11":"sale","12":"shipping-taxable","13":"purchasable","14":"product-type-simple"},"_links":{"self":[{"href":"https:\/\/parapharmacieenligne.ma\/en\/wp-json\/wp\/v2\/product\/7942","targetHints":{"allow":["GET"]}}],"collection":[{"href":"https:\/\/parapharmacieenligne.ma\/en\/wp-json\/wp\/v2\/product"}],"about":[{"href":"https:\/\/parapharmacieenligne.ma\/en\/wp-json\/wp\/v2\/types\/product"}],"replies":[{"embeddable":true,"href":"https:\/\/parapharmacieenligne.ma\/en\/wp-json\/wp\/v2\/comments?post=7942"}],"version-history":[{"count":1,"href":"https:\/\/parapharmacieenligne.ma\/en\/wp-json\/wp\/v2\/product\/7942\/revisions"}],"predecessor-version":[{"id":8017,"href":"https:\/\/parapharmacieenligne.ma\/en\/wp-json\/wp\/v2\/product\/7942\/revisions\/8017"}],"wp:featuredmedia":[{"embeddable":true,"href":"https:\/\/parapharmacieenligne.ma\/en\/wp-json\/wp\/v2\/media\/8016"}],"wp:attachment":[{"href":"https:\/\/parapharmacieenligne.ma\/en\/wp-json\/wp\/v2\/media?parent=7942"}],"wp:term":[{"taxonomy":"product_cat","embeddable":true,"href":"https:\/\/parapharmacieenligne.ma\/en\/wp-json\/wp\/v2\/product_cat?post=7942"},{"taxonomy":"product_tag","embeddable":true,"href":"https:\/\/parapharmacieenligne.ma\/en\/wp-json\/wp\/v2\/product_tag?post=7942"},{"taxonomy":"yith_product_brand","embeddable":true,"href":"https:\/\/parapharmacieenligne.ma\/en\/wp-json\/wp\/v2\/yith_product_brand?post=7942"}],"curies":[{"name":"wp","href":"https:\/\/api.w.org\/{rel}","templated":true}]}}