{"id":7944,"date":"2026-01-26T12:23:07","date_gmt":"2026-01-26T11:23:07","guid":{"rendered":"https:\/\/parapharmacieenligne.ma\/?post_type=product&#038;p=7944"},"modified":"2026-01-26T12:25:42","modified_gmt":"2026-01-26T11:25:42","slug":"avent-straw-cup-200ml-7oz-scf796-01","status":"publish","type":"product","link":"https:\/\/parapharmacieenligne.ma\/en\/product\/avent-straw-cup-200ml-7oz-scf796-01\/","title":{"rendered":"Avent Straw Cup 200ml\/7oz scf796\/01"},"content":{"rendered":"<div aria-labelledby=\"tab-title-description\" class=\"woocommerce-Tabs-panel woocommerce-Tabs-panel--description panel entry-content wc-tab\" id=\"tab-description\" role=\"tabpanel\" style=\"\">\n<h2>Description<\/h2>\n<p><strong><span>Permet un d\u00e9veloppement buccal sain*<\/span><\/strong><\/p>\n<p class=\"p-body-copy-02\"><span>Le gobelet \u00e0 paille Philips Avent Bendy avec poign\u00e9es ergonomiques est id\u00e9al pour les premi\u00e8res gorg\u00e9es avec une paille et permet un d\u00e9veloppement buccal sain.* D\u00e9velopp\u00e9 avec des experts pour en faire notre meilleur gobelet \u00e0 paille possible.<\/span><\/p>\n<\/p><\/div>","protected":false},"excerpt":{"rendered":"<p>Highlights:\u00c0 propos de cet article1 tasse avec paille r\u00e9tractableSyst\u00e8me de fermeture garanti antifuitesNouveau design ergonomique pour faciliter la prise en mainDesign gar\u00e7on 200 mlFacile \u00e0 nettoyer \/ compatible lave vaisselle<\/p>","protected":false},"featured_media":8020,"comment_status":"open","ping_status":"closed","template":"","meta":[],"product_cat":[87],"product_tag":[],"yith_product_brand":[120],"class_list":{"0":"post-7944","1":"product","2":"type-product","3":"status-publish","4":"has-post-thumbnail","6":"product_cat-bebe-et-maman","7":"yith_product_brand-avent","9":"first","10":"instock","11":"sale","12":"shipping-taxable","13":"purchasable","14":"product-type-simple"},"_links":{"self":[{"href":"https:\/\/parapharmacieenligne.ma\/en\/wp-json\/wp\/v2\/product\/7944","targetHints":{"allow":["GET"]}}],"collection":[{"href":"https:\/\/parapharmacieenligne.ma\/en\/wp-json\/wp\/v2\/product"}],"about":[{"href":"https:\/\/parapharmacieenligne.ma\/en\/wp-json\/wp\/v2\/types\/product"}],"replies":[{"embeddable":true,"href":"https:\/\/parapharmacieenligne.ma\/en\/wp-json\/wp\/v2\/comments?post=7944"}],"version-history":[{"count":1,"href":"https:\/\/parapharmacieenligne.ma\/en\/wp-json\/wp\/v2\/product\/7944\/revisions"}],"predecessor-version":[{"id":8021,"href":"https:\/\/parapharmacieenligne.ma\/en\/wp-json\/wp\/v2\/product\/7944\/revisions\/8021"}],"wp:featuredmedia":[{"embeddable":true,"href":"https:\/\/parapharmacieenligne.ma\/en\/wp-json\/wp\/v2\/media\/8020"}],"wp:attachment":[{"href":"https:\/\/parapharmacieenligne.ma\/en\/wp-json\/wp\/v2\/media?parent=7944"}],"wp:term":[{"taxonomy":"product_cat","embeddable":true,"href":"https:\/\/parapharmacieenligne.ma\/en\/wp-json\/wp\/v2\/product_cat?post=7944"},{"taxonomy":"product_tag","embeddable":true,"href":"https:\/\/parapharmacieenligne.ma\/en\/wp-json\/wp\/v2\/product_tag?post=7944"},{"taxonomy":"yith_product_brand","embeddable":true,"href":"https:\/\/parapharmacieenligne.ma\/en\/wp-json\/wp\/v2\/yith_product_brand?post=7944"}],"curies":[{"name":"wp","href":"https:\/\/api.w.org\/{rel}","templated":true}]}}