{"id":7953,"date":"2026-01-26T12:23:33","date_gmt":"2026-01-26T11:23:33","guid":{"rendered":"https:\/\/parapharmacieenligne.ma\/?post_type=product&#038;p=7953"},"modified":"2026-01-26T12:25:47","modified_gmt":"2026-01-26T11:25:47","slug":"avent-biberon-natural-dapprentissage-150-ml-5oz-scf262-06","status":"publish","type":"product","link":"https:\/\/parapharmacieenligne.ma\/en\/product\/avent-biberon-natural-dapprentissage-150-ml-5oz-scf262-06\/","title":{"rendered":"AVENT BIBERON NATURAL D\u2019APPRENTISSAGE 150 ML \/ 5OZ SCF262\/06"},"content":{"rendered":"<div aria-labelledby=\"tab-title-description\" class=\"woocommerce-Tabs-panel woocommerce-Tabs-panel--description panel entry-content wc-tab\" id=\"tab-description\" role=\"tabpanel\" style=\"\">\n<h2>Description<\/h2>\n<p><strong>Aidez votre b\u00e9b\u00e9 \u00e0 passer du biberon \u00e0 la tasse<\/strong><br \/>\n Notre nouvelle tasse d\u2019apprentissage Natural aide votre b\u00e9b\u00e9 \u00e0 passer du biberon \u00e0 sa premi\u00e8re tasse. Gr\u00e2ce aux poign\u00e9es ergonomiques, votre b\u00e9b\u00e9 peut tenir son biberon tout seul, tout en continuant \u00e0 utiliser une t\u00e9tine qui lui est famili\u00e8re.<\/p>\n<p>\u2013 Poign\u00e9es d\u2019apprentissage douces pour les petites mains<br \/>\n \u2013 Valve anti-coliques con\u00e7ue pour r\u00e9duire le risque de coliques et d\u2019inconfort<br \/>\n \u2013 Toutes les pi\u00e8ces peuvent aller au lave-vaisselle.<br \/>\n \u2013 Compatible avec les biberons et gobelets Philips Avent<br \/>\n \u2013 Design flexible en spirale associ\u00e9 \u00e0 des alv\u00e9oles de confort<\/p>\n<\/p><\/div>","protected":false},"excerpt":{"rendered":"<p>Highlights:Notre nouvelle tasse d\u2019apprentissage Natural aide votre b\u00e9b\u00e9 \u00e0 passer du biberon \u00e0 sa premi\u00e8re tasse.<\/p>","protected":false},"featured_media":8022,"comment_status":"open","ping_status":"closed","template":"","meta":[],"product_cat":[87],"product_tag":[],"yith_product_brand":[120],"class_list":{"0":"post-7953","1":"product","2":"type-product","3":"status-publish","4":"has-post-thumbnail","6":"product_cat-bebe-et-maman","7":"yith_product_brand-avent","9":"first","10":"instock","11":"sale","12":"shipping-taxable","13":"purchasable","14":"product-type-simple"},"_links":{"self":[{"href":"https:\/\/parapharmacieenligne.ma\/en\/wp-json\/wp\/v2\/product\/7953","targetHints":{"allow":["GET"]}}],"collection":[{"href":"https:\/\/parapharmacieenligne.ma\/en\/wp-json\/wp\/v2\/product"}],"about":[{"href":"https:\/\/parapharmacieenligne.ma\/en\/wp-json\/wp\/v2\/types\/product"}],"replies":[{"embeddable":true,"href":"https:\/\/parapharmacieenligne.ma\/en\/wp-json\/wp\/v2\/comments?post=7953"}],"version-history":[{"count":1,"href":"https:\/\/parapharmacieenligne.ma\/en\/wp-json\/wp\/v2\/product\/7953\/revisions"}],"predecessor-version":[{"id":8023,"href":"https:\/\/parapharmacieenligne.ma\/en\/wp-json\/wp\/v2\/product\/7953\/revisions\/8023"}],"wp:featuredmedia":[{"embeddable":true,"href":"https:\/\/parapharmacieenligne.ma\/en\/wp-json\/wp\/v2\/media\/8022"}],"wp:attachment":[{"href":"https:\/\/parapharmacieenligne.ma\/en\/wp-json\/wp\/v2\/media?parent=7953"}],"wp:term":[{"taxonomy":"product_cat","embeddable":true,"href":"https:\/\/parapharmacieenligne.ma\/en\/wp-json\/wp\/v2\/product_cat?post=7953"},{"taxonomy":"product_tag","embeddable":true,"href":"https:\/\/parapharmacieenligne.ma\/en\/wp-json\/wp\/v2\/product_tag?post=7953"},{"taxonomy":"yith_product_brand","embeddable":true,"href":"https:\/\/parapharmacieenligne.ma\/en\/wp-json\/wp\/v2\/yith_product_brand?post=7953"}],"curies":[{"name":"wp","href":"https:\/\/api.w.org\/{rel}","templated":true}]}}