{"id":7954,"date":"2026-01-26T12:23:33","date_gmt":"2026-01-26T11:23:33","guid":{"rendered":"https:\/\/parapharmacieenligne.ma\/?post_type=product&#038;p=7954"},"modified":"2026-01-26T12:25:57","modified_gmt":"2026-01-26T11:25:57","slug":"avent-chauffe-biberon-rapide-scf355-07","status":"publish","type":"product","link":"https:\/\/parapharmacieenligne.ma\/en\/product\/avent-chauffe-biberon-rapide-scf355-07\/","title":{"rendered":"Avent Chauffe-biberon rapide SCF355\/07"},"content":{"rendered":"<div aria-labelledby=\"tab-title-description\" class=\"woocommerce-Tabs-panel woocommerce-Tabs-panel--description panel entry-content wc-tab\" id=\"tab-description\" role=\"tabpanel\" style=\"\">\n<h2>Description<\/h2>\n<p>Lorsque le temps vous manque, le chauffe-biberon Philips Avent chauffe votre lait rapidement et uniform\u00e9ment, en \u00e0 peine 3 minutes. Facile \u00e0 utiliser, il est dot\u00e9 d\u2019un r\u00e9glage de d\u00e9cong\u00e9lation pratique et peut \u00e9galement servir \u00e0 chauffer les petits pots de b\u00e9b\u00e9.<\/p>\n<p><strong>Chauffe les biberons en 3 minutes<\/strong><br \/>\n Le chauffe-biberon chauffe 150 ml de lait en seulement 3 minutes.*<\/p>\n<p><strong>R\u00e9chauffe vite et uniform\u00e9ment<\/strong><br \/>\n Le chauffe-biberon chauffe rapidement et uniform\u00e9ment. Le lait est constamment m\u00e9lang\u00e9 pendant qu\u2019il chauffe, afin d\u2019\u00e9viter la formation de points chauds.<\/p>\n<p><strong>Maintien au chaud<\/strong><br \/>\n Ce r\u00e9glage permet de chauffer le lait doucement et de le maintenir \u00e0 la bonne temp\u00e9rature, pour qu\u2019il soit pr\u00eat quand vous en avez besoin.<\/p>\n<\/p><\/div>","protected":false},"excerpt":{"rendered":"<p>Highlights:Chauffe uniform\u00e9ment sans points chaudsChauffe rapidementD\u00e9cong\u00e9lation en douceurFonction maintien au chaud<\/p>","protected":false},"featured_media":8024,"comment_status":"open","ping_status":"closed","template":"","meta":[],"product_cat":[87],"product_tag":[],"yith_product_brand":[120],"class_list":{"0":"post-7954","1":"product","2":"type-product","3":"status-publish","4":"has-post-thumbnail","6":"product_cat-bebe-et-maman","7":"yith_product_brand-avent","9":"first","10":"instock","11":"sale","12":"shipping-taxable","13":"purchasable","14":"product-type-simple"},"_links":{"self":[{"href":"https:\/\/parapharmacieenligne.ma\/en\/wp-json\/wp\/v2\/product\/7954","targetHints":{"allow":["GET"]}}],"collection":[{"href":"https:\/\/parapharmacieenligne.ma\/en\/wp-json\/wp\/v2\/product"}],"about":[{"href":"https:\/\/parapharmacieenligne.ma\/en\/wp-json\/wp\/v2\/types\/product"}],"replies":[{"embeddable":true,"href":"https:\/\/parapharmacieenligne.ma\/en\/wp-json\/wp\/v2\/comments?post=7954"}],"version-history":[{"count":1,"href":"https:\/\/parapharmacieenligne.ma\/en\/wp-json\/wp\/v2\/product\/7954\/revisions"}],"predecessor-version":[{"id":8025,"href":"https:\/\/parapharmacieenligne.ma\/en\/wp-json\/wp\/v2\/product\/7954\/revisions\/8025"}],"wp:featuredmedia":[{"embeddable":true,"href":"https:\/\/parapharmacieenligne.ma\/en\/wp-json\/wp\/v2\/media\/8024"}],"wp:attachment":[{"href":"https:\/\/parapharmacieenligne.ma\/en\/wp-json\/wp\/v2\/media?parent=7954"}],"wp:term":[{"taxonomy":"product_cat","embeddable":true,"href":"https:\/\/parapharmacieenligne.ma\/en\/wp-json\/wp\/v2\/product_cat?post=7954"},{"taxonomy":"product_tag","embeddable":true,"href":"https:\/\/parapharmacieenligne.ma\/en\/wp-json\/wp\/v2\/product_tag?post=7954"},{"taxonomy":"yith_product_brand","embeddable":true,"href":"https:\/\/parapharmacieenligne.ma\/en\/wp-json\/wp\/v2\/yith_product_brand?post=7954"}],"curies":[{"name":"wp","href":"https:\/\/api.w.org\/{rel}","templated":true}]}}