{"id":7956,"date":"2026-01-26T12:23:33","date_gmt":"2026-01-26T11:23:33","guid":{"rendered":"https:\/\/parapharmacieenligne.ma\/?post_type=product&#038;p=7956"},"modified":"2026-01-26T12:26:03","modified_gmt":"2026-01-26T11:26:03","slug":"avent-coussinets-par-jour-24-scf254-24","status":"publish","type":"product","link":"https:\/\/parapharmacieenligne.ma\/en\/product\/avent-coussinets-par-jour-24-scf254-24\/","title":{"rendered":"AVENT COUSSINETS PAR JOUR 24 SCF254\/24"},"content":{"rendered":"<div aria-labelledby=\"tab-title-description\" class=\"woocommerce-Tabs-panel woocommerce-Tabs-panel--description panel entry-content wc-tab\" id=\"tab-description\" role=\"tabpanel\" style=\"\">\n<h2>Description<\/h2>\n<p>Les coussinets d\u2019allaitement jetables Philips Avent vous accompagnent tout au long de votre p\u00e9riode d\u2019allaitement. Gr\u00e2ce \u00e0 leur texture alv\u00e9ol\u00e9e, \u00e0 leur couche ultra-fine et ultra-absorbante ainsi qu\u2019\u00e0 leur design anti-fuites respirant, ils sont confortables et vous laissent la peau s\u00e8che de jour comme de nuit.<br \/>\n \u2013 Voile sup\u00e9rieur alv\u00e9ol\u00e9<br \/>\n \u2013 Mati\u00e8re ultra-absorbante et c\u0153ur triple couche<br \/>\n \u2013 Couche externe anti-fuites et respirante<br \/>\n \u2013 Emballage individuel hygi\u00e9nique<br \/>\n \u2013 2 bandes adh\u00e9sives pour maintenir le coussinet en place<\/p>\n<\/p><\/div>","protected":false},"excerpt":{"rendered":"<p>Highlights:Les coussinets d\u2019allaitement jetables Philips Avent vous accompagnent tout au long de votre p\u00e9riode d\u2019allaitement.<\/p>","protected":false},"featured_media":8028,"comment_status":"open","ping_status":"closed","template":"","meta":[],"product_cat":[87],"product_tag":[],"yith_product_brand":[120],"class_list":{"0":"post-7956","1":"product","2":"type-product","3":"status-publish","4":"has-post-thumbnail","6":"product_cat-bebe-et-maman","7":"yith_product_brand-avent","9":"first","10":"instock","11":"sale","12":"shipping-taxable","13":"purchasable","14":"product-type-simple"},"_links":{"self":[{"href":"https:\/\/parapharmacieenligne.ma\/en\/wp-json\/wp\/v2\/product\/7956","targetHints":{"allow":["GET"]}}],"collection":[{"href":"https:\/\/parapharmacieenligne.ma\/en\/wp-json\/wp\/v2\/product"}],"about":[{"href":"https:\/\/parapharmacieenligne.ma\/en\/wp-json\/wp\/v2\/types\/product"}],"replies":[{"embeddable":true,"href":"https:\/\/parapharmacieenligne.ma\/en\/wp-json\/wp\/v2\/comments?post=7956"}],"version-history":[{"count":1,"href":"https:\/\/parapharmacieenligne.ma\/en\/wp-json\/wp\/v2\/product\/7956\/revisions"}],"predecessor-version":[{"id":8029,"href":"https:\/\/parapharmacieenligne.ma\/en\/wp-json\/wp\/v2\/product\/7956\/revisions\/8029"}],"wp:featuredmedia":[{"embeddable":true,"href":"https:\/\/parapharmacieenligne.ma\/en\/wp-json\/wp\/v2\/media\/8028"}],"wp:attachment":[{"href":"https:\/\/parapharmacieenligne.ma\/en\/wp-json\/wp\/v2\/media?parent=7956"}],"wp:term":[{"taxonomy":"product_cat","embeddable":true,"href":"https:\/\/parapharmacieenligne.ma\/en\/wp-json\/wp\/v2\/product_cat?post=7956"},{"taxonomy":"product_tag","embeddable":true,"href":"https:\/\/parapharmacieenligne.ma\/en\/wp-json\/wp\/v2\/product_tag?post=7956"},{"taxonomy":"yith_product_brand","embeddable":true,"href":"https:\/\/parapharmacieenligne.ma\/en\/wp-json\/wp\/v2\/yith_product_brand?post=7956"}],"curies":[{"name":"wp","href":"https:\/\/api.w.org\/{rel}","templated":true}]}}