{"id":7968,"date":"2026-01-26T12:23:59","date_gmt":"2026-01-26T11:23:59","guid":{"rendered":"https:\/\/parapharmacieenligne.ma\/?post_type=product&#038;p=7968"},"modified":"2026-01-26T12:26:08","modified_gmt":"2026-01-26T11:26:08","slug":"avent-sterilisateur-scf291-00","status":"publish","type":"product","link":"https:\/\/parapharmacieenligne.ma\/en\/product\/avent-sterilisateur-scf291-00\/","title":{"rendered":"AVENT STERILISATEUR SCF291\/00"},"content":{"rendered":"<div id=\"tab-description\" class=\"woocommerce-Tabs-panel woocommerce-Tabs-panel--description panel entry-content wc-tab\" role=\"tabpanel\" aria-labelledby=\"tab-title-description\">\n<h2>Description<\/h2>\n<div class=\"details-accordion__content-title\">\n<p> <strong>St\u00e9rilisation en seulement 10 minutes<\/strong><br \/>\n \u2013 Dites adieu aux bact\u00e9ries nocives<br \/>\n \u2013 Un cycle de st\u00e9rilisation dure seulement 10 minutes<br \/>\n \u2013 Con\u00e7u pour r\u00e9duire le risque d\u2019odeurs d\u00e9sagr\u00e9ables<br \/>\n \u2013 Notre st\u00e9rilisateur est con\u00e7u pour \u00e9conomiser l\u2019espace<br \/>\n \u2013 Reste st\u00e9rilis\u00e9 pendant 24 heures*<\/p>\n<p> *R\u00e9sultats de tests fournis par un laboratoire ind\u00e9pendant.<\/p><\/div>\n<\/p><\/div>","protected":false},"excerpt":{"rendered":"<p>Highlights:St\u00e9rilisez et rangezSt\u00e9rilisez jusqu\u2019\u00e0 six biberons et leurs accessoires en 10 minutes seulement. Le st\u00e9rilisateur avanc\u00e9 de biberons, mince mais spacieux, \u00e9limine 99,9 % des microbes* rapidement et efficacement pour que vous ayez l\u2019esprit tranquille \u00e0 chaque t\u00e9t\u00e9e.<\/p>","protected":false},"featured_media":8030,"comment_status":"open","ping_status":"closed","template":"","meta":[],"product_cat":[87],"product_tag":[],"yith_product_brand":[120],"class_list":{"0":"post-7968","1":"product","2":"type-product","3":"status-publish","4":"has-post-thumbnail","6":"product_cat-bebe-et-maman","7":"yith_product_brand-avent","9":"first","10":"instock","11":"sale","12":"shipping-taxable","13":"purchasable","14":"product-type-simple"},"_links":{"self":[{"href":"https:\/\/parapharmacieenligne.ma\/en\/wp-json\/wp\/v2\/product\/7968","targetHints":{"allow":["GET"]}}],"collection":[{"href":"https:\/\/parapharmacieenligne.ma\/en\/wp-json\/wp\/v2\/product"}],"about":[{"href":"https:\/\/parapharmacieenligne.ma\/en\/wp-json\/wp\/v2\/types\/product"}],"replies":[{"embeddable":true,"href":"https:\/\/parapharmacieenligne.ma\/en\/wp-json\/wp\/v2\/comments?post=7968"}],"version-history":[{"count":1,"href":"https:\/\/parapharmacieenligne.ma\/en\/wp-json\/wp\/v2\/product\/7968\/revisions"}],"predecessor-version":[{"id":8031,"href":"https:\/\/parapharmacieenligne.ma\/en\/wp-json\/wp\/v2\/product\/7968\/revisions\/8031"}],"wp:featuredmedia":[{"embeddable":true,"href":"https:\/\/parapharmacieenligne.ma\/en\/wp-json\/wp\/v2\/media\/8030"}],"wp:attachment":[{"href":"https:\/\/parapharmacieenligne.ma\/en\/wp-json\/wp\/v2\/media?parent=7968"}],"wp:term":[{"taxonomy":"product_cat","embeddable":true,"href":"https:\/\/parapharmacieenligne.ma\/en\/wp-json\/wp\/v2\/product_cat?post=7968"},{"taxonomy":"product_tag","embeddable":true,"href":"https:\/\/parapharmacieenligne.ma\/en\/wp-json\/wp\/v2\/product_tag?post=7968"},{"taxonomy":"yith_product_brand","embeddable":true,"href":"https:\/\/parapharmacieenligne.ma\/en\/wp-json\/wp\/v2\/yith_product_brand?post=7968"}],"curies":[{"name":"wp","href":"https:\/\/api.w.org\/{rel}","templated":true}]}}