{"id":7973,"date":"2026-01-26T12:24:02","date_gmt":"2026-01-26T11:24:02","guid":{"rendered":"https:\/\/parapharmacieenligne.ma\/?post_type=product&#038;p=7973"},"modified":"2026-01-26T12:26:39","modified_gmt":"2026-01-26T11:26:39","slug":"avent-straw-cup-200ml-7oz-single-mixed-scf796-00","status":"publish","type":"product","link":"https:\/\/parapharmacieenligne.ma\/en\/product\/avent-straw-cup-200ml-7oz-single-mixed-scf796-00\/","title":{"rendered":"Avent Straw Cup 200ml\/7oz Single Mixed scf796\/00"},"content":{"rendered":"","protected":false},"excerpt":{"rendered":"<p>Highlights:Le gobelet \u00e0 paille Philips Avent Bendy avec poign\u00e9es ergonomiques est id\u00e9al pour les premi\u00e8res gorg\u00e9es d\u2019une paille et permet un d\u00e9veloppement buccal sain.* D\u00e9velopp\u00e9 avec des experts pour en faire notre meilleur gobelet \u00e0 paille possible<\/p>","protected":false},"featured_media":8040,"comment_status":"open","ping_status":"closed","template":"","meta":[],"product_cat":[87],"product_tag":[],"yith_product_brand":[120],"class_list":{"0":"post-7973","1":"product","2":"type-product","3":"status-publish","4":"has-post-thumbnail","6":"product_cat-bebe-et-maman","7":"yith_product_brand-avent","9":"first","10":"instock","11":"sale","12":"shipping-taxable","13":"purchasable","14":"product-type-simple"},"_links":{"self":[{"href":"https:\/\/parapharmacieenligne.ma\/en\/wp-json\/wp\/v2\/product\/7973","targetHints":{"allow":["GET"]}}],"collection":[{"href":"https:\/\/parapharmacieenligne.ma\/en\/wp-json\/wp\/v2\/product"}],"about":[{"href":"https:\/\/parapharmacieenligne.ma\/en\/wp-json\/wp\/v2\/types\/product"}],"replies":[{"embeddable":true,"href":"https:\/\/parapharmacieenligne.ma\/en\/wp-json\/wp\/v2\/comments?post=7973"}],"version-history":[{"count":1,"href":"https:\/\/parapharmacieenligne.ma\/en\/wp-json\/wp\/v2\/product\/7973\/revisions"}],"predecessor-version":[{"id":8041,"href":"https:\/\/parapharmacieenligne.ma\/en\/wp-json\/wp\/v2\/product\/7973\/revisions\/8041"}],"wp:featuredmedia":[{"embeddable":true,"href":"https:\/\/parapharmacieenligne.ma\/en\/wp-json\/wp\/v2\/media\/8040"}],"wp:attachment":[{"href":"https:\/\/parapharmacieenligne.ma\/en\/wp-json\/wp\/v2\/media?parent=7973"}],"wp:term":[{"taxonomy":"product_cat","embeddable":true,"href":"https:\/\/parapharmacieenligne.ma\/en\/wp-json\/wp\/v2\/product_cat?post=7973"},{"taxonomy":"product_tag","embeddable":true,"href":"https:\/\/parapharmacieenligne.ma\/en\/wp-json\/wp\/v2\/product_tag?post=7973"},{"taxonomy":"yith_product_brand","embeddable":true,"href":"https:\/\/parapharmacieenligne.ma\/en\/wp-json\/wp\/v2\/yith_product_brand?post=7973"}],"curies":[{"name":"wp","href":"https:\/\/api.w.org\/{rel}","templated":true}]}}