{"id":7984,"date":"2026-01-26T12:24:25","date_gmt":"2026-01-26T11:24:25","guid":{"rendered":"https:\/\/parapharmacieenligne.ma\/?post_type=product&#038;p=7984"},"modified":"2026-01-26T12:26:48","modified_gmt":"2026-01-26T11:26:48","slug":"avent-straw-cup-300ml-10oz-single-mixed-scf798-00","status":"publish","type":"product","link":"https:\/\/parapharmacieenligne.ma\/en\/product\/avent-straw-cup-300ml-10oz-single-mixed-scf798-00\/","title":{"rendered":"Avent Straw Cup 300ml\/10oz Single Mixed scf798\/00"},"content":{"rendered":"<div aria-labelledby=\"tab-title-description\" class=\"woocommerce-Tabs-panel woocommerce-Tabs-panel--description panel entry-content wc-tab\" id=\"tab-description\" role=\"tabpanel\" style=\"\">\n<h2>Description<\/h2>\n<p><span>Cette tasse en paille permet un d\u00e9veloppement bucco-dentaire sain; paille courte con\u00e7ue pour permettre le mouvement naturel de la langue et le processus de d\u00e9glutition.<\/span><\/p>\n<p><strong><span><strong>Caract\u00e9ristiques : <\/strong> <\/span><\/strong><\/p>\n<p><span>\u2013 Permet un d\u00e9veloppement bucco-dentaire sain<\/span><br \/>\n <span>\u2013 100 % \u00e9tanche<\/span><br \/>\n <span>\u2013 Tasse en paille courb\u00e9e<\/span><br \/>\n <span>\u2013 Convient \u00e0 partir de 12 m +<\/span><br \/>\n <span>\u2013 300 ml.<\/span><\/p>\n<\/p><\/div>","protected":false},"excerpt":{"rendered":"<p>Highlights:Cette tasse en paille permet un d\u00e9veloppement bucco-dentaire sain; paille courte con\u00e7ue pour permettre le mouvement naturel de la langue et le processus de d\u00e9glutition.<\/p>","protected":false},"featured_media":8042,"comment_status":"open","ping_status":"closed","template":"","meta":[],"product_cat":[87],"product_tag":[],"yith_product_brand":[120],"class_list":{"0":"post-7984","1":"product","2":"type-product","3":"status-publish","4":"has-post-thumbnail","6":"product_cat-bebe-et-maman","7":"yith_product_brand-avent","9":"first","10":"instock","11":"sale","12":"shipping-taxable","13":"purchasable","14":"product-type-simple"},"_links":{"self":[{"href":"https:\/\/parapharmacieenligne.ma\/en\/wp-json\/wp\/v2\/product\/7984","targetHints":{"allow":["GET"]}}],"collection":[{"href":"https:\/\/parapharmacieenligne.ma\/en\/wp-json\/wp\/v2\/product"}],"about":[{"href":"https:\/\/parapharmacieenligne.ma\/en\/wp-json\/wp\/v2\/types\/product"}],"replies":[{"embeddable":true,"href":"https:\/\/parapharmacieenligne.ma\/en\/wp-json\/wp\/v2\/comments?post=7984"}],"version-history":[{"count":1,"href":"https:\/\/parapharmacieenligne.ma\/en\/wp-json\/wp\/v2\/product\/7984\/revisions"}],"predecessor-version":[{"id":8043,"href":"https:\/\/parapharmacieenligne.ma\/en\/wp-json\/wp\/v2\/product\/7984\/revisions\/8043"}],"wp:featuredmedia":[{"embeddable":true,"href":"https:\/\/parapharmacieenligne.ma\/en\/wp-json\/wp\/v2\/media\/8042"}],"wp:attachment":[{"href":"https:\/\/parapharmacieenligne.ma\/en\/wp-json\/wp\/v2\/media?parent=7984"}],"wp:term":[{"taxonomy":"product_cat","embeddable":true,"href":"https:\/\/parapharmacieenligne.ma\/en\/wp-json\/wp\/v2\/product_cat?post=7984"},{"taxonomy":"product_tag","embeddable":true,"href":"https:\/\/parapharmacieenligne.ma\/en\/wp-json\/wp\/v2\/product_tag?post=7984"},{"taxonomy":"yith_product_brand","embeddable":true,"href":"https:\/\/parapharmacieenligne.ma\/en\/wp-json\/wp\/v2\/yith_product_brand?post=7984"}],"curies":[{"name":"wp","href":"https:\/\/api.w.org\/{rel}","templated":true}]}}