{"id":7985,"date":"2026-01-26T12:24:26","date_gmt":"2026-01-26T11:24:26","guid":{"rendered":"https:\/\/parapharmacieenligne.ma\/?post_type=product&#038;p=7985"},"modified":"2026-01-26T12:26:54","modified_gmt":"2026-01-26T11:26:54","slug":"avent-tetine-1mois-2t-scf-632-27","status":"publish","type":"product","link":"https:\/\/parapharmacieenligne.ma\/en\/product\/avent-tetine-1mois-2t-scf-632-27\/","title":{"rendered":"Avent Tetine 1Mois+\/2T Scf 632\/27"},"content":{"rendered":"<div aria-labelledby=\"tab-title-description\" class=\"woocommerce-Tabs-panel woocommerce-Tabs-panel--description panel entry-content wc-tab\" id=\"tab-description\" role=\"tabpanel\" style=\"\">\n<h2>Description<\/h2>\n<p><span>Avec la t\u00e9tine Philips Avent Classic 1M+, votre b\u00e9b\u00e9 contr\u00f4le le d\u00e9bit de lait, ce qui peut aider \u00e0 r\u00e9duire<\/span><br \/>\n <span>les exc\u00e8s alimentaires et les r\u00e9gurgitations. La jupe unique se plie pour permettre \u00e0 l\u2019air d\u2019entrer dans le biberon et favorise<\/span><br \/>\n <span>une alimentation saine et active et r\u00e9duit les agitations et les coliques.<\/span><br \/>\n <span>T\u00e9t\u00e9e plus confortable au rythme choisi par b\u00e9b\u00e9<\/span><br \/>\n <span>\u2022 Prise du sein facile gr\u00e2ce \u00e0 la valve unique sur la t\u00e9tine<\/span><br \/>\n <span>R\u00e9duit l\u2019agitation et l\u2019inconfort<\/span><br \/>\n <span>\u2022 Il a \u00e9t\u00e9 cliniquement prouv\u00e9 qu\u2019il r\u00e9duit consid\u00e9rablement l\u2019agitation<\/span><br \/>\n <span>L\u2019air p\u00e9n\u00e8tre dans le biberon et non dans le ventre de b\u00e9b\u00e9<\/span><br \/>\n <span>\u2022 Syst\u00e8me anti-colique unique<\/span><br \/>\n <span>Sans BPA (0 % Bisph\u00e9nol A)<\/span><br \/>\n <span>\u2022 T\u00e9tine sans BPA<\/span><br \/>\n <span>Autres avantages<\/span><br \/>\n <span>\u2022 T\u00e9tines \u00e0 diff\u00e9rents d\u00e9bits disponibles<\/span><br \/>\n <span>\u2022 Compatible avec le biberon Classic<\/span><\/p>\n<\/p><\/div>","protected":false},"excerpt":{"rendered":"<p>Highlights:T\u00e9tine en silicone extra souple avec valve anti-colique int\u00e9gr\u00e9e.\u00c0 utiliser uniquement avec les biberons Philips AVENT Classic.<\/p>","protected":false},"featured_media":8044,"comment_status":"open","ping_status":"closed","template":"","meta":[],"product_cat":[87],"product_tag":[],"yith_product_brand":[120],"class_list":{"0":"post-7985","1":"product","2":"type-product","3":"status-publish","4":"has-post-thumbnail","6":"product_cat-bebe-et-maman","7":"yith_product_brand-avent","9":"first","10":"instock","11":"sale","12":"shipping-taxable","13":"purchasable","14":"product-type-simple"},"_links":{"self":[{"href":"https:\/\/parapharmacieenligne.ma\/en\/wp-json\/wp\/v2\/product\/7985","targetHints":{"allow":["GET"]}}],"collection":[{"href":"https:\/\/parapharmacieenligne.ma\/en\/wp-json\/wp\/v2\/product"}],"about":[{"href":"https:\/\/parapharmacieenligne.ma\/en\/wp-json\/wp\/v2\/types\/product"}],"replies":[{"embeddable":true,"href":"https:\/\/parapharmacieenligne.ma\/en\/wp-json\/wp\/v2\/comments?post=7985"}],"version-history":[{"count":1,"href":"https:\/\/parapharmacieenligne.ma\/en\/wp-json\/wp\/v2\/product\/7985\/revisions"}],"predecessor-version":[{"id":8045,"href":"https:\/\/parapharmacieenligne.ma\/en\/wp-json\/wp\/v2\/product\/7985\/revisions\/8045"}],"wp:featuredmedia":[{"embeddable":true,"href":"https:\/\/parapharmacieenligne.ma\/en\/wp-json\/wp\/v2\/media\/8044"}],"wp:attachment":[{"href":"https:\/\/parapharmacieenligne.ma\/en\/wp-json\/wp\/v2\/media?parent=7985"}],"wp:term":[{"taxonomy":"product_cat","embeddable":true,"href":"https:\/\/parapharmacieenligne.ma\/en\/wp-json\/wp\/v2\/product_cat?post=7985"},{"taxonomy":"product_tag","embeddable":true,"href":"https:\/\/parapharmacieenligne.ma\/en\/wp-json\/wp\/v2\/product_tag?post=7985"},{"taxonomy":"yith_product_brand","embeddable":true,"href":"https:\/\/parapharmacieenligne.ma\/en\/wp-json\/wp\/v2\/yith_product_brand?post=7985"}],"curies":[{"name":"wp","href":"https:\/\/api.w.org\/{rel}","templated":true}]}}