{"id":7986,"date":"2026-01-26T12:24:26","date_gmt":"2026-01-26T11:24:26","guid":{"rendered":"https:\/\/parapharmacieenligne.ma\/?post_type=product&#038;p=7986"},"modified":"2026-01-26T12:26:59","modified_gmt":"2026-01-26T11:26:59","slug":"avent-sucette-ultra-air-6-18mois-garcon","status":"publish","type":"product","link":"https:\/\/parapharmacieenligne.ma\/en\/product\/avent-sucette-ultra-air-6-18mois-garcon\/","title":{"rendered":"AVENT Sucette Ultra Air 6-18Mois \u2013 Gar\u00e7on"},"content":{"rendered":"<div aria-labelledby=\"tab-title-description\" class=\"woocommerce-Tabs-panel woocommerce-Tabs-panel--description panel entry-content wc-tab\" id=\"tab-description\" role=\"tabpanel\" style=\"\">\n<h2>Description<\/h2>\n<p>Des trous d\u2019a\u00e9ration extra larges a\u00e8rent doucement la peau de votre b\u00e9b\u00e9, la gardant douce et s\u00e8che.<br \/>\n Tout dans la sucette ultra air est con\u00e7u pour \u00eatre l\u00e9ger et confortable, y compris la t\u00e9tine soyeuse.<br \/>\n Lorsque nous avons demand\u00e9 aux mamans comment leurs tout-petits r\u00e9agissaient \u00e0 nos t\u00e9tines textur\u00e9es en silicone, 98 % en moyenne ont r\u00e9pondu que leur b\u00e9b\u00e9 acceptait les sucettes ultra douces et ultra air Philips Avent.<br \/>\n Prenez soin du d\u00e9veloppement buccal de votre tout-petit avec une t\u00e9tine sym\u00e9trique qui respecte la forme naturelle de son palais, de ses dents et de ses gencives.<br \/>\n L\u2019\u00e9tui de voyage ultra a\u00e9rien sert \u00e9galement de st\u00e9rilisateur, il vous suffit donc d\u2019ajouter un peu d\u2019eau et de le mettre au micro-ondes. Alors soyez tranquille, il est propre pour la prochaine utilisation.<br \/>\n La collection ultra air est toujours tendance. Ses designs lumineux et color\u00e9s vous permettent, \u00e0 vous et \u00e0 votre b\u00e9b\u00e9, de vous amuser en essayant les derniers styles.<\/p>\n<\/p><\/div>","protected":false},"excerpt":{"rendered":"<p>Highlights:R\u00e9confortez votre b\u00e9b\u00e9 avec une t\u00e9tine qui laisse la peau respirer.Le mod\u00e8le Philips Avent ultra air est dot\u00e9 de trous extra larges qui maintiennent la peau s\u00e8che.Son col l\u00e9ger est con\u00e7u pour optimiser la circulation de l\u2019air.<\/p>","protected":false},"featured_media":8046,"comment_status":"open","ping_status":"closed","template":"","meta":[],"product_cat":[87],"product_tag":[],"yith_product_brand":[120],"class_list":{"0":"post-7986","1":"product","2":"type-product","3":"status-publish","4":"has-post-thumbnail","6":"product_cat-bebe-et-maman","7":"yith_product_brand-avent","9":"first","10":"instock","11":"sale","12":"shipping-taxable","13":"purchasable","14":"product-type-simple"},"_links":{"self":[{"href":"https:\/\/parapharmacieenligne.ma\/en\/wp-json\/wp\/v2\/product\/7986","targetHints":{"allow":["GET"]}}],"collection":[{"href":"https:\/\/parapharmacieenligne.ma\/en\/wp-json\/wp\/v2\/product"}],"about":[{"href":"https:\/\/parapharmacieenligne.ma\/en\/wp-json\/wp\/v2\/types\/product"}],"replies":[{"embeddable":true,"href":"https:\/\/parapharmacieenligne.ma\/en\/wp-json\/wp\/v2\/comments?post=7986"}],"version-history":[{"count":1,"href":"https:\/\/parapharmacieenligne.ma\/en\/wp-json\/wp\/v2\/product\/7986\/revisions"}],"predecessor-version":[{"id":8047,"href":"https:\/\/parapharmacieenligne.ma\/en\/wp-json\/wp\/v2\/product\/7986\/revisions\/8047"}],"wp:featuredmedia":[{"embeddable":true,"href":"https:\/\/parapharmacieenligne.ma\/en\/wp-json\/wp\/v2\/media\/8046"}],"wp:attachment":[{"href":"https:\/\/parapharmacieenligne.ma\/en\/wp-json\/wp\/v2\/media?parent=7986"}],"wp:term":[{"taxonomy":"product_cat","embeddable":true,"href":"https:\/\/parapharmacieenligne.ma\/en\/wp-json\/wp\/v2\/product_cat?post=7986"},{"taxonomy":"product_tag","embeddable":true,"href":"https:\/\/parapharmacieenligne.ma\/en\/wp-json\/wp\/v2\/product_tag?post=7986"},{"taxonomy":"yith_product_brand","embeddable":true,"href":"https:\/\/parapharmacieenligne.ma\/en\/wp-json\/wp\/v2\/yith_product_brand?post=7986"}],"curies":[{"name":"wp","href":"https:\/\/api.w.org\/{rel}","templated":true}]}}