{"id":8005,"date":"2026-01-26T12:24:59","date_gmt":"2026-01-26T11:24:59","guid":{"rendered":"https:\/\/parapharmacieenligne.ma\/?post_type=product&#038;p=8005"},"modified":"2026-01-26T12:27:28","modified_gmt":"2026-01-26T11:27:28","slug":"avent-natural-biberon-debit-lent-des-1-mois-tigre-260ml","status":"publish","type":"product","link":"https:\/\/parapharmacieenligne.ma\/en\/product\/avent-natural-biberon-debit-lent-des-1-mois-tigre-260ml\/","title":{"rendered":"AVENT NATURAL BIBERON DEBIT LENT DES 1 MOIS Tigre 260ML"},"content":{"rendered":"<div aria-labelledby=\"tab-title-description\" class=\"woocommerce-Tabs-panel woocommerce-Tabs-panel--description panel entry-content wc-tab\" id=\"tab-description\" role=\"tabpanel\" style=\"\">\n<h2>Description<\/h2>\n<p>La large t\u00e9tine, imitant la forme du sein, permet une t\u00e9t\u00e9e naturelle similaire \u00e0 celle du sein, ce qui facilite l\u2019alternance sein\/biberon pour votre b\u00e9b\u00e9.<\/p>\n<p>Les alv\u00e9oles de la t\u00e9tine renforcent sa douceur et sa souplesse, sans pour autant que la t\u00e9tine ne s\u2019\u00e9crase. Votre b\u00e9b\u00e9 profite ainsi d\u2019une t\u00e9t\u00e9e plus confortable.<\/p>\n<p>Le syst\u00e8me innovant de double valve est con\u00e7u pour diminuer les coliques et l\u2019inconfort en faisant rentrer l\u2019air dans le biberon, et non dans l\u2019estomac de b\u00e9b\u00e9<\/p>\n<p>Gr\u00e2ce \u00e0 sa forme unique, ce biberon est facile \u00e0 tenir quel qu\u2019en soit le sens, pour un maximum de confort, m\u00eame pour les petites mains de votre enfant.<\/p>\n<p>Le biberon Natural Philips Avent est compatible avec toute la gamme Philips Avent, \u00e0 l\u2019exception des poign\u00e9es de tasse et des biberons Classic. Nous vous conseillons d\u2019utiliser uniquement les biberons Natural avec les t\u00e9tines Natural.<\/p>\n<p>T\u00e9tine<\/p>\n<ul class=\"p-bullets\">\n<li>\n<div>Alv\u00e9oles de confort uniques<\/div>\n<\/li>\n<li>\n<div>Syst\u00e8me anti-coliques perfectionn\u00e9<\/div>\n<\/li>\n<li>\n<div>T\u00e9tine ultra-douce et souple<\/div>\n<\/li>\n<li>\n<div>T\u00e9t\u00e9e naturelle<\/div>\n<\/li>\n<\/ul><\/div>","protected":false},"excerpt":{"rendered":"<p>Highlights:Conseill\u00e9 pour les b\u00e9b\u00e9s \u00e0 succion rapide<\/p>","protected":false},"featured_media":8054,"comment_status":"open","ping_status":"closed","template":"","meta":[],"product_cat":[87],"product_tag":[],"yith_product_brand":[120],"class_list":{"0":"post-8005","1":"product","2":"type-product","3":"status-publish","4":"has-post-thumbnail","6":"product_cat-bebe-et-maman","7":"yith_product_brand-avent","9":"first","10":"instock","11":"sale","12":"shipping-taxable","13":"purchasable","14":"product-type-simple"},"_links":{"self":[{"href":"https:\/\/parapharmacieenligne.ma\/en\/wp-json\/wp\/v2\/product\/8005","targetHints":{"allow":["GET"]}}],"collection":[{"href":"https:\/\/parapharmacieenligne.ma\/en\/wp-json\/wp\/v2\/product"}],"about":[{"href":"https:\/\/parapharmacieenligne.ma\/en\/wp-json\/wp\/v2\/types\/product"}],"replies":[{"embeddable":true,"href":"https:\/\/parapharmacieenligne.ma\/en\/wp-json\/wp\/v2\/comments?post=8005"}],"version-history":[{"count":1,"href":"https:\/\/parapharmacieenligne.ma\/en\/wp-json\/wp\/v2\/product\/8005\/revisions"}],"predecessor-version":[{"id":8055,"href":"https:\/\/parapharmacieenligne.ma\/en\/wp-json\/wp\/v2\/product\/8005\/revisions\/8055"}],"wp:featuredmedia":[{"embeddable":true,"href":"https:\/\/parapharmacieenligne.ma\/en\/wp-json\/wp\/v2\/media\/8054"}],"wp:attachment":[{"href":"https:\/\/parapharmacieenligne.ma\/en\/wp-json\/wp\/v2\/media?parent=8005"}],"wp:term":[{"taxonomy":"product_cat","embeddable":true,"href":"https:\/\/parapharmacieenligne.ma\/en\/wp-json\/wp\/v2\/product_cat?post=8005"},{"taxonomy":"product_tag","embeddable":true,"href":"https:\/\/parapharmacieenligne.ma\/en\/wp-json\/wp\/v2\/product_tag?post=8005"},{"taxonomy":"yith_product_brand","embeddable":true,"href":"https:\/\/parapharmacieenligne.ma\/en\/wp-json\/wp\/v2\/yith_product_brand?post=8005"}],"curies":[{"name":"wp","href":"https:\/\/api.w.org\/{rel}","templated":true}]}}