{"id":8007,"date":"2026-01-26T12:25:00","date_gmt":"2026-01-26T11:25:00","guid":{"rendered":"https:\/\/parapharmacieenligne.ma\/?post_type=product&#038;p=8007"},"modified":"2026-01-26T12:27:44","modified_gmt":"2026-01-26T11:27:44","slug":"avent-avent-2-tetines-0m-1t-scf631-27","status":"publish","type":"product","link":"https:\/\/parapharmacieenligne.ma\/en\/product\/avent-avent-2-tetines-0m-1t-scf631-27\/","title":{"rendered":"AVENT AVENT 2 TETINES- 0M+ \/ 1T SCF631\/27"},"content":{"rendered":"<div aria-labelledby=\"tab-title-description\" class=\"woocommerce-Tabs-panel woocommerce-Tabs-panel--description panel entry-content wc-tab\" id=\"tab-description\" role=\"tabpanel\" style=\"\">\n<h2>Description<\/h2>\n<div class=\"group w-full text-gray-800 dark:text-gray-100 border-b border-black\/10 dark:border-gray-900\/50 bg-gray-50 dark:bg-[#444654]\">\n<div class=\"flex p-4 gap-4 text-base md:gap-6 md:max-w-2xl lg:max-w-xl xl:max-w-3xl md:py-6 lg:px-0 m-auto\">\n<div class=\"relative flex flex-col w-[calc(100%-50px)] gap-1 md:gap-3 lg:w-[calc(100%-115px)]\">\n<div class=\"flex flex-grow flex-col gap-3\">\n<div class=\"min-h-[20px] flex flex-col items-start gap-4 whitespace-pre-wrap break-words\">\n<div class=\"markdown prose w-full break-words dark:prose-invert light\">\n<div class=\"flex flex-grow flex-col gap-3\">\n<div class=\"min-h-[20px] flex flex-col items-start gap-4 whitespace-pre-wrap break-words\">\n<div class=\"markdown prose w-full break-words dark:prose-invert light\">\n<p> Sa texture rainur\u00e9e \u00e9vite l\u2019\u00e9crasement de la t\u00e9tine, et r\u00e9duit les interruptions de t\u00e9t\u00e9e pour plus de confort.<br \/>\n \u2013 Cliniquement prouv\u00e9 : la valve anti-coliques att\u00e9nue le risque de coliques*<br \/>\n \u2013 60 % d\u2019irritabilit\u00e9 en moins la nuit*<br \/>\n \u2013 Sa texture rainur\u00e9e \u00e9vite l\u2019\u00e9crasement de la t\u00e9tine, pour une t\u00e9t\u00e9e ininterrompue<br \/>\n \u2013 Forme de t\u00e9tine con\u00e7ue pour favoriser une bonne succion<br \/>\n \u2013 Diff\u00e9rents d\u00e9bits de t\u00e9tine disponibles<\/p>\n<p>*\u00c0 l\u2019\u00e2ge de 2 semaines, les b\u00e9b\u00e9s nourris avec un biberon Philips Avent souffraient moins de coliques et d\u2019irritabilit\u00e9 nocturne que ceux nourris avec un biberon concurrent.<br \/>\n *Il a \u00e9t\u00e9 prouv\u00e9 que la conception de la t\u00e9tine \u00e9vitait son \u00e9crasement, et par cons\u00e9quent l\u2019ingestion d\u2019air et les interruptions de t\u00e9t\u00e9e qui lui sont associ\u00e9es.<br \/>\n *Qu\u2019est-ce qu\u2019une colique, et quel est son effet sur les b\u00e9b\u00e9s ? Les coliques sont en partie caus\u00e9es par l\u2019ingestion d\u2019air pendant la t\u00e9t\u00e9e. Elles cr\u00e9ent une g\u00eane au niveau du syst\u00e8me digestif du b\u00e9b\u00e9 qui se traduit notamment par des pleurs et de l\u2019agitation.<br \/>\n *0 % BPA, conform\u00e9ment \u00e0 la r\u00e9glementation de l\u2019UE 10\/2011<\/p>\n<\/p><\/div>\n<\/p><\/div>\n<\/p><\/div>\n<\/p><\/div>\n<\/p><\/div>\n<\/p><\/div>\n<\/p><\/div>\n<\/p><\/div>\n<\/p><\/div>\n<div class=\"markdown prose w-full break-words dark:prose-invert light\"><\/div>\n<\/p><\/div>\n","protected":false},"excerpt":{"rendered":"<p>Highlights:Cliniquement prouv\u00e9, diminue les coliques et l\u2019inconfort*Notre t\u00e9tine Anti-colic est con\u00e7ue pour une t\u00e9t\u00e9e ininterrompue. L\u2019air est dirig\u00e9 vers le biberon, et non dans l\u2019estomac de b\u00e9b\u00e9.<\/p>","protected":false},"featured_media":8058,"comment_status":"open","ping_status":"closed","template":"","meta":[],"product_cat":[87],"product_tag":[],"yith_product_brand":[120],"class_list":{"0":"post-8007","1":"product","2":"type-product","3":"status-publish","4":"has-post-thumbnail","6":"product_cat-bebe-et-maman","7":"yith_product_brand-avent","9":"first","10":"instock","11":"sale","12":"shipping-taxable","13":"purchasable","14":"product-type-simple"},"_links":{"self":[{"href":"https:\/\/parapharmacieenligne.ma\/en\/wp-json\/wp\/v2\/product\/8007","targetHints":{"allow":["GET"]}}],"collection":[{"href":"https:\/\/parapharmacieenligne.ma\/en\/wp-json\/wp\/v2\/product"}],"about":[{"href":"https:\/\/parapharmacieenligne.ma\/en\/wp-json\/wp\/v2\/types\/product"}],"replies":[{"embeddable":true,"href":"https:\/\/parapharmacieenligne.ma\/en\/wp-json\/wp\/v2\/comments?post=8007"}],"version-history":[{"count":1,"href":"https:\/\/parapharmacieenligne.ma\/en\/wp-json\/wp\/v2\/product\/8007\/revisions"}],"predecessor-version":[{"id":8059,"href":"https:\/\/parapharmacieenligne.ma\/en\/wp-json\/wp\/v2\/product\/8007\/revisions\/8059"}],"wp:featuredmedia":[{"embeddable":true,"href":"https:\/\/parapharmacieenligne.ma\/en\/wp-json\/wp\/v2\/media\/8058"}],"wp:attachment":[{"href":"https:\/\/parapharmacieenligne.ma\/en\/wp-json\/wp\/v2\/media?parent=8007"}],"wp:term":[{"taxonomy":"product_cat","embeddable":true,"href":"https:\/\/parapharmacieenligne.ma\/en\/wp-json\/wp\/v2\/product_cat?post=8007"},{"taxonomy":"product_tag","embeddable":true,"href":"https:\/\/parapharmacieenligne.ma\/en\/wp-json\/wp\/v2\/product_tag?post=8007"},{"taxonomy":"yith_product_brand","embeddable":true,"href":"https:\/\/parapharmacieenligne.ma\/en\/wp-json\/wp\/v2\/yith_product_brand?post=8007"}],"curies":[{"name":"wp","href":"https:\/\/api.w.org\/{rel}","templated":true}]}}