{"id":8069,"date":"2026-01-26T12:32:13","date_gmt":"2026-01-26T11:32:13","guid":{"rendered":"https:\/\/parapharmacieenligne.ma\/?post_type=product&#038;p=8069"},"modified":"2026-01-26T12:32:56","modified_gmt":"2026-01-26T11:32:56","slug":"d-cap-coloration-n6-blond-fonce","status":"publish","type":"product","link":"https:\/\/parapharmacieenligne.ma\/en\/product\/d-cap-coloration-n6-blond-fonce\/","title":{"rendered":"D-CAP Coloration N\u00b06 Blond Fonce"},"content":{"rendered":"","protected":false},"excerpt":{"rendered":"<p>Highlights:Lutte efficacement contre la perte de cheveux r\u00e9g\u00e9n\u00e8re, tonifie et augmente la r\u00e9sistance du bulbe, active la croissance capillaire pour une repousse plus rapide<\/p>","protected":false},"featured_media":8100,"comment_status":"open","ping_status":"closed","template":"","meta":[],"product_cat":[84],"product_tag":[],"yith_product_brand":[121],"class_list":{"0":"post-8069","1":"product","2":"type-product","3":"status-publish","4":"has-post-thumbnail","6":"product_cat-soins-cheveux","7":"yith_product_brand-d-cap","9":"first","10":"instock","11":"sale","12":"shipping-taxable","13":"purchasable","14":"product-type-simple"},"_links":{"self":[{"href":"https:\/\/parapharmacieenligne.ma\/en\/wp-json\/wp\/v2\/product\/8069","targetHints":{"allow":["GET"]}}],"collection":[{"href":"https:\/\/parapharmacieenligne.ma\/en\/wp-json\/wp\/v2\/product"}],"about":[{"href":"https:\/\/parapharmacieenligne.ma\/en\/wp-json\/wp\/v2\/types\/product"}],"replies":[{"embeddable":true,"href":"https:\/\/parapharmacieenligne.ma\/en\/wp-json\/wp\/v2\/comments?post=8069"}],"version-history":[{"count":1,"href":"https:\/\/parapharmacieenligne.ma\/en\/wp-json\/wp\/v2\/product\/8069\/revisions"}],"predecessor-version":[{"id":8101,"href":"https:\/\/parapharmacieenligne.ma\/en\/wp-json\/wp\/v2\/product\/8069\/revisions\/8101"}],"wp:featuredmedia":[{"embeddable":true,"href":"https:\/\/parapharmacieenligne.ma\/en\/wp-json\/wp\/v2\/media\/8100"}],"wp:attachment":[{"href":"https:\/\/parapharmacieenligne.ma\/en\/wp-json\/wp\/v2\/media?parent=8069"}],"wp:term":[{"taxonomy":"product_cat","embeddable":true,"href":"https:\/\/parapharmacieenligne.ma\/en\/wp-json\/wp\/v2\/product_cat?post=8069"},{"taxonomy":"product_tag","embeddable":true,"href":"https:\/\/parapharmacieenligne.ma\/en\/wp-json\/wp\/v2\/product_tag?post=8069"},{"taxonomy":"yith_product_brand","embeddable":true,"href":"https:\/\/parapharmacieenligne.ma\/en\/wp-json\/wp\/v2\/yith_product_brand?post=8069"}],"curies":[{"name":"wp","href":"https:\/\/api.w.org\/{rel}","templated":true}]}}