{"id":8073,"date":"2026-01-26T12:32:14","date_gmt":"2026-01-26T11:32:14","guid":{"rendered":"https:\/\/parapharmacieenligne.ma\/?post_type=product&#038;p=8073"},"modified":"2026-01-26T12:33:15","modified_gmt":"2026-01-26T11:33:15","slug":"d-cap-shampooing-protecteur-couleur-250ml","status":"publish","type":"product","link":"https:\/\/parapharmacieenligne.ma\/en\/product\/d-cap-shampooing-protecteur-couleur-250ml\/","title":{"rendered":"D-CAP Shampooing Protecteur Couleur 250ml"},"content":{"rendered":"<div aria-labelledby=\"tab-title-description\" class=\"woocommerce-Tabs-panel woocommerce-Tabs-panel--description panel entry-content wc-tab\" id=\"tab-description\" role=\"tabpanel\" style=\"\">\n<h2>Description<\/h2>\n<h3><\/h3>\n<p>Le shampooing protecteur Couleur D-Cap a \u00e9t\u00e9 con\u00e7u pour prot\u00e9ger, fortifier et revitaliser les cheveux color\u00e9s. Cette formule m\u00e9ticuleusement \u00e9labor\u00e9e va au-del\u00e0 du nettoyage de base, ciblant les cheveux color\u00e9s avec un m\u00e9lange d\u2019ingr\u00e9dients puissants reconnus pour leurs propri\u00e9t\u00e9s nourrissantes. Des racines aux pointes, notre shampooing travaille sans rel\u00e2che pour prot\u00e9ger vos cheveux color\u00e9s.<\/p>\n<p><strong>Mode d\u2019emploi:<\/strong><\/p>\n<p>Versez une noisette de shampooing dans vos mains.<\/p>\n<p>Appliquez le shampooing sur cheveux mouill\u00e9s.<\/p>\n<p>R\u00e9partissez le produit sur les longueurs et \u00e9mulsionnez pendant 1 minute en massant le cuir chevelu.<\/p>\n<p>Rincez abondamment.<\/p>\n<p>Pour de meilleurs r\u00e9sultats appliquez ensuite notre Masque Protecteur Couleur D-Cap.<\/p>\n<\/p><\/div>","protected":false},"excerpt":{"rendered":"<p>Highlights:D-CAP SHAMPOOING PROTECTEUR DE COULEUR 250ML<\/p>","protected":false},"featured_media":8108,"comment_status":"open","ping_status":"closed","template":"","meta":[],"product_cat":[84],"product_tag":[],"yith_product_brand":[121],"class_list":{"0":"post-8073","1":"product","2":"type-product","3":"status-publish","4":"has-post-thumbnail","6":"product_cat-soins-cheveux","7":"yith_product_brand-d-cap","9":"first","10":"instock","11":"sale","12":"shipping-taxable","13":"purchasable","14":"product-type-simple"},"_links":{"self":[{"href":"https:\/\/parapharmacieenligne.ma\/en\/wp-json\/wp\/v2\/product\/8073","targetHints":{"allow":["GET"]}}],"collection":[{"href":"https:\/\/parapharmacieenligne.ma\/en\/wp-json\/wp\/v2\/product"}],"about":[{"href":"https:\/\/parapharmacieenligne.ma\/en\/wp-json\/wp\/v2\/types\/product"}],"replies":[{"embeddable":true,"href":"https:\/\/parapharmacieenligne.ma\/en\/wp-json\/wp\/v2\/comments?post=8073"}],"version-history":[{"count":1,"href":"https:\/\/parapharmacieenligne.ma\/en\/wp-json\/wp\/v2\/product\/8073\/revisions"}],"predecessor-version":[{"id":8109,"href":"https:\/\/parapharmacieenligne.ma\/en\/wp-json\/wp\/v2\/product\/8073\/revisions\/8109"}],"wp:featuredmedia":[{"embeddable":true,"href":"https:\/\/parapharmacieenligne.ma\/en\/wp-json\/wp\/v2\/media\/8108"}],"wp:attachment":[{"href":"https:\/\/parapharmacieenligne.ma\/en\/wp-json\/wp\/v2\/media?parent=8073"}],"wp:term":[{"taxonomy":"product_cat","embeddable":true,"href":"https:\/\/parapharmacieenligne.ma\/en\/wp-json\/wp\/v2\/product_cat?post=8073"},{"taxonomy":"product_tag","embeddable":true,"href":"https:\/\/parapharmacieenligne.ma\/en\/wp-json\/wp\/v2\/product_tag?post=8073"},{"taxonomy":"yith_product_brand","embeddable":true,"href":"https:\/\/parapharmacieenligne.ma\/en\/wp-json\/wp\/v2\/yith_product_brand?post=8073"}],"curies":[{"name":"wp","href":"https:\/\/api.w.org\/{rel}","templated":true}]}}