{"id":8078,"date":"2026-01-26T12:32:16","date_gmt":"2026-01-26T11:32:16","guid":{"rendered":"https:\/\/parapharmacieenligne.ma\/?post_type=product&#038;p=8078"},"modified":"2026-01-26T12:33:31","modified_gmt":"2026-01-26T11:33:31","slug":"d-cap-apres-shampoing-anti-pelliculaire-250ml","status":"publish","type":"product","link":"https:\/\/parapharmacieenligne.ma\/en\/product\/d-cap-apres-shampoing-anti-pelliculaire-250ml\/","title":{"rendered":"D-CAP Apres-Shampoing Anti-Pelliculaire 250ml"},"content":{"rendered":"<div aria-labelledby=\"tab-title-description\" class=\"woocommerce-Tabs-panel woocommerce-Tabs-panel--description panel entry-content wc-tab\" id=\"tab-description\" role=\"tabpanel\" style=\"\">\n<h2>Description<\/h2>\n<\/p>\n<p>Apr\u00e8s shampooing calmant pour tous types de pellicules. L\u2019extrait de romarin renforce les follicules pileux et stimule la circulation Sanguine, favorisant Oxyg\u00e9nation. Le pin et l\u2019eucalyptus apportent \u00e0 eux une fraicheur qui cr\u00e9e non seulement une exp\u00e9rience d\u2019utilisation agr\u00e9able, mais aussi purifie les cheveux et aide \u00e0 l\u2019action antipelliculaire. La chlorure de c\u00e9trimonium poss\u00e8de quant \u00e0 elle une action antifongique et antiseptique ainsi que d\u00e9m\u00ealante<\/p>\n<p><strong>Mode d\u2019emploi:<\/strong><\/p>\n<p>Apr\u00e8s le shampoing, appliquez une noisette dame sur toutes les longueurs et massez en douceur jusqu\u2019aux pointes.<\/p>\n<p>Laisse quelques instants et rincez.<\/p>\n<p>Pour de meilleurs r\u00e9sultats appliquez en suite s\u00e9rum anti-pelliculaire.<\/p>\n<\/p><\/div>","protected":false},"excerpt":{"rendered":"<p>Highlights:Tous types de pellicules. Avec des extraits de pin, de romarin et d\u2019eucalyptus et de la chlorure de c\u00e9trimonium<\/p>","protected":false},"featured_media":8118,"comment_status":"open","ping_status":"closed","template":"","meta":[],"product_cat":[84],"product_tag":[],"yith_product_brand":[121],"class_list":{"0":"post-8078","1":"product","2":"type-product","3":"status-publish","4":"has-post-thumbnail","6":"product_cat-soins-cheveux","7":"yith_product_brand-d-cap","9":"first","10":"instock","11":"sale","12":"shipping-taxable","13":"purchasable","14":"product-type-simple"},"_links":{"self":[{"href":"https:\/\/parapharmacieenligne.ma\/en\/wp-json\/wp\/v2\/product\/8078","targetHints":{"allow":["GET"]}}],"collection":[{"href":"https:\/\/parapharmacieenligne.ma\/en\/wp-json\/wp\/v2\/product"}],"about":[{"href":"https:\/\/parapharmacieenligne.ma\/en\/wp-json\/wp\/v2\/types\/product"}],"replies":[{"embeddable":true,"href":"https:\/\/parapharmacieenligne.ma\/en\/wp-json\/wp\/v2\/comments?post=8078"}],"version-history":[{"count":1,"href":"https:\/\/parapharmacieenligne.ma\/en\/wp-json\/wp\/v2\/product\/8078\/revisions"}],"predecessor-version":[{"id":8119,"href":"https:\/\/parapharmacieenligne.ma\/en\/wp-json\/wp\/v2\/product\/8078\/revisions\/8119"}],"wp:featuredmedia":[{"embeddable":true,"href":"https:\/\/parapharmacieenligne.ma\/en\/wp-json\/wp\/v2\/media\/8118"}],"wp:attachment":[{"href":"https:\/\/parapharmacieenligne.ma\/en\/wp-json\/wp\/v2\/media?parent=8078"}],"wp:term":[{"taxonomy":"product_cat","embeddable":true,"href":"https:\/\/parapharmacieenligne.ma\/en\/wp-json\/wp\/v2\/product_cat?post=8078"},{"taxonomy":"product_tag","embeddable":true,"href":"https:\/\/parapharmacieenligne.ma\/en\/wp-json\/wp\/v2\/product_tag?post=8078"},{"taxonomy":"yith_product_brand","embeddable":true,"href":"https:\/\/parapharmacieenligne.ma\/en\/wp-json\/wp\/v2\/yith_product_brand?post=8078"}],"curies":[{"name":"wp","href":"https:\/\/api.w.org\/{rel}","templated":true}]}}