{"id":8079,"date":"2026-01-26T12:32:16","date_gmt":"2026-01-26T11:32:16","guid":{"rendered":"https:\/\/parapharmacieenligne.ma\/?post_type=product&#038;p=8079"},"modified":"2026-01-26T12:33:34","modified_gmt":"2026-01-26T11:33:34","slug":"d-cap-shampoing-anti-chute-250ml","status":"publish","type":"product","link":"https:\/\/parapharmacieenligne.ma\/en\/product\/d-cap-shampoing-anti-chute-250ml\/","title":{"rendered":"D-CAP Shampoing Anti-Chute 250ml"},"content":{"rendered":"<div aria-labelledby=\"tab-title-description\" class=\"woocommerce-Tabs-panel woocommerce-Tabs-panel--description panel entry-content wc-tab\" id=\"tab-description\" role=\"tabpanel\" style=\"\">\n<h2>Description<\/h2>\n<p>Avec des extraits de Noni, Curcuma des Vitamines A, E et B5 Formule innovante alliant les bienfaits de la nature et de la technologie. Gr\u00e2ce aux progr\u00e8s de la biotechnologie, nous avons pu extraire de la nature les cellules qui nous int\u00e9ressent le plus afin de d\u00e9velopper une formule r\u00e9volutionnaire permettant de r\u00e9activer la croissance des cheveux. Composte dina nouvelle d\u2019ingr\u00e9dients d\u2019origine naturelle aux<\/p>\n<p>propri\u00e9t\u00e9s uniques combattant chute des cheveux, notre shampooing r\u00e9activateur agit directement sur le bulbe Biotechnologie capillaire, relan\u00e7ant et guidant la croissance du follicule pileux tout en le nourrissant d\u2019un cocktail nutritif. Ce cocktail est compos\u00e9 d\u2019oligo-\u00e9l\u00e9ments de vitamines A, E et B5 ainsi que d\u2019acides amin\u00e9s comme l\u2019extrait de Noni et le Curcuma<\/p>\n<p>Notre shampooing r\u00e9activateur du traitement anti-chute intensif a \u00e9t\u00e9 formul\u00e9 pour nettoyer en douceur et en profondeur les cheveux fragilises et pr\u00e9venir les risques de chute de cheveux.<\/p>\n<p><strong>Mode d\u2019emploi:<\/strong><\/p>\n<p>Versez une noisette de shampooing dans vos mais eze shampooing sur cheveux mouill\u00e9s.<\/p>\n<p>R\u00e9partissez le produit sur les Emulsionnez pendant 1 minute en massant le cuir chevelu.<\/p>\n<p>Rincent Pour de meilleurs r\u00e9sultats appliquez ensuite notre lotion spray s anti-chute selon le besoin.<\/p>\n<\/p><\/div>","protected":false},"excerpt":{"rendered":"<p>Highlights:La cr\u00e8me d\u00e9colorante BioKap Nutricolor Delicato, \u00e0 base de prot\u00e9ines de bl\u00e9 et d\u2019huile d\u2019argan, permet de cr\u00e9er des reflets naturels ou simplement d\u2019\u00e9claircir vos cheveux.<\/p>","protected":false},"featured_media":8120,"comment_status":"open","ping_status":"closed","template":"","meta":[],"product_cat":[84],"product_tag":[],"yith_product_brand":[121],"class_list":{"0":"post-8079","1":"product","2":"type-product","3":"status-publish","4":"has-post-thumbnail","6":"product_cat-soins-cheveux","7":"yith_product_brand-d-cap","9":"first","10":"instock","11":"sale","12":"shipping-taxable","13":"purchasable","14":"product-type-simple"},"_links":{"self":[{"href":"https:\/\/parapharmacieenligne.ma\/en\/wp-json\/wp\/v2\/product\/8079","targetHints":{"allow":["GET"]}}],"collection":[{"href":"https:\/\/parapharmacieenligne.ma\/en\/wp-json\/wp\/v2\/product"}],"about":[{"href":"https:\/\/parapharmacieenligne.ma\/en\/wp-json\/wp\/v2\/types\/product"}],"replies":[{"embeddable":true,"href":"https:\/\/parapharmacieenligne.ma\/en\/wp-json\/wp\/v2\/comments?post=8079"}],"version-history":[{"count":1,"href":"https:\/\/parapharmacieenligne.ma\/en\/wp-json\/wp\/v2\/product\/8079\/revisions"}],"predecessor-version":[{"id":8121,"href":"https:\/\/parapharmacieenligne.ma\/en\/wp-json\/wp\/v2\/product\/8079\/revisions\/8121"}],"wp:featuredmedia":[{"embeddable":true,"href":"https:\/\/parapharmacieenligne.ma\/en\/wp-json\/wp\/v2\/media\/8120"}],"wp:attachment":[{"href":"https:\/\/parapharmacieenligne.ma\/en\/wp-json\/wp\/v2\/media?parent=8079"}],"wp:term":[{"taxonomy":"product_cat","embeddable":true,"href":"https:\/\/parapharmacieenligne.ma\/en\/wp-json\/wp\/v2\/product_cat?post=8079"},{"taxonomy":"product_tag","embeddable":true,"href":"https:\/\/parapharmacieenligne.ma\/en\/wp-json\/wp\/v2\/product_tag?post=8079"},{"taxonomy":"yith_product_brand","embeddable":true,"href":"https:\/\/parapharmacieenligne.ma\/en\/wp-json\/wp\/v2\/yith_product_brand?post=8079"}],"curies":[{"name":"wp","href":"https:\/\/api.w.org\/{rel}","templated":true}]}}