{"id":8081,"date":"2026-01-26T12:32:17","date_gmt":"2026-01-26T11:32:17","guid":{"rendered":"https:\/\/parapharmacieenligne.ma\/?post_type=product&#038;p=8081"},"modified":"2026-01-26T12:33:45","modified_gmt":"2026-01-26T11:33:45","slug":"d-cap-shampoing-reparation-total-250ml","status":"publish","type":"product","link":"https:\/\/parapharmacieenligne.ma\/en\/product\/d-cap-shampoing-reparation-total-250ml\/","title":{"rendered":"D-CAP Shampoing reparation total 250ml"},"content":{"rendered":"<div aria-labelledby=\"tab-title-description\" class=\"woocommerce-Tabs-panel woocommerce-Tabs-panel--description panel entry-content wc-tab\" id=\"tab-description\" role=\"tabpanel\" style=\"\">\n<h2>Description<\/h2>\n<p>le Shampooing R\u00e9paration Totale D-CAP, votre alli\u00e9 pour des cheveux r\u00e9par\u00e9s et revitalis\u00e9s. Cette formule avanc\u00e9e est sp\u00e9cialement con\u00e7ue pour restaurer les cheveux ab\u00eem\u00e9s, secs ou cassants, en leur redonnant force, brillance et souplesse.<\/p>\n<p>Infus\u00e9 avec des ingr\u00e9dients nourrissants et r\u00e9parateurs, ce shampooing p\u00e9n\u00e8tre en profondeur pour revitaliser chaque m\u00e8che de l\u2019int\u00e9rieur. Il aide \u00e0 r\u00e9parer les dommages caus\u00e9s par la chaleur, les produits chimiques et d\u2019autres agressions ext\u00e9rieures, tout en prot\u00e9geant les cheveux contre les futurs dommages.<\/p>\n<p>Offrez \u00e0 vos cheveux le soin intensif qu\u2019ils m\u00e9ritent avec le Shampooing R\u00e9paration Totale D-CAP, pour des cheveux visiblement plus forts, plus sains et plus \u00e9clatants.<\/p>\n<\/p><\/div>","protected":false},"excerpt":{"rendered":"<p>Highlights:D\u00e9couvrez le Shampooing R\u00e9paration Totale D-CAP, pour des cheveux ab\u00eem\u00e9s r\u00e9par\u00e9s et revitalis\u00e9s.<\/p>","protected":false},"featured_media":8124,"comment_status":"open","ping_status":"closed","template":"","meta":[],"product_cat":[84],"product_tag":[],"yith_product_brand":[121],"class_list":{"0":"post-8081","1":"product","2":"type-product","3":"status-publish","4":"has-post-thumbnail","6":"product_cat-soins-cheveux","7":"yith_product_brand-d-cap","9":"first","10":"instock","11":"sale","12":"shipping-taxable","13":"purchasable","14":"product-type-simple"},"_links":{"self":[{"href":"https:\/\/parapharmacieenligne.ma\/en\/wp-json\/wp\/v2\/product\/8081","targetHints":{"allow":["GET"]}}],"collection":[{"href":"https:\/\/parapharmacieenligne.ma\/en\/wp-json\/wp\/v2\/product"}],"about":[{"href":"https:\/\/parapharmacieenligne.ma\/en\/wp-json\/wp\/v2\/types\/product"}],"replies":[{"embeddable":true,"href":"https:\/\/parapharmacieenligne.ma\/en\/wp-json\/wp\/v2\/comments?post=8081"}],"version-history":[{"count":1,"href":"https:\/\/parapharmacieenligne.ma\/en\/wp-json\/wp\/v2\/product\/8081\/revisions"}],"predecessor-version":[{"id":8125,"href":"https:\/\/parapharmacieenligne.ma\/en\/wp-json\/wp\/v2\/product\/8081\/revisions\/8125"}],"wp:featuredmedia":[{"embeddable":true,"href":"https:\/\/parapharmacieenligne.ma\/en\/wp-json\/wp\/v2\/media\/8124"}],"wp:attachment":[{"href":"https:\/\/parapharmacieenligne.ma\/en\/wp-json\/wp\/v2\/media?parent=8081"}],"wp:term":[{"taxonomy":"product_cat","embeddable":true,"href":"https:\/\/parapharmacieenligne.ma\/en\/wp-json\/wp\/v2\/product_cat?post=8081"},{"taxonomy":"product_tag","embeddable":true,"href":"https:\/\/parapharmacieenligne.ma\/en\/wp-json\/wp\/v2\/product_tag?post=8081"},{"taxonomy":"yith_product_brand","embeddable":true,"href":"https:\/\/parapharmacieenligne.ma\/en\/wp-json\/wp\/v2\/yith_product_brand?post=8081"}],"curies":[{"name":"wp","href":"https:\/\/api.w.org\/{rel}","templated":true}]}}