{"id":8082,"date":"2026-01-26T12:32:17","date_gmt":"2026-01-26T11:32:17","guid":{"rendered":"https:\/\/parapharmacieenligne.ma\/?post_type=product&#038;p=8082"},"modified":"2026-01-26T12:33:49","modified_gmt":"2026-01-26T11:33:49","slug":"d-cap-shampoing-anti-pelliculaire-cheveux-secs-250ml","status":"publish","type":"product","link":"https:\/\/parapharmacieenligne.ma\/en\/product\/d-cap-shampoing-anti-pelliculaire-cheveux-secs-250ml\/","title":{"rendered":"D-CAP Shampoing Anti-Pelliculaire Cheveux Secs 250ml"},"content":{"rendered":"<div aria-labelledby=\"tab-title-description\" class=\"woocommerce-Tabs-panel woocommerce-Tabs-panel--description panel entry-content wc-tab\" id=\"tab-description\" role=\"tabpanel\" style=\"\">\n<h2>Description<\/h2>\n<div class=\"nasa-title clearfix hr-type-vertical\">\n<div class=\"nasa-wrap\">\n<p>Avec de la piroctone olamine et de l\u2019acide hyaluronique<\/p>\n<p>Formule sp\u00e9cialement con\u00e7ue pour combattre les pellicules s\u00e8ches. Elle est compos\u00e9e de piroctone olamine afin d\u2019\u00e9liminer les pellicules et d\u2019emp\u00eacher leur r\u00e9apparition ainsi que d\u2019acide hyaluronique procurant une hydratation instantan\u00e9e et un soulagement durable de la desquamation, des d\u00e9mangeaisons et de L\u2019irritation des pellicules s\u00e8ches sur le cuir chevelu<\/p>\n<\/p><\/div>\n<\/p><\/div>\n<div class=\"nasa-title clearfix hr-type-vertical\">\n<div class=\"nasa-wrap\">\n<h4 class=\"nasa-heading-title\"><strong><span class=\"nasa-title-wrap\">Ingr\u00e9dients :<\/span><\/strong><\/h4>\n<div class=\"elementor-accordion-item\">\n<div aria-labelledby=\"elementor-tab-title-1601\" class=\"elementor-tab-content elementor-clearfix elementor-active\" data-tab=\"1\" id=\"elementor-tab-content-1601\" role=\"tabpanel\">\n<div class=\"elementor-accordion-item\">\n<div aria-labelledby=\"elementor-tab-title-4012\" class=\"elementor-tab-content elementor-clearfix elementor-active\" data-tab=\"2\" id=\"elementor-tab-content-4012\" role=\"tabpanel\">\n<div class=\"elementor-accordion-item\">\n<div aria-labelledby=\"elementor-tab-title-4011\" class=\"elementor-tab-content elementor-clearfix elementor-active\" data-tab=\"1\" id=\"elementor-tab-content-4011\" role=\"tabpanel\">\n<div class=\"elementor-accordion-item\">\n<div aria-labelledby=\"elementor-tab-title-121\" class=\"elementor-tab-content elementor-clearfix elementor-active\" data-tab=\"1\" id=\"elementor-tab-content-121\" role=\"tabpanel\">\n<p>Aqua (eau), sulfonate d\u2019ol\u00e9fine de sodium C14-16, cocoamphoac\u00e9tate de sodium, glyc\u00e9rine, extrait de fruit de Cucumis Sativus (concombre), fleur de thymus vulgaris (thym) dans l\u2019extrait de feuille, extrait d\u2019Undaria Pinnatifida (Wakame) Piroctone Olamine, hyaluronate de sodium, cocamidopropy b\u00e9ta\u00efne, Acide lactique, PEG-4 Colzaamide, Disodium Laureth-3 Sulfosuccinate, Polyquaternium-10, Cocamide MEA, Polyquaternium-7, Hexyl Cinnamal, Benzoate de Sodium, M\u00e9thylchloisotiazolinone, Hydroxycitronellal, Sorbate de Potassium, M\u00e9thylisotiazoli-none, Parfum, Linalol, C.I. 19140, C.I. 42090<\/p>\n<\/p><\/div>\n<\/p><\/div>\n<\/p><\/div>\n<\/p><\/div>\n<\/p><\/div>\n<\/p><\/div>\n<\/p><\/div>\n<\/p><\/div>\n<\/p><\/div>\n<\/p><\/div>\n<div class=\"nasa-title clearfix hr-type-vertical\">\n<div class=\"nasa-wrap\">\n<h4 class=\"nasa-heading-title\"><strong><span class=\"nasa-title-wrap\">Mode d\u2019emploi :<\/span><\/strong><\/h4>\n<p>Versez une noisette de shampooing dans vos mains.<\/p>\n<p>Appliquez le shampooing sur cheveux mouill\u00e9s.<\/p>\n<p>R\u00e9partissez le produit sur les longueurs et \u00e9mulsionnez pendant 1 minute en massant le cuir chevelu.<\/p>\n<p>Rincez abondamment Pour de meilleurs r\u00e9sultats appliquez ensuite notre apr\u00e8s-shampooing anti-p\u00e9lliculaire puis continuez avec notre s\u00e9rum anti-pelicullaire selon le besoin.<\/p>\n<\/p><\/div>\n<\/p><\/div>\n<\/p><\/div>","protected":false},"excerpt":{"rendered":"<p>Highlights:Avec de la piroctone olamine et de l\u2019acide hyaluronique<\/p>","protected":false},"featured_media":8126,"comment_status":"open","ping_status":"closed","template":"","meta":[],"product_cat":[84],"product_tag":[],"yith_product_brand":[121],"class_list":{"0":"post-8082","1":"product","2":"type-product","3":"status-publish","4":"has-post-thumbnail","6":"product_cat-soins-cheveux","7":"yith_product_brand-d-cap","9":"first","10":"instock","11":"sale","12":"shipping-taxable","13":"purchasable","14":"product-type-simple"},"_links":{"self":[{"href":"https:\/\/parapharmacieenligne.ma\/en\/wp-json\/wp\/v2\/product\/8082","targetHints":{"allow":["GET"]}}],"collection":[{"href":"https:\/\/parapharmacieenligne.ma\/en\/wp-json\/wp\/v2\/product"}],"about":[{"href":"https:\/\/parapharmacieenligne.ma\/en\/wp-json\/wp\/v2\/types\/product"}],"replies":[{"embeddable":true,"href":"https:\/\/parapharmacieenligne.ma\/en\/wp-json\/wp\/v2\/comments?post=8082"}],"version-history":[{"count":1,"href":"https:\/\/parapharmacieenligne.ma\/en\/wp-json\/wp\/v2\/product\/8082\/revisions"}],"predecessor-version":[{"id":8127,"href":"https:\/\/parapharmacieenligne.ma\/en\/wp-json\/wp\/v2\/product\/8082\/revisions\/8127"}],"wp:featuredmedia":[{"embeddable":true,"href":"https:\/\/parapharmacieenligne.ma\/en\/wp-json\/wp\/v2\/media\/8126"}],"wp:attachment":[{"href":"https:\/\/parapharmacieenligne.ma\/en\/wp-json\/wp\/v2\/media?parent=8082"}],"wp:term":[{"taxonomy":"product_cat","embeddable":true,"href":"https:\/\/parapharmacieenligne.ma\/en\/wp-json\/wp\/v2\/product_cat?post=8082"},{"taxonomy":"product_tag","embeddable":true,"href":"https:\/\/parapharmacieenligne.ma\/en\/wp-json\/wp\/v2\/product_tag?post=8082"},{"taxonomy":"yith_product_brand","embeddable":true,"href":"https:\/\/parapharmacieenligne.ma\/en\/wp-json\/wp\/v2\/yith_product_brand?post=8082"}],"curies":[{"name":"wp","href":"https:\/\/api.w.org\/{rel}","templated":true}]}}