{"id":8083,"date":"2026-01-26T12:32:17","date_gmt":"2026-01-26T11:32:17","guid":{"rendered":"https:\/\/parapharmacieenligne.ma\/?post_type=product&#038;p=8083"},"modified":"2026-01-26T12:33:52","modified_gmt":"2026-01-26T11:33:52","slug":"d-cap-lotion-anti-chute-spray-100ml","status":"publish","type":"product","link":"https:\/\/parapharmacieenligne.ma\/en\/product\/d-cap-lotion-anti-chute-spray-100ml\/","title":{"rendered":"D-CAP Lotion Anti-Chute Spray 100ml"},"content":{"rendered":"<div aria-labelledby=\"tab-title-description\" class=\"woocommerce-Tabs-panel woocommerce-Tabs-panel--description panel entry-content wc-tab\" id=\"tab-description\" role=\"tabpanel\" style=\"\">\n<h2>Description<\/h2>\n<div class=\"nasa-title clearfix hr-type-vertical\">\n<div class=\"nasa-wrap\">\n<div class=\"nasa-title clearfix hr-type-vertical\">\n<div class=\"nasa-wrap\">\n<p><strong>TRAITEMENT INTENSIF ANTI-CHUTE LOTION SPRAY<\/strong><\/p>\n<p>Avec des extraits de Noni, Curcuma des Vitamines A, E et B5<\/p>\n<p>Formule innovante alliant les bienfaits de la nature et de la technologie. Gr\u00e2ce aux progr\u00e8s de la biotechnologie, nous avons pu extraire de la nature les cellules qui nous int\u00e9ressent le plus afin de d\u00e9velopper une formule r\u00e9volutionnaire permettant de r\u00e9activer la croissance des cheveux. Compos\u00e9e d\u2019une nouvelle biotechnologie d\u2019ingr\u00e9dients d\u2019origine naturelle aux propri\u00e9t\u00e9s uniques combattant la chute des cheveux, la lotion agit directement sur le bulbe capillaire, relan\u00e7ant et guidant la croissance du follicule pileux tout en le nourrissant d\u2019un cocktail nutritif. Ce cocktail est compos\u00e9 d\u2019oligo-\u00e9l\u00e9ments, de vitamines A, E et B5 ainsi que d\u2019acides amin\u00e9s comme l\u2019extrait de Noni et le Curcuma. La lotion spray du traitement anti-chute intensif favorise ainsi le d\u00e9veloppement des cheveux, maintiennent la phase de croissance et modifient les changements h\u00e9r\u00e9ditaires qui ne d\u00e9pendent pas de la s\u00e9quence d\u2019ADN et qui affectent le bulbe capillaire, activant de ce fait sa r\u00e9g\u00e9n\u00e9ration.<\/p>\n<\/p><\/div>\n<\/p><\/div>\n<div class=\"nasa-title clearfix hr-type-vertical\">\n<div class=\"nasa-wrap\">\n<h4 class=\"nasa-heading-title\"><strong><span class=\"nasa-title-wrap\">Ingr\u00e9dients :<\/span><\/strong><\/h4>\n<div class=\"elementor-accordion-item\">\n<div aria-labelledby=\"elementor-tab-title-1601\" class=\"elementor-tab-content elementor-clearfix elementor-active\" data-tab=\"1\" id=\"elementor-tab-content-1601\" role=\"tabpanel\">\n<div class=\"elementor-accordion-item\">\n<div aria-labelledby=\"elementor-tab-title-4012\" class=\"elementor-tab-content elementor-clearfix elementor-active\" data-tab=\"2\" id=\"elementor-tab-content-4012\" role=\"tabpanel\">\n<div class=\"elementor-accordion-item\">\n<div aria-labelledby=\"elementor-tab-title-4011\" class=\"elementor-tab-content elementor-clearfix elementor-active\" data-tab=\"1\" id=\"elementor-tab-content-4011\" role=\"tabpanel\">\n<div class=\"elementor-accordion-item\">\n<div aria-labelledby=\"elementor-tab-title-121\" class=\"elementor-tab-content elementor-clearfix elementor-active\" data-tab=\"1\" id=\"elementor-tab-content-121\" role=\"tabpanel\">\n<p>Aqua, Alcohol Denat, Hydrolyzed Soy Protein (and) Phenoxyethanol (and) Aloe Barbadensis Leaf Powder, Hydrolyzed Keratin, Propylene Glycol (and) Morinda Citrifolia Fruit Extract (and) Sodium Benzoate (and) Potassium Sorbate, Curcuma Longa (Tumeric) Callus Conditioned Media (and) Pentylene Glycol (and) Phytic Acid, PEG-25 Castor Oil (and) Polysorbate 20 (and) Aesculum Hippocastanum Seed Extract (and) Retinyl Palmitate [and] Tocopherol (and) Inositol (and) Calcium Pantothenate (and) Linoleic Acid (and) Biotin, Cetrimonium Chloride (and) Isopropylt Alcohol.<\/p>\n<\/p><\/div>\n<\/p><\/div>\n<\/p><\/div>\n<\/p><\/div>\n<\/p><\/div>\n<\/p><\/div>\n<\/p><\/div>\n<\/p><\/div>\n<\/p><\/div>\n<\/p><\/div>\n<div class=\"nasa-title clearfix hr-type-vertical\">\n<div class=\"nasa-wrap\">\n<h4 class=\"nasa-heading-title\"><strong><span class=\"nasa-title-wrap\">Mode d\u2019emploi :<\/span><\/strong><\/h4>\n<p>S\u00e9parez les m\u00eaches des cheveux et vaporisez jusqu\u2019\u00e0 ce que tout le cuir chevelu soit humide.<\/p>\n<p>Proc\u00e9dez ensuite \u00e0 un l\u00e9ger massage du bout des doigts pour faire p\u00e9n\u00e9trer le soin.<\/p>\n<p>Puis laissez agir, sans s\u00e9cher les cheveux ni les laver pendant deux heures. Ne pas rincer.<\/p>\n<p><strong>Dosage:<\/strong><\/p>\n<p>Traitement recommand\u00e9 de minimum 2 mois sans interruption.<\/p>\n<p>Appliquez 1 jour sur 2 durant la premi\u00e8re semaine du traitement. Utilisez ensuite une fois par semaine jusqu\u2019\u00e0 la fin du traitement.<\/p>\n<p>Pour une chute saisonni\u00e8re commencez le traitement de pr\u00e9f\u00e9rence \u00e0 la fin de l\u2019hiver et \u00e0 la fin de l\u2019\u00e9t\u00e9.<\/p>\n<p><strong>Efficacit\u00e9 prouv\u00e9e:<\/strong><\/p>\n<p>Jusqu\u2019\u00e0 89 % de r\u00e9duction de la perte de cheveux et jusqu\u2019\u00e0 52% d\u2019augmentation de la densit\u00e9 capillaire ont \u00e9t\u00e9 observ\u00e9s. Equivalent jusqu\u2019\u00e0 13 500 nouveaux cheveux.<\/p>\n<\/p><\/div>\n<\/p><\/div>\n<\/p><\/div>\n<\/p><\/div>\n<\/p><\/div>\n","protected":false},"excerpt":{"rendered":"<p>Highlights:TRAITEMENT INTENSIF ANTI-CHUTE AMPOULESAvec des extraits de Noni, Curcuma des Vitamines A, E et 85<\/p>","protected":false},"featured_media":8128,"comment_status":"open","ping_status":"closed","template":"","meta":[],"product_cat":[84],"product_tag":[],"yith_product_brand":[121],"class_list":{"0":"post-8083","1":"product","2":"type-product","3":"status-publish","4":"has-post-thumbnail","6":"product_cat-soins-cheveux","7":"yith_product_brand-d-cap","9":"first","10":"instock","11":"sale","12":"shipping-taxable","13":"purchasable","14":"product-type-simple"},"_links":{"self":[{"href":"https:\/\/parapharmacieenligne.ma\/en\/wp-json\/wp\/v2\/product\/8083","targetHints":{"allow":["GET"]}}],"collection":[{"href":"https:\/\/parapharmacieenligne.ma\/en\/wp-json\/wp\/v2\/product"}],"about":[{"href":"https:\/\/parapharmacieenligne.ma\/en\/wp-json\/wp\/v2\/types\/product"}],"replies":[{"embeddable":true,"href":"https:\/\/parapharmacieenligne.ma\/en\/wp-json\/wp\/v2\/comments?post=8083"}],"version-history":[{"count":1,"href":"https:\/\/parapharmacieenligne.ma\/en\/wp-json\/wp\/v2\/product\/8083\/revisions"}],"predecessor-version":[{"id":8129,"href":"https:\/\/parapharmacieenligne.ma\/en\/wp-json\/wp\/v2\/product\/8083\/revisions\/8129"}],"wp:featuredmedia":[{"embeddable":true,"href":"https:\/\/parapharmacieenligne.ma\/en\/wp-json\/wp\/v2\/media\/8128"}],"wp:attachment":[{"href":"https:\/\/parapharmacieenligne.ma\/en\/wp-json\/wp\/v2\/media?parent=8083"}],"wp:term":[{"taxonomy":"product_cat","embeddable":true,"href":"https:\/\/parapharmacieenligne.ma\/en\/wp-json\/wp\/v2\/product_cat?post=8083"},{"taxonomy":"product_tag","embeddable":true,"href":"https:\/\/parapharmacieenligne.ma\/en\/wp-json\/wp\/v2\/product_tag?post=8083"},{"taxonomy":"yith_product_brand","embeddable":true,"href":"https:\/\/parapharmacieenligne.ma\/en\/wp-json\/wp\/v2\/yith_product_brand?post=8083"}],"curies":[{"name":"wp","href":"https:\/\/api.w.org\/{rel}","templated":true}]}}