{"id":8313,"date":"2026-01-26T12:59:19","date_gmt":"2026-01-26T11:59:19","guid":{"rendered":"https:\/\/parapharmacieenligne.ma\/?post_type=product&#038;p=8313"},"modified":"2026-01-26T12:59:40","modified_gmt":"2026-01-26T11:59:40","slug":"revox-b77-just-polyglutamic-acid-30ml","status":"publish","type":"product","link":"https:\/\/parapharmacieenligne.ma\/en\/product\/revox-b77-just-polyglutamic-acid-30ml\/","title":{"rendered":"REVOX B77 Just Polyglutamic Acid 30ml"},"content":{"rendered":"<div aria-labelledby=\"tab-title-description\" class=\"woocommerce-Tabs-panel woocommerce-Tabs-panel--description panel entry-content wc-tab\" id=\"tab-description\" role=\"tabpanel\" style=\"\">\n<h2>Description<\/h2>\n<div class=\"tt-item active\">\n<div class=\"tt-collapse-content\">\n<p class=\"p1\"> L\u2019acide polyglutamique est un humectant puissant qui aide \u00e0 hydrater la peau et \u00e0 pr\u00e9venir le dess\u00e8chement. Le s\u00e9rum a des propri\u00e9t\u00e9s nourrissantes et favorise l\u2019\u00e9lasticit\u00e9 de la peau, r\u00e9duisant ainsi l\u2019apparence des rides et ridules et minimisant les signes du vieillissement. Cet ingr\u00e9dient puissant a une tr\u00e8s petite taille mol\u00e9culaire, ce qui lui permet de p\u00e9n\u00e9trer plus profond\u00e9ment dans la peau et d\u2019assurer une hydratation durable et un teint frais. L\u2019acide polyglutamique est bien tol\u00e9r\u00e9 par la plupart des types de peau, ce qui le rend adapt\u00e9 \u00e0 toute routine de soins. Il peut \u00eatre utilis\u00e9 en combinaison avec d\u2019autres ingr\u00e9dients pour obtenir une peau rebondie, saine et \u00e9clatante.<\/p>\n<\/p><\/div>\n<div class=\"tt-item active\">\n<div class=\"tt-collapse-title\"><strong>Conseils d\u2019utilisation<\/strong><\/div>\n<div class=\"tt-collapse-content\">\n<div><span class=\"Produit-detail-value\"><span class=\"metafield-multi_line_text_field\">Appliquer 4 \u00e0 5 gouttes matin et\/ou soir sur une peau propre et s\u00e8che. Massez doucement jusqu\u2019\u00e0 absorption compl\u00e8te. Attendez qu\u2019il s\u00e8che avant d\u2019appliquer le produit suivant.<\/span><\/span><\/div>\n<\/p><\/div>\n<\/p><\/div>\n<div class=\"tt-item active\">\n<div class=\"tt-collapse-title\"><\/div>\n<div class=\"tt-collapse-content\">\n<div><span class=\"Produit-detail-key\"><strong>Combiner avec :<\/strong> JUST Vitamine C 20%, JUST Resv\u00e9ratrol+Acide F\u00e9rulique, JUST Acide Mand\u00e9lique+HA dans le cadre de votre routine quotidienne.<\/span><\/div>\n<div class=\"related-Produits\" id=\"related-Produits-34bd6dd9-a028-4d44-aca8-5e5a1d407db7\"><\/div>\n<div><span class=\"Produit-detail-key\"><strong>Ne pas combiner avec<\/strong>:<\/span> <span class=\"Produit-detail-value\">Autres produits contenant de l\u2019acide hyaluronique.<\/span><\/div>\n<div><\/div>\n<\/p><\/div>\n<\/p><\/div>\n<div class=\"tt-item active\">\n<div class=\"tt-collapse-title\"><strong>Attention<\/strong><\/div>\n<div class=\"tt-collapse-content\">\n<div><span class=\"Produit-detail-value\">Une intol\u00e9rance individuelle au produit est possible. Avant la premi\u00e8re application, il est recommand\u00e9 d\u2019effectuer un test de sensibilit\u00e9. En cas d\u2019inconfort, arr\u00eatez d\u2019utiliser le produit.<\/span><\/div>\n<div class=\"Produit-detail-key\"><strong>*Pregnancy Disclaimer:<\/strong><\/div>\n<div class=\"Produit-detail-value\">N\u00e9anmoins, pour \u00eatre s\u00fbr, nous vous conseillons de consulter votre m\u00e9decin pour chaque produit de votre routine de soin.<\/div>\n<div><\/div>\n<\/p><\/div>\n<\/p><\/div>\n<\/p><\/div>\n<div class=\"tt-item active\">\n<div class=\"tt-collapse-title\"><strong>Ingr\u00e9dients<\/strong><\/div>\n<div class=\"tt-collapse-content\">\n<div><span class=\"Produit-detail-value\">Water\/ Aqua, Propylene Glycol, Glycerin, Hydrolyzed Tara Gum\/ Hydrolyzed Caesalpinia Spinosa Gum, Tara Gum\/ Caesalpinia Spinosa Gum, Sodium Hyaluronate, Phenoxyethanol, Sodium Polyglutamate, PPG-1-PEG-9 Lauryl Glycol Ether, Xanthan Gum, Sodium Benzoate, Potassium Sorbate, Disodium EDTA.<\/span><\/div>\n<div><span class=\"Produit-detail-value\">Nous am\u00e9liorons constamment nos formulations, de sorte que des diff\u00e9rences dans les listes d\u2019ingr\u00e9dients affich\u00e9es sur le site Web et sur l\u2019emballage sont possibles en fonction du moment et de la r\u00e9gion d\u2019achat. V\u00e9rifiez la liste des ingr\u00e9dients sur l\u2019emballage.<\/span><\/div>\n<\/p><\/div>\n<\/p><\/div>\n<\/p><\/div>","protected":false},"excerpt":{"rendered":"<p>Highlights:REVOX B77 JUST POLYGLUTAMIC ACID SERUMest une solution l\u00e9g\u00e8re qui retient l\u2019eau \u00e0 l\u2019int\u00e9rieur des cellules et l\u2019emp\u00eache de s\u2019\u00e9vaporer.<\/p>","protected":false},"featured_media":8344,"comment_status":"open","ping_status":"closed","template":"","meta":[],"product_cat":[83],"product_tag":[],"yith_product_brand":[124],"class_list":{"0":"post-8313","1":"product","2":"type-product","3":"status-publish","4":"has-post-thumbnail","6":"product_cat-soins-visage","7":"yith_product_brand-revox","9":"first","10":"instock","11":"sale","12":"shipping-taxable","13":"purchasable","14":"product-type-simple"},"_links":{"self":[{"href":"https:\/\/parapharmacieenligne.ma\/en\/wp-json\/wp\/v2\/product\/8313","targetHints":{"allow":["GET"]}}],"collection":[{"href":"https:\/\/parapharmacieenligne.ma\/en\/wp-json\/wp\/v2\/product"}],"about":[{"href":"https:\/\/parapharmacieenligne.ma\/en\/wp-json\/wp\/v2\/types\/product"}],"replies":[{"embeddable":true,"href":"https:\/\/parapharmacieenligne.ma\/en\/wp-json\/wp\/v2\/comments?post=8313"}],"version-history":[{"count":1,"href":"https:\/\/parapharmacieenligne.ma\/en\/wp-json\/wp\/v2\/product\/8313\/revisions"}],"predecessor-version":[{"id":8345,"href":"https:\/\/parapharmacieenligne.ma\/en\/wp-json\/wp\/v2\/product\/8313\/revisions\/8345"}],"wp:featuredmedia":[{"embeddable":true,"href":"https:\/\/parapharmacieenligne.ma\/en\/wp-json\/wp\/v2\/media\/8344"}],"wp:attachment":[{"href":"https:\/\/parapharmacieenligne.ma\/en\/wp-json\/wp\/v2\/media?parent=8313"}],"wp:term":[{"taxonomy":"product_cat","embeddable":true,"href":"https:\/\/parapharmacieenligne.ma\/en\/wp-json\/wp\/v2\/product_cat?post=8313"},{"taxonomy":"product_tag","embeddable":true,"href":"https:\/\/parapharmacieenligne.ma\/en\/wp-json\/wp\/v2\/product_tag?post=8313"},{"taxonomy":"yith_product_brand","embeddable":true,"href":"https:\/\/parapharmacieenligne.ma\/en\/wp-json\/wp\/v2\/yith_product_brand?post=8313"}],"curies":[{"name":"wp","href":"https:\/\/api.w.org\/{rel}","templated":true}]}}