{"id":8333,"date":"2026-01-26T12:59:25","date_gmt":"2026-01-26T11:59:25","guid":{"rendered":"https:\/\/parapharmacieenligne.ma\/?post_type=product&#038;p=8333"},"modified":"2026-01-26T13:01:40","modified_gmt":"2026-01-26T12:01:40","slug":"revox-zitcare-aha-bha-pha-active-face-toner-250ml","status":"publish","type":"product","link":"https:\/\/parapharmacieenligne.ma\/en\/product\/revox-zitcare-aha-bha-pha-active-face-toner-250ml\/","title":{"rendered":"REVOX ZITCARE AHA.BHA.PHA. ACTIVE FACE TONER 250ml"},"content":{"rendered":"<div aria-labelledby=\"tab-title-description\" class=\"woocommerce-Tabs-panel woocommerce-Tabs-panel--description panel entry-content wc-tab\" id=\"tab-description\" role=\"tabpanel\" style=\"\">\n<h2>Description<\/h2>\n<p class=\"p1\">Ce processus cr\u00e9e de l\u2019acn\u00e9 et des boutons sur la peau, l\u2019irrite et la rend probl\u00e9matique. Le traitement de ce probl\u00e8me doit \u00eatre syst\u00e9matique et persistant, ce qui permettra d\u2019att\u00e9nuer les boutons et les imperfections existants et de contr\u00f4ler les futures pouss\u00e9es. La ligne REVOX B77 ZITCARE\u00ae combine des ingr\u00e9dients actifs qui aident \u00e0 nettoyer, \u00e0 traiter les imperfections, \u00e0 r\u00e9guler la Produition de s\u00e9bum et \u00e0 maintenir une peau saine et lisse.<\/p>\n<p>Le tonique doux pour le visage contient un m\u00e9lange d\u2019AHA, de BHA et de PHA, qui aide \u00e0 \u00e9liminer les cellules mortes de la peau et \u00e0 nettoyer les pores. L\u2019extrait d\u2019arbre \u00e0 th\u00e9 contenu dans la formule poss\u00e8de des propri\u00e9t\u00e9s apaisantes qui calment et rafra\u00eechissent la peau. Le niacinamide aide \u00e0 prot\u00e9ger la peau contre la perte d\u2019hydratation et \u00e0 la r\u00e9g\u00e9n\u00e9rer. L\u2019acide hyaluronique et l\u2019ur\u00e9e apportent une sensation de douceur \u00e0 la peau. L\u2019utilisation syst\u00e9matique du produit procure une sensation g\u00e9n\u00e9rale de peau resurfac\u00e9e. Combiner avec d\u2019autres produits de la ligne REVOX B77 ZITCARE\u00ae pour obtenir des r\u00e9sultats optimaux.<\/p>\n<\/p><\/div>","protected":false},"excerpt":{"rendered":"<p>Highlights:REVOX B77 ZITCARE\u00ae AHA.BHA.PHA. FACE TONER.Le s\u00e9bum est une substance huileuse qui lubrifie les cheveux et la peau et qui s\u2019agglom\u00e8re parfois avec les cellules mortes non \u00e9limin\u00e9es, obstruant ainsi les pores et les follicules pileux.<\/p>","protected":false},"featured_media":8401,"comment_status":"open","ping_status":"closed","template":"","meta":[],"product_cat":[85],"product_tag":[],"yith_product_brand":[124],"class_list":{"0":"post-8333","1":"product","2":"type-product","3":"status-publish","4":"has-post-thumbnail","6":"product_cat-soins-corps","7":"yith_product_brand-revox","9":"first","10":"instock","11":"sale","12":"shipping-taxable","13":"purchasable","14":"product-type-simple"},"_links":{"self":[{"href":"https:\/\/parapharmacieenligne.ma\/en\/wp-json\/wp\/v2\/product\/8333","targetHints":{"allow":["GET"]}}],"collection":[{"href":"https:\/\/parapharmacieenligne.ma\/en\/wp-json\/wp\/v2\/product"}],"about":[{"href":"https:\/\/parapharmacieenligne.ma\/en\/wp-json\/wp\/v2\/types\/product"}],"replies":[{"embeddable":true,"href":"https:\/\/parapharmacieenligne.ma\/en\/wp-json\/wp\/v2\/comments?post=8333"}],"version-history":[{"count":1,"href":"https:\/\/parapharmacieenligne.ma\/en\/wp-json\/wp\/v2\/product\/8333\/revisions"}],"predecessor-version":[{"id":8402,"href":"https:\/\/parapharmacieenligne.ma\/en\/wp-json\/wp\/v2\/product\/8333\/revisions\/8402"}],"wp:featuredmedia":[{"embeddable":true,"href":"https:\/\/parapharmacieenligne.ma\/en\/wp-json\/wp\/v2\/media\/8401"}],"wp:attachment":[{"href":"https:\/\/parapharmacieenligne.ma\/en\/wp-json\/wp\/v2\/media?parent=8333"}],"wp:term":[{"taxonomy":"product_cat","embeddable":true,"href":"https:\/\/parapharmacieenligne.ma\/en\/wp-json\/wp\/v2\/product_cat?post=8333"},{"taxonomy":"product_tag","embeddable":true,"href":"https:\/\/parapharmacieenligne.ma\/en\/wp-json\/wp\/v2\/product_tag?post=8333"},{"taxonomy":"yith_product_brand","embeddable":true,"href":"https:\/\/parapharmacieenligne.ma\/en\/wp-json\/wp\/v2\/yith_product_brand?post=8333"}],"curies":[{"name":"wp","href":"https:\/\/api.w.org\/{rel}","templated":true}]}}