{"id":8336,"date":"2026-01-26T12:59:26","date_gmt":"2026-01-26T11:59:26","guid":{"rendered":"https:\/\/parapharmacieenligne.ma\/?post_type=product&#038;p=8336"},"modified":"2026-01-26T13:02:00","modified_gmt":"2026-01-26T12:02:00","slug":"revox-just-vitamin-c-2-suspension-illuminating-moisturizer-30-ml","status":"publish","type":"product","link":"https:\/\/parapharmacieenligne.ma\/en\/product\/revox-just-vitamin-c-2-suspension-illuminating-moisturizer-30-ml\/","title":{"rendered":"REVOX JUST VITAMIN C 2% SUSPENSION ILLUMINATING MOISTURIZER 30 ml"},"content":{"rendered":"<div aria-labelledby=\"tab-title-description\" class=\"woocommerce-Tabs-panel woocommerce-Tabs-panel--description panel entry-content wc-tab\" id=\"tab-description\" role=\"tabpanel\" style=\"\">\n<h2>Description<\/h2>\n<p>REVOX B77 JUST VITAMIN C 2% SUSPENSION est un hydratant illuminateur pour le visage et le cou. La vitamine C est connue pour ses propri\u00e9t\u00e9s antioxydantes et booster de collag\u00e8ne. Son d\u00e9riv\u00e9 SAP a une stabilit\u00e9 beaucoup plus grande et est mieux incorpor\u00e9 dans les soins de la peau pour fournir les effets d\u2019embellissement de la peau les plus recherch\u00e9s de la vitamine C, assurant une apparence saine et radieuse. La suspension hydratante est enrichie d\u2019un complexe d\u2019ingr\u00e9dients lissants. De l\u2019huile d\u2019olive est ajout\u00e9e pour une protection antioxydante suppl\u00e9mentaire, tandis que l\u2019allanto\u00efne adoucissante procure une sensation apaisante optimale. La formulation est douce et facilement absorb\u00e9e. Ce produit cible le teint irr\u00e9gulier, la s\u00e9cheresse et les signes de vieillissement. Il est particuli\u00e8rement b\u00e9n\u00e9fique pour les peaux fatigu\u00e9es et ternes. Combinez avec REVOX B77 JUST Marine Collagen + HA pour une action anti-\u00e2ge renforc\u00e9e.<\/p>\n<p><strong>Mode d\u2019emploi :<\/strong><\/p>\n<p>Appliquez une petite quantit\u00e9 du produit sur une peau nettoy\u00e9e et s\u00e8che avec des mouvements de massage doux, en \u00e9vitant le contour des yeux. Utiliser la cr\u00e8me hydratante matin et\/ou soir, apr\u00e8s les s\u00e9rums.<\/p>\n<p>Ingr\u00e9dients\/ingr\u00e9dients :<\/p>\n<p>eau\/eau, alcool c\u00e9t\u00e9arylique, glyc\u00e9rine, st\u00e9arate de glyc\u00e9ryle, myristate d\u2019isopropyle, st\u00e9arate d\u2019\u00e9thylhexyle, c\u00e9t\u00e9areth-20, vitamine C\/phosphate d\u2019ascorbyle de sodium, huile d\u2019olive\/huile de fruit Olea Europaea, allanto\u00efne, ph\u00e9noxy\u00e9thanol, octad\u00e9cyl di-t- butyl-4-hydroxyhydrocinnamate, dim\u00e9thicone, EDTA disodique.<\/p>\n<p>Attention : Si vous utilisez des produits \u00e0 base d\u2019acide glycolique, d\u2019acide salicylique ou de r\u00e9tinol, vous devrez attendre un certain temps avant d\u2019appliquer votre suspension REVOX B77 JUST Vitamine C \u00e0 2 % pour \u00e9viter toute sensation de br\u00fblure ou rougeur. Ne pas combiner avec les produits Peptide. Une intol\u00e9rance individuelle au produit est possible. En cas d\u2019inconfort, cesser d\u2019utiliser le produit. Avant la premi\u00e8re application, il est recommand\u00e9 d\u2019effectuer un test de sensibilit\u00e9. Si vous ressentez une sensation de piq\u00fbre ou de br\u00fblure, le produit doit \u00eatre imm\u00e9diatement lav\u00e9 \u00e0 grande eau. Si la sensation de br\u00fblure persiste, consulter un m\u00e9decin.<\/p>\n<\/p><\/div>","protected":false},"excerpt":{"rendered":"<p>Highlights:Hydratant illuminateur pour le visage et le cou<\/p>","protected":false},"featured_media":8411,"comment_status":"open","ping_status":"closed","template":"","meta":[],"product_cat":[83],"product_tag":[],"yith_product_brand":[124],"class_list":{"0":"post-8336","1":"product","2":"type-product","3":"status-publish","4":"has-post-thumbnail","6":"product_cat-soins-visage","7":"yith_product_brand-revox","9":"first","10":"instock","11":"sale","12":"shipping-taxable","13":"purchasable","14":"product-type-simple"},"_links":{"self":[{"href":"https:\/\/parapharmacieenligne.ma\/en\/wp-json\/wp\/v2\/product\/8336","targetHints":{"allow":["GET"]}}],"collection":[{"href":"https:\/\/parapharmacieenligne.ma\/en\/wp-json\/wp\/v2\/product"}],"about":[{"href":"https:\/\/parapharmacieenligne.ma\/en\/wp-json\/wp\/v2\/types\/product"}],"replies":[{"embeddable":true,"href":"https:\/\/parapharmacieenligne.ma\/en\/wp-json\/wp\/v2\/comments?post=8336"}],"version-history":[{"count":1,"href":"https:\/\/parapharmacieenligne.ma\/en\/wp-json\/wp\/v2\/product\/8336\/revisions"}],"predecessor-version":[{"id":8412,"href":"https:\/\/parapharmacieenligne.ma\/en\/wp-json\/wp\/v2\/product\/8336\/revisions\/8412"}],"wp:featuredmedia":[{"embeddable":true,"href":"https:\/\/parapharmacieenligne.ma\/en\/wp-json\/wp\/v2\/media\/8411"}],"wp:attachment":[{"href":"https:\/\/parapharmacieenligne.ma\/en\/wp-json\/wp\/v2\/media?parent=8336"}],"wp:term":[{"taxonomy":"product_cat","embeddable":true,"href":"https:\/\/parapharmacieenligne.ma\/en\/wp-json\/wp\/v2\/product_cat?post=8336"},{"taxonomy":"product_tag","embeddable":true,"href":"https:\/\/parapharmacieenligne.ma\/en\/wp-json\/wp\/v2\/product_tag?post=8336"},{"taxonomy":"yith_product_brand","embeddable":true,"href":"https:\/\/parapharmacieenligne.ma\/en\/wp-json\/wp\/v2\/yith_product_brand?post=8336"}],"curies":[{"name":"wp","href":"https:\/\/api.w.org\/{rel}","templated":true}]}}