{"id":8341,"date":"2026-01-26T12:59:32","date_gmt":"2026-01-26T11:59:32","guid":{"rendered":"https:\/\/parapharmacieenligne.ma\/?post_type=product&#038;p=8341"},"modified":"2026-01-26T13:02:34","modified_gmt":"2026-01-26T12:02:34","slug":"revox-zitcare-aha-bha-pha-multi-serum-30ml","status":"publish","type":"product","link":"https:\/\/parapharmacieenligne.ma\/en\/product\/revox-zitcare-aha-bha-pha-multi-serum-30ml\/","title":{"rendered":"REVOX ZITCARE AHA.BHA.PHA. MULTI SERUM, 30ml"},"content":{"rendered":"<div aria-labelledby=\"tab-title-description\" class=\"woocommerce-Tabs-panel woocommerce-Tabs-panel--description panel entry-content wc-tab\" id=\"tab-description\" role=\"tabpanel\" style=\"\">\n<h2>Description<\/h2>\n<p class=\"p1\"> Ce processus cr\u00e9e de l\u2019acn\u00e9 et des boutons sur la peau, l\u2019irrite et la rend probl\u00e9matique. Le traitement de ce probl\u00e8me doit \u00eatre syst\u00e9matique et persistant, ce qui permettra d\u2019att\u00e9nuer les boutons et les imperfections existants et de contr\u00f4ler les futures pouss\u00e9es. La ligne REVOX B77 ZITCARE\u00ae combine des ingr\u00e9dients actifs qui aident \u00e0 nettoyer, \u00e0 traiter les imperfections, \u00e0 r\u00e9guler la Produition de s\u00e9bum et \u00e0 maintenir une peau saine et lisse. Le s\u00e9rum multiphase pour le visage contient un m\u00e9lange d\u2019AHA, de BHA et de PHA qui aide \u00e0 \u00e9liminer les cellules mortes de la peau, \u00e0 r\u00e9guler la Produition de s\u00e9bum et \u00e0 donner \u00e0 la peau un aspect lisse et mat. Associ\u00e9 \u00e0 l\u2019arbre \u00e0 th\u00e9 dans la formule, il poss\u00e8de des propri\u00e9t\u00e9s apaisantes et contribue \u00e0 l\u2019am\u00e9lioration de l\u2019apparence des pores dilat\u00e9s. La Centella Asiatica contribue \u00e0 renforcer la barri\u00e8re protectrice et \u00e0 pr\u00e9venir la perte excessive d\u2019humidit\u00e9, ce qui permet \u00e0 la peau de rester hydrat\u00e9e. Le niacinamide joue un r\u00f4le dans le lissage de la peau et l\u2019am\u00e9lioration globale de sa texture.<\/p>\n<p class=\"p1\">Combinez avec d\u2019autres produits de la gamme REVOX B77 ZITCARE\u00ae pour obtenir des r\u00e9sultats optimaux.<\/p>\n<p class=\"p1\"><strong>Mode d\u2019emploi:<\/strong> Agiter le produit pour m\u00e9langer les deux phases. Appliquer une petite quantit\u00e9 sur la peau propre et s\u00e8che du visage, en \u00e9vitant le contour des yeux. Tapoter doucement jusqu\u2019\u00e0 absorption compl\u00e8te. Avant la premi\u00e8re application, il est recommand\u00e9 d\u2019effectuer un test de sensibilit\u00e9.<\/p>\n<p class=\"p1\"><strong>Attention:<\/strong> Ne pas combiner avec d\u2019autres acides directs. Ne pas utiliser sur une peau ab\u00eem\u00e9e ou qui p\u00e8le. Ne pas frotter la peau ou l\u2019exfolier excessivement avant l\u2019application. \u00c9viter l\u2019exposition directe au soleil et utiliser quotidiennement un \u00e9cran solaire. Une intol\u00e9rance individuelle au produit est possible. En cas d\u2019inconfort, cessez d\u2019utiliser le produit.<\/p>\n<p class=\"p1\"><strong>Ingr\u00e9dients:<\/strong> Water\/Aqua, Centella Asiatica Extract \/ Centella Asiatica Leaf Extract, Coco-Caprylate\/ Caprate, Caprylic\/Capric Triglyceride, Squalane, Propylene Glycol, VitaminB3\/ Niacinamide, Gluconolactone, LacticAcid, Glycolic Acid, Citric Acid, Malic Acid, Salicylic Acid, Provitamin B5 \/ Panthenol, Phenoxyethanol, SodiumChloride, TeaTreeExtract\/ Melaleuca Alternifolia Leaf Extract, Tea Tree Oil \/ Melaleuca Alternifolia Leaf Oil, Vitamin E Acetate \/ Tocopheryl Acetate, Sodium Benzoate, PotassiumSorbate, DisodiumEDTA, Potassium Hydroxide, Tartrazine \/ CI 19140.<\/p>\n<\/p><\/div>","protected":false},"excerpt":{"rendered":"<p>Highlights:Chaque jour, Antirougeurs JOUR Emulsion apaise, att\u00e9nue et pr\u00e9venient les rougeurs cutan\u00e9es.Adapt\u00e9e aux peaux normales \u00e0 mixtes, sa texture l\u00e9g\u00e8re non grasse laisse la peau douce et confortable toute la journ\u00e9e.<\/p>","protected":false},"featured_media":8421,"comment_status":"open","ping_status":"closed","template":"","meta":[],"product_cat":[83],"product_tag":[],"yith_product_brand":[124],"class_list":{"0":"post-8341","1":"product","2":"type-product","3":"status-publish","4":"has-post-thumbnail","6":"product_cat-soins-visage","7":"yith_product_brand-revox","9":"first","10":"instock","11":"sale","12":"shipping-taxable","13":"purchasable","14":"product-type-simple"},"_links":{"self":[{"href":"https:\/\/parapharmacieenligne.ma\/en\/wp-json\/wp\/v2\/product\/8341","targetHints":{"allow":["GET"]}}],"collection":[{"href":"https:\/\/parapharmacieenligne.ma\/en\/wp-json\/wp\/v2\/product"}],"about":[{"href":"https:\/\/parapharmacieenligne.ma\/en\/wp-json\/wp\/v2\/types\/product"}],"replies":[{"embeddable":true,"href":"https:\/\/parapharmacieenligne.ma\/en\/wp-json\/wp\/v2\/comments?post=8341"}],"version-history":[{"count":1,"href":"https:\/\/parapharmacieenligne.ma\/en\/wp-json\/wp\/v2\/product\/8341\/revisions"}],"predecessor-version":[{"id":8422,"href":"https:\/\/parapharmacieenligne.ma\/en\/wp-json\/wp\/v2\/product\/8341\/revisions\/8422"}],"wp:featuredmedia":[{"embeddable":true,"href":"https:\/\/parapharmacieenligne.ma\/en\/wp-json\/wp\/v2\/media\/8421"}],"wp:attachment":[{"href":"https:\/\/parapharmacieenligne.ma\/en\/wp-json\/wp\/v2\/media?parent=8341"}],"wp:term":[{"taxonomy":"product_cat","embeddable":true,"href":"https:\/\/parapharmacieenligne.ma\/en\/wp-json\/wp\/v2\/product_cat?post=8341"},{"taxonomy":"product_tag","embeddable":true,"href":"https:\/\/parapharmacieenligne.ma\/en\/wp-json\/wp\/v2\/product_tag?post=8341"},{"taxonomy":"yith_product_brand","embeddable":true,"href":"https:\/\/parapharmacieenligne.ma\/en\/wp-json\/wp\/v2\/yith_product_brand?post=8341"}],"curies":[{"name":"wp","href":"https:\/\/api.w.org\/{rel}","templated":true}]}}