{"id":8410,"date":"2026-01-26T13:01:54","date_gmt":"2026-01-26T12:01:54","guid":{"rendered":"https:\/\/parapharmacieenligne.ma\/?post_type=product&#038;p=8410"},"modified":"2026-01-26T13:04:22","modified_gmt":"2026-01-26T12:04:22","slug":"revox-plex-bond-care-conditioner-step-5-260-ml","status":"publish","type":"product","link":"https:\/\/parapharmacieenligne.ma\/en\/product\/revox-plex-bond-care-conditioner-step-5-260-ml\/","title":{"rendered":"REVOX PLEX BOND CARE CONDITIONER STEP 5 260 ml"},"content":{"rendered":"<div aria-labelledby=\"tab-title-description\" class=\"woocommerce-Tabs-panel woocommerce-Tabs-panel--description panel entry-content wc-tab\" id=\"tab-description\" role=\"tabpanel\" style=\"\">\n<h2>Description<\/h2>\n<p class=\"p1\"><span class=\"s1\"> Ce revitalisant r\u00e9parateur agit pour hydrater et nourrir en profondeur les fibres capillaires et reconstituer en profondeur les cheveux ab\u00eem\u00e9s et color\u00e9s. Il prot\u00e8ge sa structure des facteurs externes nocifs tout en aidant \u00e0 \u00e9liminer les cassures et les frisottis. Le produit am\u00e9liore la brillance de la couleur et ajoute une brillance et un corps luxueux aux cheveux, sans les alourdir. Les cheveux deviennent plus lisses, plus lisses et plus sains \u00e0 chaque utilisation.<\/span><\/p>\n<p class=\"p1\"><span class=\"s1\">Sans danger pour la couleur et b\u00e9n\u00e9fique pour tous les types de cheveux.<\/span><\/p>\n<p class=\"p1\"><b>Mode d\u2019emploi:<\/b><\/p>\n<p class=\"p1\"><span class=\"s1\">Utiliser chaque fois que vous vous lavez les cheveux, de pr\u00e9f\u00e9rence apr\u00e8s le SHAMPOOING REVOX B77 PLEX BOND CARE.<\/span><\/p>\n<ol>\n<li><span class=\"s1\">Appliquez uniform\u00e9ment une quantit\u00e9 suffisante de revitalisant sur les longueurs des cheveux propres et humides.<\/span><\/li>\n<li><span class=\"s1\">Apr\u00e8s 3-4 minutes, rincer abondamment \u00e0 l\u2019eau ti\u00e8de.<\/span><\/li>\n<li><span class=\"s1\">Pour de meilleurs r\u00e9sultats, appliquez ensuite REVOX B77 PLEX BOND CR\u00c8ME LISSANTE.<\/span><\/li>\n<\/ol>\n<p><strong>Ingr\u00e9dients :<\/strong> Eau\/Aqua, Alcool c\u00e9t\u00e9arylique, Chlorure de c\u00e9trimonium, Octyldod\u00e9canol, Huile de noix de coco\/Huile de cocos nucifera, K\u00e9ratine hydrolys\u00e9e, Huile de ricin\/Huile de graine de Ricinus Communis, Ceteareth-20, St\u00e9arate d\u2019\u00e9thylhexyle, Isodod\u00e9cane (et) Dim\u00e9thiconol, Polyquaternium-7, Ph\u00e9noxy\u00e9thanol , Fragrance \/ Parfum, EDTA disodique, acide citrique, di-t-butyl-4-hydroxyhydrocinnamate d\u2019octad\u00e9cyle, limon\u00e8ne.<\/p>\n<\/p><\/div>","protected":false},"excerpt":{"rendered":"<p>Highlights:REVOX B77 PLEX BOND CARE CONDITIONERest la 5\u00e8me \u00e9tape du syst\u00e8me avanc\u00e9 de reconstruction capillaire REVOX B77 PLEX.<\/p>","protected":false},"featured_media":8465,"comment_status":"open","ping_status":"closed","template":"","meta":[],"product_cat":[84],"product_tag":[],"yith_product_brand":[124],"class_list":{"0":"post-8410","1":"product","2":"type-product","3":"status-publish","4":"has-post-thumbnail","6":"product_cat-soins-cheveux","7":"yith_product_brand-revox","9":"first","10":"instock","11":"sale","12":"shipping-taxable","13":"purchasable","14":"product-type-simple"},"_links":{"self":[{"href":"https:\/\/parapharmacieenligne.ma\/en\/wp-json\/wp\/v2\/product\/8410","targetHints":{"allow":["GET"]}}],"collection":[{"href":"https:\/\/parapharmacieenligne.ma\/en\/wp-json\/wp\/v2\/product"}],"about":[{"href":"https:\/\/parapharmacieenligne.ma\/en\/wp-json\/wp\/v2\/types\/product"}],"replies":[{"embeddable":true,"href":"https:\/\/parapharmacieenligne.ma\/en\/wp-json\/wp\/v2\/comments?post=8410"}],"version-history":[{"count":1,"href":"https:\/\/parapharmacieenligne.ma\/en\/wp-json\/wp\/v2\/product\/8410\/revisions"}],"predecessor-version":[{"id":8466,"href":"https:\/\/parapharmacieenligne.ma\/en\/wp-json\/wp\/v2\/product\/8410\/revisions\/8466"}],"wp:featuredmedia":[{"embeddable":true,"href":"https:\/\/parapharmacieenligne.ma\/en\/wp-json\/wp\/v2\/media\/8465"}],"wp:attachment":[{"href":"https:\/\/parapharmacieenligne.ma\/en\/wp-json\/wp\/v2\/media?parent=8410"}],"wp:term":[{"taxonomy":"product_cat","embeddable":true,"href":"https:\/\/parapharmacieenligne.ma\/en\/wp-json\/wp\/v2\/product_cat?post=8410"},{"taxonomy":"product_tag","embeddable":true,"href":"https:\/\/parapharmacieenligne.ma\/en\/wp-json\/wp\/v2\/product_tag?post=8410"},{"taxonomy":"yith_product_brand","embeddable":true,"href":"https:\/\/parapharmacieenligne.ma\/en\/wp-json\/wp\/v2\/yith_product_brand?post=8410"}],"curies":[{"name":"wp","href":"https:\/\/api.w.org\/{rel}","templated":true}]}}