{"id":8748,"date":"2026-01-26T15:08:15","date_gmt":"2026-01-26T14:08:15","guid":{"rendered":"https:\/\/parapharmacieenligne.ma\/?post_type=product&#038;p=8748"},"modified":"2026-01-26T15:08:41","modified_gmt":"2026-01-26T14:08:41","slug":"gph-curcuma-poivre-noir-300mg-100-gelules","status":"publish","type":"product","link":"https:\/\/parapharmacieenligne.ma\/en\/product\/gph-curcuma-poivre-noir-300mg-100-gelules\/","title":{"rendered":"GPH Curcuma &#038; Poivre Noir 300mg 100 Gelules"},"content":{"rendered":"<div aria-labelledby=\"tab-title-description\" class=\"woocommerce-Tabs-panel woocommerce-Tabs-panel--description panel entry-content wc-tab\" id=\"tab-description\" role=\"tabpanel\" style=\"\">\n<h2>Description<\/h2>\n<section class=\"page-product-box\" id=\"prod-desc\">\n<div>\n<h2>Qu\u2019est-ce que le curcuma ?<\/h2>\n<p>L\u2019histoire du <strong>curcuma<\/strong> a commenc\u00e9 il y a d\u00e9j\u00e0 plus de 4000 ans. En r\u00e9alit\u00e9, il a \u00e9t\u00e9 <i>fa\u00e7onn\u00e9<\/i> apr\u00e8s la s\u00e9lection de nombreuses plantes. On ne peut donc pas connaitre v\u00e9ritablement son origine. On consid\u00e8re toutefois qu\u2019il est <strong>originaire du Sud de l\u2019Asie<\/strong>. Le <i>Curcuma longa<\/i> provient de la m\u00eame famille botanique que celle du gingembre et du poivre de Guin\u00e9e, celle des <strong>Zingib\u00e9rac\u00e9es<\/strong>. D\u2019ailleurs, il est parfois surnomm\u00e9 <i>gingembre jaune <\/i>de part sa couleur jaune orang\u00e9<i>.<\/i><\/p>\n<p>Le curcuma est \u00e0 la fois une plante herbac\u00e9e et vivace. Bien que sa jolie fleur soit tr\u00e8s esth\u00e9tique, c\u2019est g\u00e9n\u00e9ralement pour les <strong>principes actifs condens\u00e9s dans sa racine<\/strong> (rhizome) qu\u2019il est cultiv\u00e9, et notamment pour la <strong>curcumine<\/strong>. M\u00eame s\u2019il existe du curcuma \u00e0 boire, la plante est le plus souvent r\u00e9duite en poudre. Elle est alors utilis\u00e9e en herboristerie traditionnelle, en cuisine telle une \u00e9pice (souvent utilis\u00e9e dans la cuisine indienne) et dans certains cosm\u00e9tiques.<\/p>\n<p><img fetchpriority=\"high\" alt=\"\" class=\"loaded\" data-src=\"https:\/\/www.123gelules.com\/img\/cms\/CurcumaPoivrenoir-02-AmazonMerch-GPH-G%C3%A9lV%C3%A9g-970x600.jpg\" decoding=\"async\" height=\"300\" src=\"https:\/\/www.123gelules.com\/img\/cms\/CurcumaPoivrenoir-02-AmazonMerch-GPH-G%C3%A9lV%C3%A9g-970x600.jpg\" width=\"970\"\/><\/p>\n<h2>Pourquoi associer le curcuma et le poivre noir ? Quels bienfaits ?<\/h2>\n<p>Dans l\u2019alimentation de nombreux pays, le curcuma est associ\u00e9 \u00e0 du miel, du lait de coco, du citron, de l\u2019huile d\u2019olive et m\u00eame du gingembre. Nombreux naturopathes proposeront quant \u00e0 eux l\u2019association curcuma\/poivre noir, afin d\u2019en conjuguer les propri\u00e9t\u00e9s b\u00e9n\u00e9fiques et ses nombreuses vertus. En effet, <strong>le poivre noir r\u00e9v\u00e8le tout le potentiel du curcuma<\/strong>. C\u2019est notre organisme qui nous remercie !<\/p>\n<p>\u00c0 dire vrai, le poivre contient de <strong>la pip\u00e9rine<\/strong> qui <strong>aide dans l\u2019absorption des curcumino\u00efdes<\/strong>, le principal actif du curcuma. C\u2019est pour cela qu\u2019il est conseill\u00e9 de prendre du poivre noir en m\u00eame temps que la dose journali\u00e8re de curcuma. Bien entendu, le curcuma sans poivre peut \u00eatre consomm\u00e9. Les actifs naturels de la plante seront tout de m\u00eame absorb\u00e9s par l\u2019organisme.<\/p>\n<h2>Comment prendre du curcuma en poudre et du poivre noir ?<\/h2>\n<p>Alors qu\u2019en cuisine, quelques grammes de curcuma en poudre sont pos\u00e9 sur les aliments en une quantit\u00e9 non-d\u00e9finie, ce compl\u00e9ment alimentaire au curcuma est pr\u00e9alablement dos\u00e9 et \u00e9tudi\u00e9 pour une prise quotidienne ad\u00e9quate. Ainsi, avec nos g\u00e9lules de curcuma et poivre noir bio, vous profitez des bienfaits des deux plantes sont aucune prise de t\u00eate ! Il est n\u00e9anmoins pr\u00e9f\u00e9rable de <strong>r\u00e9aliser une compl\u00e9mentation en curcuma <\/strong>sur plusieurs jours <strong>pour observer les effets sur le bien-\u00eatre<\/strong>.<\/p>\n<\/p>\n<\/p><\/div>\n<\/section>\n<section class=\"page-product-box\" id=\"prod-conseil\">\n<div class=\"bottom-title\">CONSEIL D\u2019UTILISATION<\/div>\n<div>\n<p>2 \u00e0 3 g\u00e9lules par jour avec un grand verre d\u2019eau au cours des repas et dans le cadre d\u2019une alimentation \u00e9quilibr\u00e9e.<\/p>\n<p><em>Tenir hors de port\u00e9e des enfants. Ne pas d\u00e9passer la dose journali\u00e8re recommand\u00e9e. Consulter un m\u00e9decin ou un pharmacien en cas de prise concumitante d\u2019anticoagulant. <\/em><\/p>\n<\/p><\/div>\n<\/section>\n<section class=\"page-product-box\" id=\"prod-ingredient\">\n<div class=\"bottom-title\">INGR\u00c9DIENTS<\/div>\n<div>\n<p>Ingr\u00e9dients pour 3 g\u00e9lules :<\/p>\n<p>Poudre de curcuma racine* : 750 mg<\/p>\n<p>Poudre de poivre noir* : 150 mg<\/p>\n<p>Enveloppe (Hydroxypropylm\u00e9thylcellulose) : 225 mg<\/p>\n<p>G\u00e9lule d\u2019origine v\u00e9g\u00e9tale<\/p>\n<\/p>\n<p>*Produit issu de l\u2019agriculture biologique FR-BIO-01 Agriculture UE \/ non UE<\/p>\n<\/p><\/div>\n<\/section><\/div>","protected":false},"excerpt":{"rendered":"<p>Highlights:Sant\u00e9 du diab\u00e8te<\/p>","protected":false},"featured_media":8780,"comment_status":"open","ping_status":"closed","template":"","meta":[],"product_cat":[92],"product_tag":[],"yith_product_brand":[128],"class_list":{"0":"post-8748","1":"product","2":"type-product","3":"status-publish","4":"has-post-thumbnail","6":"product_cat-complements-alimentaires","7":"yith_product_brand-gph","9":"first","10":"instock","11":"sale","12":"shipping-taxable","13":"purchasable","14":"product-type-simple"},"_links":{"self":[{"href":"https:\/\/parapharmacieenligne.ma\/en\/wp-json\/wp\/v2\/product\/8748","targetHints":{"allow":["GET"]}}],"collection":[{"href":"https:\/\/parapharmacieenligne.ma\/en\/wp-json\/wp\/v2\/product"}],"about":[{"href":"https:\/\/parapharmacieenligne.ma\/en\/wp-json\/wp\/v2\/types\/product"}],"replies":[{"embeddable":true,"href":"https:\/\/parapharmacieenligne.ma\/en\/wp-json\/wp\/v2\/comments?post=8748"}],"version-history":[{"count":1,"href":"https:\/\/parapharmacieenligne.ma\/en\/wp-json\/wp\/v2\/product\/8748\/revisions"}],"predecessor-version":[{"id":8781,"href":"https:\/\/parapharmacieenligne.ma\/en\/wp-json\/wp\/v2\/product\/8748\/revisions\/8781"}],"wp:featuredmedia":[{"embeddable":true,"href":"https:\/\/parapharmacieenligne.ma\/en\/wp-json\/wp\/v2\/media\/8780"}],"wp:attachment":[{"href":"https:\/\/parapharmacieenligne.ma\/en\/wp-json\/wp\/v2\/media?parent=8748"}],"wp:term":[{"taxonomy":"product_cat","embeddable":true,"href":"https:\/\/parapharmacieenligne.ma\/en\/wp-json\/wp\/v2\/product_cat?post=8748"},{"taxonomy":"product_tag","embeddable":true,"href":"https:\/\/parapharmacieenligne.ma\/en\/wp-json\/wp\/v2\/product_tag?post=8748"},{"taxonomy":"yith_product_brand","embeddable":true,"href":"https:\/\/parapharmacieenligne.ma\/en\/wp-json\/wp\/v2\/yith_product_brand?post=8748"}],"curies":[{"name":"wp","href":"https:\/\/api.w.org\/{rel}","templated":true}]}}