{"id":8758,"date":"2026-01-26T15:08:20","date_gmt":"2026-01-26T14:08:20","guid":{"rendered":"https:\/\/parapharmacieenligne.ma\/?post_type=product&#038;p=8758"},"modified":"2026-01-26T15:09:45","modified_gmt":"2026-01-26T14:09:45","slug":"gph-diffusion-aubier-de-tilleul-20-ampoules15ml","status":"publish","type":"product","link":"https:\/\/parapharmacieenligne.ma\/en\/product\/gph-diffusion-aubier-de-tilleul-20-ampoules15ml\/","title":{"rendered":"GPH Diffusion Aubier de Tilleul 20 Ampoules*15ml"},"content":{"rendered":"<div aria-labelledby=\"tab-title-description\" class=\"woocommerce-Tabs-panel woocommerce-Tabs-panel--description panel entry-content wc-tab\" id=\"tab-description\" role=\"tabpanel\" style=\"\">\n<h2>Description<\/h2>\n<p>L\u2019Aubier de tilleul est traditionnellement utilis\u00e9 pour contribuer au bien-\u00eatre digestif et \u00e9galement soutenir une activit\u00e9 h\u00e9patique saine.<br \/>\n L\u2019Aubier de tilleul Bio est un puissant draineur de tout l\u2019organisme. Pour un meilleur confort et pour ne pas vous d\u00e9min\u00e9raliser pendant votre cure, il est fortement conseill\u00e9 de l\u2019accompagner ainsi d\u2019un bon remin\u00e9ralisant .<\/p>\n<p>Compl\u00e9ment alimentaire Aubier de Tilleul issu de l\u2019agriculture biologique, Tilia cordata, GPH Diffusion, en ampoules.<br \/>\n Les compl\u00e9ments alimentaires GPH Diffusion sont pr\u00e9par\u00e9s \u00e0 partir de plantes s\u00e9lectionn\u00e9es et cultiv\u00e9es gr\u00e2ce \u00e0 des m\u00e9thodes respectueuses de l\u2019environnement conform\u00e9ment au mode de production biologique. Ces conditions optimales de culture permettent \u00e0 GPH Diffusion de vous proposer des produits sains tout en gardant l\u2019int\u00e9gralit\u00e9 des principes actifs de la plante.<\/p>\n<p><strong>Utilisation des ampoules d\u2019Aubier de Tilleul :<\/strong><\/p>\n<p>1 ampoule d\u2019aubier de tilleul par jour avec un grand verre d\u2019eau .<\/p>\n<p>Compl\u00e9ment Alimentaire<br \/>\n Ne peut \u00eatre substitu\u00e9 \u00e0 un r\u00e9gime alimentaire vari\u00e9.<br \/>\n A prendre dans le cadre d\u2019un mode de vie sain.<br \/>\n Tenir hors de port\u00e9e des enfants<br \/>\n Ne pas d\u00e9passer la dose journali\u00e8re recommand\u00e9e.<br \/>\n A conserver dans un endroit sec et \u00e0 l\u2019abri de la lumi\u00e8re.<\/p>\n<\/p>\n<\/p><\/div>","protected":false},"excerpt":{"rendered":"<p>Highlights:Am\u00e9liore la souplesse et la mobilit\u00e9 du cartilage etdes tendons.<\/p>","protected":false},"featured_media":8809,"comment_status":"open","ping_status":"closed","template":"","meta":[],"product_cat":[92],"product_tag":[],"yith_product_brand":[128],"class_list":{"0":"post-8758","1":"product","2":"type-product","3":"status-publish","4":"has-post-thumbnail","6":"product_cat-complements-alimentaires","7":"yith_product_brand-gph","9":"first","10":"instock","11":"sale","12":"shipping-taxable","13":"purchasable","14":"product-type-simple"},"_links":{"self":[{"href":"https:\/\/parapharmacieenligne.ma\/en\/wp-json\/wp\/v2\/product\/8758","targetHints":{"allow":["GET"]}}],"collection":[{"href":"https:\/\/parapharmacieenligne.ma\/en\/wp-json\/wp\/v2\/product"}],"about":[{"href":"https:\/\/parapharmacieenligne.ma\/en\/wp-json\/wp\/v2\/types\/product"}],"replies":[{"embeddable":true,"href":"https:\/\/parapharmacieenligne.ma\/en\/wp-json\/wp\/v2\/comments?post=8758"}],"version-history":[{"count":1,"href":"https:\/\/parapharmacieenligne.ma\/en\/wp-json\/wp\/v2\/product\/8758\/revisions"}],"predecessor-version":[{"id":8810,"href":"https:\/\/parapharmacieenligne.ma\/en\/wp-json\/wp\/v2\/product\/8758\/revisions\/8810"}],"wp:featuredmedia":[{"embeddable":true,"href":"https:\/\/parapharmacieenligne.ma\/en\/wp-json\/wp\/v2\/media\/8809"}],"wp:attachment":[{"href":"https:\/\/parapharmacieenligne.ma\/en\/wp-json\/wp\/v2\/media?parent=8758"}],"wp:term":[{"taxonomy":"product_cat","embeddable":true,"href":"https:\/\/parapharmacieenligne.ma\/en\/wp-json\/wp\/v2\/product_cat?post=8758"},{"taxonomy":"product_tag","embeddable":true,"href":"https:\/\/parapharmacieenligne.ma\/en\/wp-json\/wp\/v2\/product_tag?post=8758"},{"taxonomy":"yith_product_brand","embeddable":true,"href":"https:\/\/parapharmacieenligne.ma\/en\/wp-json\/wp\/v2\/yith_product_brand?post=8758"}],"curies":[{"name":"wp","href":"https:\/\/api.w.org\/{rel}","templated":true}]}}