{"id":8760,"date":"2026-01-26T15:08:21","date_gmt":"2026-01-26T14:08:21","guid":{"rendered":"https:\/\/parapharmacieenligne.ma\/?post_type=product&#038;p=8760"},"modified":"2026-01-26T15:09:57","modified_gmt":"2026-01-26T14:09:57","slug":"gph-diffusion-ginkgo-biloba-20-ampoules15ml","status":"publish","type":"product","link":"https:\/\/parapharmacieenligne.ma\/en\/product\/gph-diffusion-ginkgo-biloba-20-ampoules15ml\/","title":{"rendered":"GPH Diffusion Ginkgo Biloba 20 Ampoules*15ml"},"content":{"rendered":"<div aria-labelledby=\"tab-title-description\" class=\"woocommerce-Tabs-panel woocommerce-Tabs-panel--description panel entry-content wc-tab\" id=\"tab-description\" role=\"tabpanel\" style=\"\">\n<h2>Description<\/h2>\n<p>Le ginkgo intervient dans le m\u00e9canisme physiologique de la m\u00e9moire.<\/p>\n<p>Le ginkgo contribue \u00e0 une bonne m\u00e9moire et \u00e0 une bonne circulation.<\/p>\n<p>La feuille rec\u00e8le des composants sp\u00e9cifiques, les ginkgolides, associ\u00e9s \u00e0 des flavono\u00efdes et des anti-oxydants. A la fois toniques et protecteurs vasculaires, ces actifs expliquent l\u2019action b\u00e9n\u00e9fique du ginkgo sur la circulation c\u00e9r\u00e9brale.<\/p>\n<p>En favorisant une meilleure oxyg\u00e9nation du cerveau, l\u2019extrait concentr\u00e9 de ginkgo participe notamment au maintien des capacit\u00e9s m\u00e9morielles.<\/p>\n<p><strong>Conseils d\u2019utilisation:<\/strong><\/p>\n<p>Une ampoule par jour le midi \u00e0 diluer dans un grand verre d\u2019eau<\/p>\n<p><strong>Ingr\u00e9dient:<\/strong><\/p>\n<p>Extrait fluide de ginkgo biloba feuille bio 15 ml<\/p>\n<\/p><\/div>","protected":false},"excerpt":{"rendered":"<p>Highlights:Le ginkgo intervient dans le m\u00e9canisme physiologique de la m\u00e9moire.Le ginkgo contribue \u00e0 une bonne m\u00e9moire et \u00e0 une bonne circulation.<\/p>","protected":false},"featured_media":8817,"comment_status":"open","ping_status":"closed","template":"","meta":[],"product_cat":[92],"product_tag":[],"yith_product_brand":[128],"class_list":{"0":"post-8760","1":"product","2":"type-product","3":"status-publish","4":"has-post-thumbnail","6":"product_cat-complements-alimentaires","7":"yith_product_brand-gph","9":"first","10":"instock","11":"sale","12":"shipping-taxable","13":"purchasable","14":"product-type-simple"},"_links":{"self":[{"href":"https:\/\/parapharmacieenligne.ma\/en\/wp-json\/wp\/v2\/product\/8760","targetHints":{"allow":["GET"]}}],"collection":[{"href":"https:\/\/parapharmacieenligne.ma\/en\/wp-json\/wp\/v2\/product"}],"about":[{"href":"https:\/\/parapharmacieenligne.ma\/en\/wp-json\/wp\/v2\/types\/product"}],"replies":[{"embeddable":true,"href":"https:\/\/parapharmacieenligne.ma\/en\/wp-json\/wp\/v2\/comments?post=8760"}],"version-history":[{"count":1,"href":"https:\/\/parapharmacieenligne.ma\/en\/wp-json\/wp\/v2\/product\/8760\/revisions"}],"predecessor-version":[{"id":8818,"href":"https:\/\/parapharmacieenligne.ma\/en\/wp-json\/wp\/v2\/product\/8760\/revisions\/8818"}],"wp:featuredmedia":[{"embeddable":true,"href":"https:\/\/parapharmacieenligne.ma\/en\/wp-json\/wp\/v2\/media\/8817"}],"wp:attachment":[{"href":"https:\/\/parapharmacieenligne.ma\/en\/wp-json\/wp\/v2\/media?parent=8760"}],"wp:term":[{"taxonomy":"product_cat","embeddable":true,"href":"https:\/\/parapharmacieenligne.ma\/en\/wp-json\/wp\/v2\/product_cat?post=8760"},{"taxonomy":"product_tag","embeddable":true,"href":"https:\/\/parapharmacieenligne.ma\/en\/wp-json\/wp\/v2\/product_tag?post=8760"},{"taxonomy":"yith_product_brand","embeddable":true,"href":"https:\/\/parapharmacieenligne.ma\/en\/wp-json\/wp\/v2\/yith_product_brand?post=8760"}],"curies":[{"name":"wp","href":"https:\/\/api.w.org\/{rel}","templated":true}]}}