{"id":8764,"date":"2026-01-26T15:08:23","date_gmt":"2026-01-26T14:08:23","guid":{"rendered":"https:\/\/parapharmacieenligne.ma\/?post_type=product&#038;p=8764"},"modified":"2026-01-26T15:10:34","modified_gmt":"2026-01-26T14:10:34","slug":"gph-diffusion-charbon-vegetal-actif-200-gelules","status":"publish","type":"product","link":"https:\/\/parapharmacieenligne.ma\/en\/product\/gph-diffusion-charbon-vegetal-actif-200-gelules\/","title":{"rendered":"GPH DIFFUSION Charbon V\u00e9g\u00e9tal Actif 200 Gelules"},"content":{"rendered":"<div aria-labelledby=\"tab-title-description\" class=\"woocommerce-Tabs-panel woocommerce-Tabs-panel--description panel entry-content wc-tab\" id=\"tab-description\" role=\"tabpanel\" style=\"\">\n<h2>Description<\/h2>\n<div class=\"contentProduct\">\n<div class=\"groupFlex\">\n<div class=\"ax-right-column\">\n<div id=\"prod-bottom\">\n<div class=\"row\">\n<div class=\"\">\n<section class=\"page-product-box\" id=\"prod-desc\">\n<div class=\"bottom-title\"><\/div>\n<div>\n<h2><img fetchpriority=\"high\" alt=\"\" class=\"loaded\" data-src=\"https:\/\/www.123gelules.com\/img\/cms\/123G-Charbon-actif-Gel-Org-01-970x600.jpg\" decoding=\"async\" height=\"600\" src=\"https:\/\/www.123gelules.com\/img\/cms\/123G-Charbon-actif-Gel-Org-01-970x600.jpg\" width=\"970\"\/><\/h2>\n<h2>Les qualit\u00e9s du charbon v\u00e9g\u00e9tal sur l\u2019organisme<\/h2>\n<p>Le charbon v\u00e9g\u00e9tal est une substance que l\u2019on utilise bien souvent, en plus d\u2019une alimentation saine et \u00e9quilibr\u00e9e. Il s\u2019agit d\u2019un produit qui fait partie de nombreux compl\u00e9ments alimentaires, mais aussi de m\u00e9dicaments, dont il est parfois le composant principal. Le charbon v\u00e9g\u00e9tal est obtenu \u00e0 partir de la <strong>combustion de plantes<\/strong>, bien souvent de <strong>coques de noix de coco<\/strong>, pour une efficacit\u00e9 optimale. On l\u2019appelle \u00e9galement <em>Carbo ligni<\/em> pour son nom scientifique, et ses bienfaits sont nombreux.<\/p>\n<p><img alt=\"\" class=\"loaded\" data-src=\"https:\/\/www.123gelules.com\/img\/cms\/123G-Charbon-actif-Gel-Org-03-970x400.jpg\" decoding=\"async\" height=\"400\" src=\"https:\/\/www.123gelules.com\/img\/cms\/123G-Charbon-actif-Gel-Org-03-970x400.jpg\" width=\"970\"\/><\/p>\n<h2>Diff\u00e9rentes utilisations du charbon v\u00e9g\u00e9tal<\/h2>\n<p>Le charbon v\u00e9g\u00e9tal offre un grand nombre de bienfaits \u00e0 ceux qui l\u2019utilisent au quotidien. Il s\u2019agit d\u2019un compl\u00e9ment alimentaire qui ne dispose d\u2019aucun effet secondaire. Il est cependant important de le prendre en dehors de ses traitements m\u00e9dicaux usuels : ses propri\u00e9t\u00e9s absorbantes ont en effet tendance \u00e0 entrer en interaction avec certaines mol\u00e9cules, dont l\u2019effet risque alors d\u2019\u00eatre annul\u00e9 ou simplement att\u00e9nu\u00e9 si les prises sont simultan\u00e9es, avec le charbon v\u00e9g\u00e9tal.<\/p>\n<p><img loading=\"lazy\" alt=\"\" class=\"loaded\" data-src=\"https:\/\/www.123gelules.com\/img\/cms\/123G-Charbon-actif-Gel-Org-04-970x555.jpg\" decoding=\"async\" height=\"555\" src=\"https:\/\/www.123gelules.com\/img\/cms\/123G-Charbon-actif-Gel-Org-04-970x555.jpg\" width=\"970\"\/><\/p>\n<h2>Une utilisation qui date de l\u2019Antiquit\u00e9<\/h2>\n<p>Le charbon v\u00e9g\u00e9tal profite d\u2019une r\u00e9putation tr\u00e8s ancienne, tout simplement parce que l\u2019on date ses premi\u00e8res utilisations \u00e0 l\u2019Antiquit\u00e9. Les textes d\u2019Hippocrate mentionnent notamment le charbon v\u00e9g\u00e9tal en tant que rem\u00e8de m\u00e9dicinal. Les Egyptiens de leur c\u00f4t\u00e9, utilisaient cette substance de mani\u00e8re \u00e0 purifier l\u2019eau. Aujourd\u2019hui, il s\u2019agit d\u2019un produit employ\u00e9 au sein des h\u00f4pitaux notamment en cas d\u2019empoisonnement. Le charbon est \u00e9galement utilis\u00e9 au sein de la pharmacop\u00e9e v\u00e9t\u00e9rinaire, pour nos amis les animaux.<\/p>\n<p><img loading=\"lazy\" alt=\"\" class=\"loaded\" data-src=\"https:\/\/www.123gelules.com\/img\/cms\/123G-Charbon-actif-Gel-Org-05-970x600.jpg\" decoding=\"async\" height=\"600\" src=\"https:\/\/www.123gelules.com\/img\/cms\/123G-Charbon-actif-Gel-Org-05-970x600.jpg\" width=\"970\"\/><\/p>\n<\/p>\n<\/p>\n<\/p><\/div>\n<\/section>\n<section class=\"page-product-box\" id=\"prod-conseil\">\n<div class=\"bottom-title\">CONSEIL D\u2019UTILISATION<\/div>\n<div>\n<p>5 g\u00e9lules 30 min avant le repas et 5 g\u00e9lules apr\u00e8s le repas avec un grand verre d\u2019eau.<\/p>\n<p>Il est recommand\u00e9 de respecter les doses conseill\u00e9es, de veiller \u00e0 avoir une alimentation vari\u00e9e, \u00e9quilibr\u00e9e et un mode de vie sain.<\/p>\n<p>\u00c0 conserver dans un endroit sec, frais et \u00e0 l\u2019abri de la lumi\u00e8re.<\/p>\n<\/p><\/div>\n<\/section>\n<section class=\"page-product-box\" id=\"prod-ingredient\">\n<div class=\"bottom-title\">INGR\u00c9DIENTS<\/div>\n<div>\n<p><strong>INGR\u00c9DIENTS POUR 10 G\u00c9LULES :<\/strong><\/p>\n<ul>\n<li>Poudre de Charbon v\u00e9g\u00e9tal activ\u00e9: 2000 mg<\/li>\n<li>Tunique (g\u00e9latine) : 750 mg<\/li>\n<\/ul>\n<\/p><\/div>\n<\/section><\/div>\n<\/p><\/div>\n<\/p><\/div>\n<\/p><\/div>\n<\/p><\/div>\n<\/p><\/div>\n<div class=\"infoBottom\"><\/div>\n<\/p><\/div>","protected":false},"excerpt":{"rendered":"<p>Highlights:Lutte efficacement contre les ballonnements et gaz intestinaux.<\/p>","protected":false},"featured_media":8830,"comment_status":"open","ping_status":"closed","template":"","meta":[],"product_cat":[92],"product_tag":[],"yith_product_brand":[128],"class_list":{"0":"post-8764","1":"product","2":"type-product","3":"status-publish","4":"has-post-thumbnail","6":"product_cat-complements-alimentaires","7":"yith_product_brand-gph","9":"first","10":"instock","11":"sale","12":"shipping-taxable","13":"purchasable","14":"product-type-simple"},"_links":{"self":[{"href":"https:\/\/parapharmacieenligne.ma\/en\/wp-json\/wp\/v2\/product\/8764","targetHints":{"allow":["GET"]}}],"collection":[{"href":"https:\/\/parapharmacieenligne.ma\/en\/wp-json\/wp\/v2\/product"}],"about":[{"href":"https:\/\/parapharmacieenligne.ma\/en\/wp-json\/wp\/v2\/types\/product"}],"replies":[{"embeddable":true,"href":"https:\/\/parapharmacieenligne.ma\/en\/wp-json\/wp\/v2\/comments?post=8764"}],"version-history":[{"count":1,"href":"https:\/\/parapharmacieenligne.ma\/en\/wp-json\/wp\/v2\/product\/8764\/revisions"}],"predecessor-version":[{"id":8831,"href":"https:\/\/parapharmacieenligne.ma\/en\/wp-json\/wp\/v2\/product\/8764\/revisions\/8831"}],"wp:featuredmedia":[{"embeddable":true,"href":"https:\/\/parapharmacieenligne.ma\/en\/wp-json\/wp\/v2\/media\/8830"}],"wp:attachment":[{"href":"https:\/\/parapharmacieenligne.ma\/en\/wp-json\/wp\/v2\/media?parent=8764"}],"wp:term":[{"taxonomy":"product_cat","embeddable":true,"href":"https:\/\/parapharmacieenligne.ma\/en\/wp-json\/wp\/v2\/product_cat?post=8764"},{"taxonomy":"product_tag","embeddable":true,"href":"https:\/\/parapharmacieenligne.ma\/en\/wp-json\/wp\/v2\/product_tag?post=8764"},{"taxonomy":"yith_product_brand","embeddable":true,"href":"https:\/\/parapharmacieenligne.ma\/en\/wp-json\/wp\/v2\/yith_product_brand?post=8764"}],"curies":[{"name":"wp","href":"https:\/\/api.w.org\/{rel}","templated":true}]}}