{"id":8765,"date":"2026-01-26T15:08:23","date_gmt":"2026-01-26T14:08:23","guid":{"rendered":"https:\/\/parapharmacieenligne.ma\/?post_type=product&#038;p=8765"},"modified":"2026-01-26T15:10:42","modified_gmt":"2026-01-26T14:10:42","slug":"gph-diffusion-curcuma-200-gelules","status":"publish","type":"product","link":"https:\/\/parapharmacieenligne.ma\/en\/product\/gph-diffusion-curcuma-200-gelules\/","title":{"rendered":"GPH DIFFUSION Curcuma 200 Gelules"},"content":{"rendered":"<div aria-labelledby=\"tab-title-description\" class=\"woocommerce-Tabs-panel woocommerce-Tabs-panel--description panel entry-content wc-tab\" id=\"tab-description\" role=\"tabpanel\" style=\"\">\n<h2>Description<\/h2>\n<p>L\u2019\u00e9l\u00e9ment actif du Curcuma est connu sous le nom de curcumine, cet antioxydant serait plus actif que la vitamine E. Il semble avoir une grande vari\u00e9t\u00e9 d\u2019effets th\u00e9rapeutiques. Il prot\u00e8ge des dommages caus\u00e9s par les radicaux libres par son effet puissamment antioxydant.<\/p>\n<p><strong>Conseils d\u2019utilisation :<\/strong><br \/>\n Prendre 2 \u00e0 3 g\u00e9lules de curcuma bio par jour, avec un grand verre d\u2019eau, durant les repas, en respectant la dose journali\u00e8re recommand\u00e9e.<\/p>\n<p><strong>Ingr\u00e9dients pour 3 g\u00e9lules :<\/strong><br \/>\n Poudre de curcuma racine * : 750 mg<br \/>\n Enveloppe (cellulose) : 225 mg<br \/>\n Poids net total : 65 g<\/p>\n<\/p><\/div>","protected":false},"excerpt":{"rendered":"<p>Highlights:Le \u00ab Curcuma Longa \u00bb,est une racine jaune de la famille du gingembre. Son association avec le poivre noir lui permet une meilleure biodisponibilit\u00e9 (meilleure absorption par l\u2019organisme).<\/p>","protected":false},"featured_media":8832,"comment_status":"open","ping_status":"closed","template":"","meta":[],"product_cat":[92],"product_tag":[],"yith_product_brand":[128],"class_list":{"0":"post-8765","1":"product","2":"type-product","3":"status-publish","4":"has-post-thumbnail","6":"product_cat-complements-alimentaires","7":"yith_product_brand-gph","9":"first","10":"instock","11":"sale","12":"shipping-taxable","13":"purchasable","14":"product-type-simple"},"_links":{"self":[{"href":"https:\/\/parapharmacieenligne.ma\/en\/wp-json\/wp\/v2\/product\/8765","targetHints":{"allow":["GET"]}}],"collection":[{"href":"https:\/\/parapharmacieenligne.ma\/en\/wp-json\/wp\/v2\/product"}],"about":[{"href":"https:\/\/parapharmacieenligne.ma\/en\/wp-json\/wp\/v2\/types\/product"}],"replies":[{"embeddable":true,"href":"https:\/\/parapharmacieenligne.ma\/en\/wp-json\/wp\/v2\/comments?post=8765"}],"version-history":[{"count":1,"href":"https:\/\/parapharmacieenligne.ma\/en\/wp-json\/wp\/v2\/product\/8765\/revisions"}],"predecessor-version":[{"id":8833,"href":"https:\/\/parapharmacieenligne.ma\/en\/wp-json\/wp\/v2\/product\/8765\/revisions\/8833"}],"wp:featuredmedia":[{"embeddable":true,"href":"https:\/\/parapharmacieenligne.ma\/en\/wp-json\/wp\/v2\/media\/8832"}],"wp:attachment":[{"href":"https:\/\/parapharmacieenligne.ma\/en\/wp-json\/wp\/v2\/media?parent=8765"}],"wp:term":[{"taxonomy":"product_cat","embeddable":true,"href":"https:\/\/parapharmacieenligne.ma\/en\/wp-json\/wp\/v2\/product_cat?post=8765"},{"taxonomy":"product_tag","embeddable":true,"href":"https:\/\/parapharmacieenligne.ma\/en\/wp-json\/wp\/v2\/product_tag?post=8765"},{"taxonomy":"yith_product_brand","embeddable":true,"href":"https:\/\/parapharmacieenligne.ma\/en\/wp-json\/wp\/v2\/yith_product_brand?post=8765"}],"curies":[{"name":"wp","href":"https:\/\/api.w.org\/{rel}","templated":true}]}}