{"id":8826,"date":"2026-01-26T15:10:24","date_gmt":"2026-01-26T14:10:24","guid":{"rendered":"https:\/\/parapharmacieenligne.ma\/?post_type=product&#038;p=8826"},"modified":"2026-01-26T15:13:09","modified_gmt":"2026-01-26T14:13:09","slug":"gph-diffusion-aubepine-270mg-200-gelules","status":"publish","type":"product","link":"https:\/\/parapharmacieenligne.ma\/en\/product\/gph-diffusion-aubepine-270mg-200-gelules\/","title":{"rendered":"GPH Diffusion Aub\u00e9pine 270Mg 200 G\u00e9lules"},"content":{"rendered":"<div aria-labelledby=\"tab-title-description\" class=\"woocommerce-Tabs-panel woocommerce-Tabs-panel--description panel entry-content wc-tab\" id=\"tab-description\" role=\"tabpanel\" style=\"\">\n<h2>Description<\/h2>\n<div class=\"w-post-elm post_content\">\n<p>Voil\u00e0 de nombreux si\u00e8cles que l\u2019on utilise l\u2019aub\u00e9pine en tant que plante m\u00e9dicinale. Elle est utilis\u00e9e dans le cadre de nombreuses pharmacop\u00e9es, gr\u00e2ce aux diff\u00e9rents bienfaits qu\u2019elle est en mesure d\u2019apporter \u00e0 notre organisme jour apr\u00e8s jour. On a tout int\u00e9r\u00eat \u00e0 exploiter ses qualit\u00e9s.<\/p>\n<\/p><\/div>\n<\/p><\/div>","protected":false},"excerpt":{"rendered":"<p>Highlights:Utilis\u00e9e dans le cadre de nombreuses pharmacop\u00e9es, gr\u00e2ce aux diff\u00e9rents bienfaits qu\u2019elle est en mesure d\u2019apporter \u00e0 notre organisme jour apr\u00e8s jour. On a tout int\u00e9r\u00eat \u00e0 exploiter ses qualit\u00e9s.<\/p>","protected":false},"featured_media":8906,"comment_status":"open","ping_status":"closed","template":"","meta":[],"product_cat":[92],"product_tag":[],"yith_product_brand":[128],"class_list":{"0":"post-8826","1":"product","2":"type-product","3":"status-publish","4":"has-post-thumbnail","6":"product_cat-complements-alimentaires","7":"yith_product_brand-gph","9":"first","10":"instock","11":"sale","12":"shipping-taxable","13":"purchasable","14":"product-type-simple"},"_links":{"self":[{"href":"https:\/\/parapharmacieenligne.ma\/en\/wp-json\/wp\/v2\/product\/8826","targetHints":{"allow":["GET"]}}],"collection":[{"href":"https:\/\/parapharmacieenligne.ma\/en\/wp-json\/wp\/v2\/product"}],"about":[{"href":"https:\/\/parapharmacieenligne.ma\/en\/wp-json\/wp\/v2\/types\/product"}],"replies":[{"embeddable":true,"href":"https:\/\/parapharmacieenligne.ma\/en\/wp-json\/wp\/v2\/comments?post=8826"}],"version-history":[{"count":1,"href":"https:\/\/parapharmacieenligne.ma\/en\/wp-json\/wp\/v2\/product\/8826\/revisions"}],"predecessor-version":[{"id":8907,"href":"https:\/\/parapharmacieenligne.ma\/en\/wp-json\/wp\/v2\/product\/8826\/revisions\/8907"}],"wp:featuredmedia":[{"embeddable":true,"href":"https:\/\/parapharmacieenligne.ma\/en\/wp-json\/wp\/v2\/media\/8906"}],"wp:attachment":[{"href":"https:\/\/parapharmacieenligne.ma\/en\/wp-json\/wp\/v2\/media?parent=8826"}],"wp:term":[{"taxonomy":"product_cat","embeddable":true,"href":"https:\/\/parapharmacieenligne.ma\/en\/wp-json\/wp\/v2\/product_cat?post=8826"},{"taxonomy":"product_tag","embeddable":true,"href":"https:\/\/parapharmacieenligne.ma\/en\/wp-json\/wp\/v2\/product_tag?post=8826"},{"taxonomy":"yith_product_brand","embeddable":true,"href":"https:\/\/parapharmacieenligne.ma\/en\/wp-json\/wp\/v2\/yith_product_brand?post=8826"}],"curies":[{"name":"wp","href":"https:\/\/api.w.org\/{rel}","templated":true}]}}