{"id":8884,"date":"2026-01-26T15:12:25","date_gmt":"2026-01-26T14:12:25","guid":{"rendered":"https:\/\/parapharmacieenligne.ma\/?post_type=product&#038;p=8884"},"modified":"2026-01-26T15:14:59","modified_gmt":"2026-01-26T14:14:59","slug":"gph-diffusion-gelee-royale-100-gelules-200-mg","status":"publish","type":"product","link":"https:\/\/parapharmacieenligne.ma\/en\/product\/gph-diffusion-gelee-royale-100-gelules-200-mg\/","title":{"rendered":"Gph Diffusion Gel\u00e9e Royale \u2013 100 G\u00e9lules 200 mg"},"content":{"rendered":"<div aria-labelledby=\"tab-title-description\" class=\"woocommerce-Tabs-panel woocommerce-Tabs-panel--description panel entry-content wc-tab\" id=\"tab-description\" role=\"tabpanel\" style=\"\">\n<h2>Description<\/h2>\n<p>Description<br \/>\n Avec les g\u00e9lules gel\u00e9e royale lyophilis\u00e9e bio, profitez de tous les bienfaits de la gel\u00e9e royale dans un format pratique !<\/p>\n<p>La gel\u00e9e royale \u00e0 de nombreuses vertus et ces g\u00e9lules sont de v\u00e9ritables concentr\u00e9s d\u2019\u00e9nergie :<\/p>\n<p>Action positive sur l\u2019humeur<br \/>\n R\u00e9duction de la fatigue<br \/>\n Stimulation du syst\u00e8me nerveux et immunitaire<br \/>\n Tonus et vitalit\u00e9<br \/>\n La gel\u00e9e royale lyophilis\u00e9e contient naturellement des vitamines B, du Zinc, Phosphore, acides amin\u00e9s et oligo-\u00e9l\u00e9ments et dispose d\u2019un pouvoir antioxydant total 75.<\/p>\n<p>L\u2019avantage de ces g\u00e9lules gel\u00e9e royale est leur conditionnement peu contraignant et la facilit\u00e9 d\u2019utilisation.<\/p>\n<p>Conseils d\u2019utilisation<br \/>\n 2 \u00e0 3 g\u00e9lules par jour avec un grand verre d\u2019eau, pendant le repas, et dans le cadre d\u2019une alimentation \u00e9quilibr\u00e9e. Tenir hors de port\u00e9e des enfants. Ne pas d\u00e9passer la dose journali\u00e8re recommand\u00e9e.<\/p>\n<\/p><\/div>","protected":false},"excerpt":{"rendered":"<p>Highlights:La Gel\u00e9e royale est un excellent stimulant des d\u00e9fenses naturelles. Elle est utile pour la croissance, pour les personnes \u00e2g\u00e9es, durant la convalescence.<\/p>","protected":false},"featured_media":8966,"comment_status":"open","ping_status":"closed","template":"","meta":[],"product_cat":[92],"product_tag":[],"yith_product_brand":[128],"class_list":{"0":"post-8884","1":"product","2":"type-product","3":"status-publish","4":"has-post-thumbnail","6":"product_cat-complements-alimentaires","7":"yith_product_brand-gph","9":"first","10":"instock","11":"sale","12":"shipping-taxable","13":"purchasable","14":"product-type-simple"},"_links":{"self":[{"href":"https:\/\/parapharmacieenligne.ma\/en\/wp-json\/wp\/v2\/product\/8884","targetHints":{"allow":["GET"]}}],"collection":[{"href":"https:\/\/parapharmacieenligne.ma\/en\/wp-json\/wp\/v2\/product"}],"about":[{"href":"https:\/\/parapharmacieenligne.ma\/en\/wp-json\/wp\/v2\/types\/product"}],"replies":[{"embeddable":true,"href":"https:\/\/parapharmacieenligne.ma\/en\/wp-json\/wp\/v2\/comments?post=8884"}],"version-history":[{"count":1,"href":"https:\/\/parapharmacieenligne.ma\/en\/wp-json\/wp\/v2\/product\/8884\/revisions"}],"predecessor-version":[{"id":8967,"href":"https:\/\/parapharmacieenligne.ma\/en\/wp-json\/wp\/v2\/product\/8884\/revisions\/8967"}],"wp:featuredmedia":[{"embeddable":true,"href":"https:\/\/parapharmacieenligne.ma\/en\/wp-json\/wp\/v2\/media\/8966"}],"wp:attachment":[{"href":"https:\/\/parapharmacieenligne.ma\/en\/wp-json\/wp\/v2\/media?parent=8884"}],"wp:term":[{"taxonomy":"product_cat","embeddable":true,"href":"https:\/\/parapharmacieenligne.ma\/en\/wp-json\/wp\/v2\/product_cat?post=8884"},{"taxonomy":"product_tag","embeddable":true,"href":"https:\/\/parapharmacieenligne.ma\/en\/wp-json\/wp\/v2\/product_tag?post=8884"},{"taxonomy":"yith_product_brand","embeddable":true,"href":"https:\/\/parapharmacieenligne.ma\/en\/wp-json\/wp\/v2\/yith_product_brand?post=8884"}],"curies":[{"name":"wp","href":"https:\/\/api.w.org\/{rel}","templated":true}]}}