{"id":8886,"date":"2026-01-26T15:12:26","date_gmt":"2026-01-26T14:12:26","guid":{"rendered":"https:\/\/parapharmacieenligne.ma\/?post_type=product&#038;p=8886"},"modified":"2026-01-26T15:15:04","modified_gmt":"2026-01-26T14:15:04","slug":"gph-collagene-marinevitamine-c-200gelules-350mg","status":"publish","type":"product","link":"https:\/\/parapharmacieenligne.ma\/en\/product\/gph-collagene-marinevitamine-c-200gelules-350mg\/","title":{"rendered":"GPH Collagene Marine+vitamine C 200gelules 350mg"},"content":{"rendered":"","protected":false},"excerpt":{"rendered":"<p>Highlights:Notre M\u00e9lange Contribue \u00e0 la formation normale de collag\u00e9ne Pour assurer la fonction normale des cartilages et de la peau .<\/p>","protected":false},"featured_media":8970,"comment_status":"open","ping_status":"closed","template":"","meta":[],"product_cat":[92],"product_tag":[],"yith_product_brand":[128],"class_list":{"0":"post-8886","1":"product","2":"type-product","3":"status-publish","4":"has-post-thumbnail","6":"product_cat-complements-alimentaires","7":"yith_product_brand-gph","9":"first","10":"instock","11":"sale","12":"shipping-taxable","13":"purchasable","14":"product-type-simple"},"_links":{"self":[{"href":"https:\/\/parapharmacieenligne.ma\/en\/wp-json\/wp\/v2\/product\/8886","targetHints":{"allow":["GET"]}}],"collection":[{"href":"https:\/\/parapharmacieenligne.ma\/en\/wp-json\/wp\/v2\/product"}],"about":[{"href":"https:\/\/parapharmacieenligne.ma\/en\/wp-json\/wp\/v2\/types\/product"}],"replies":[{"embeddable":true,"href":"https:\/\/parapharmacieenligne.ma\/en\/wp-json\/wp\/v2\/comments?post=8886"}],"version-history":[{"count":1,"href":"https:\/\/parapharmacieenligne.ma\/en\/wp-json\/wp\/v2\/product\/8886\/revisions"}],"predecessor-version":[{"id":8971,"href":"https:\/\/parapharmacieenligne.ma\/en\/wp-json\/wp\/v2\/product\/8886\/revisions\/8971"}],"wp:featuredmedia":[{"embeddable":true,"href":"https:\/\/parapharmacieenligne.ma\/en\/wp-json\/wp\/v2\/media\/8970"}],"wp:attachment":[{"href":"https:\/\/parapharmacieenligne.ma\/en\/wp-json\/wp\/v2\/media?parent=8886"}],"wp:term":[{"taxonomy":"product_cat","embeddable":true,"href":"https:\/\/parapharmacieenligne.ma\/en\/wp-json\/wp\/v2\/product_cat?post=8886"},{"taxonomy":"product_tag","embeddable":true,"href":"https:\/\/parapharmacieenligne.ma\/en\/wp-json\/wp\/v2\/product_tag?post=8886"},{"taxonomy":"yith_product_brand","embeddable":true,"href":"https:\/\/parapharmacieenligne.ma\/en\/wp-json\/wp\/v2\/yith_product_brand?post=8886"}],"curies":[{"name":"wp","href":"https:\/\/api.w.org\/{rel}","templated":true}]}}