{"id":8899,"date":"2026-01-26T15:12:54","date_gmt":"2026-01-26T14:12:54","guid":{"rendered":"https:\/\/parapharmacieenligne.ma\/?post_type=product&#038;p=8899"},"modified":"2026-01-26T15:15:20","modified_gmt":"2026-01-26T14:15:20","slug":"gph-diffusion-ginkgo-biloba-bio-120-comprimes","status":"publish","type":"product","link":"https:\/\/parapharmacieenligne.ma\/en\/product\/gph-diffusion-ginkgo-biloba-bio-120-comprimes\/","title":{"rendered":"Gph Diffusion Ginkgo Biloba Bio \u2013 120 Comprimes"},"content":{"rendered":"<div aria-labelledby=\"tab-title-description\" class=\"woocommerce-Tabs-panel woocommerce-Tabs-panel--description panel entry-content wc-tab\" id=\"tab-description\" role=\"tabpanel\" style=\"\">\n<h2>Description<\/h2>\n<p>Description<br \/>\n Ginkgo Biloba feuille bio de GPH Diffusion est un compl\u00e9ment alimentaire \u00e0 base de feuilles de ginkgo biloba bio.<\/p>\n<p>Arbre imposant \u00e0 la long\u00e9vit\u00e9 exceptionnelle \u2013 il peut atteindre jusqu\u2019\u00e0 40 m\u00e8tres de hauteur et a une esp\u00e9rance de vie de 400 ans -, le gingko biloba est le seul v\u00e9g\u00e9tal ayant surv\u00e9cu \u00e0 l\u2019explosion atomique d\u2019Hiroshima.<br \/>\n Sa robustesse et sa vitalit\u00e9 s\u2019observent jusque dans ses feuilles qui renferment de nombreuses mol\u00e9cules actives, aux multiples bienfaits pour l\u2019organisme.<\/p>\n<p>Fortes de ces mol\u00e9cules actives, les feuilles de gingko biloba participent au bon fonctionnement de la circulation sanguine : les jambes sont plus lisses, les petits vaisseaux du cerveau et des yeux mieux irrigu\u00e9s.<br \/>\n Ce bienfait circulatoire se r\u00e9percute de facto sur la m\u00e9morisation, la vision et la mobilit\u00e9, pour le plus grand confort du corps et de l\u2019esprit. Le ginkgo biloba contribue aussi \u00e0 la circulation des extr\u00e9mit\u00e9s (mains,pieds).<\/p>\n<p>Conseils d\u2019utilisation<br \/>\n 2 \u00e0 3 comprim\u00e9s par jour avec un grand verre d\u2019eau au cours des repas et dans le cadre d\u2019une alimentation \u00e9quilibr\u00e9e. Tenir hors de port\u00e9e des enfants. Ne pas d\u00e9passer la dose journali\u00e8re recommand\u00e9e.<br \/>\n Consultez votre m\u00e9decin en cas de prise simultan\u00e9e d\u2019anticoagulants.<\/p>\n<p>Composition<br \/>\n INGREDIENTS POUR 3 COMPRIMES :<br \/>\n \u2013 POUDRE DE GINKGO BILOBA FEUILLE*: 900MG<br \/>\n \u2013 CARBONATE DE MAGNESIUM.<\/p>\n<\/p><\/div>","protected":false},"excerpt":{"rendered":"<p>Highlights:En Asie, et plus particuli\u00e8rement en Chine du Sud Est, au Japon et en Cor\u00e9e, le ginkgo biloba repr\u00e9sente la croissance, la force, mais \u00e9galement la long\u00e9vit\u00e9. Cela s\u2019explique tr\u00e8s simplement. En effet, c\u2019est une esp\u00e8ce d\u2019arbre qui est capable de vivre plus de 2 000 ans. Du haut de ses 40 m\u00e8tres, il est en mesure de survivre \u00e0 des conditions extr\u00eames, et de repousser naturellement, m\u00eame \u00e0 la suite de radiations. C\u2019est le seul arbre qui est revenu \u00e0 la vie, apr\u00e8s la catastrophe qui a eu lieu \u00e0 Hiroshima, durant la Seconde Guerre mondiale. Cette esp\u00e8ce est tr\u00e8s ancienne : elle \u00e9tait l\u00e0, au tout d\u00e9but de l\u2019Histoire de notre plan\u00e8te, puisqu\u2019elle a pr\u00e9c\u00e9d\u00e9 les dinosaures. C\u2019est en tout cas ce que les chercheurs ont d\u00e9montr\u00e9. Ainsi, le ginkgo biloba est consid\u00e9r\u00e9 comme l\u2019une des plus anciennes esp\u00e8ces.<\/p>","protected":false},"featured_media":8980,"comment_status":"open","ping_status":"closed","template":"","meta":[],"product_cat":[92],"product_tag":[],"yith_product_brand":[128],"class_list":{"0":"post-8899","1":"product","2":"type-product","3":"status-publish","4":"has-post-thumbnail","6":"product_cat-complements-alimentaires","7":"yith_product_brand-gph","9":"first","10":"instock","11":"sale","12":"shipping-taxable","13":"purchasable","14":"product-type-simple"},"_links":{"self":[{"href":"https:\/\/parapharmacieenligne.ma\/en\/wp-json\/wp\/v2\/product\/8899","targetHints":{"allow":["GET"]}}],"collection":[{"href":"https:\/\/parapharmacieenligne.ma\/en\/wp-json\/wp\/v2\/product"}],"about":[{"href":"https:\/\/parapharmacieenligne.ma\/en\/wp-json\/wp\/v2\/types\/product"}],"replies":[{"embeddable":true,"href":"https:\/\/parapharmacieenligne.ma\/en\/wp-json\/wp\/v2\/comments?post=8899"}],"version-history":[{"count":1,"href":"https:\/\/parapharmacieenligne.ma\/en\/wp-json\/wp\/v2\/product\/8899\/revisions"}],"predecessor-version":[{"id":8981,"href":"https:\/\/parapharmacieenligne.ma\/en\/wp-json\/wp\/v2\/product\/8899\/revisions\/8981"}],"wp:featuredmedia":[{"embeddable":true,"href":"https:\/\/parapharmacieenligne.ma\/en\/wp-json\/wp\/v2\/media\/8980"}],"wp:attachment":[{"href":"https:\/\/parapharmacieenligne.ma\/en\/wp-json\/wp\/v2\/media?parent=8899"}],"wp:term":[{"taxonomy":"product_cat","embeddable":true,"href":"https:\/\/parapharmacieenligne.ma\/en\/wp-json\/wp\/v2\/product_cat?post=8899"},{"taxonomy":"product_tag","embeddable":true,"href":"https:\/\/parapharmacieenligne.ma\/en\/wp-json\/wp\/v2\/product_tag?post=8899"},{"taxonomy":"yith_product_brand","embeddable":true,"href":"https:\/\/parapharmacieenligne.ma\/en\/wp-json\/wp\/v2\/yith_product_brand?post=8899"}],"curies":[{"name":"wp","href":"https:\/\/api.w.org\/{rel}","templated":true}]}}