{"id":8929,"date":"2026-01-26T15:13:54","date_gmt":"2026-01-26T14:13:54","guid":{"rendered":"https:\/\/parapharmacieenligne.ma\/?post_type=product&#038;p=8929"},"modified":"2026-01-26T15:16:02","modified_gmt":"2026-01-26T14:16:02","slug":"gph-diffusion-huile-de-foie-de-morue-100-capsules","status":"publish","type":"product","link":"https:\/\/parapharmacieenligne.ma\/en\/product\/gph-diffusion-huile-de-foie-de-morue-100-capsules\/","title":{"rendered":"Gph Diffusion Huile de Foie de Morue \u2013 100 Capsules"},"content":{"rendered":"<div aria-labelledby=\"tab-title-description\" class=\"woocommerce-Tabs-panel woocommerce-Tabs-panel--description panel entry-content wc-tab\" id=\"tab-description\" role=\"tabpanel\" style=\"\">\n<h2>Description<\/h2>\n<p>Description<br \/>\n L\u2019huile de foie de morue, un rem\u00e8de ancestral<br \/>\n On a tous ce souvenir de nos parents tentant de nous administrer une cuiller\u00e9e d\u2019huile de foie de morue, de mani\u00e8re \u00e0 ce que l\u2019on puisse profiter de sa r\u00e9putation tr\u00e8s ancienne de rem\u00e8de efficace et protecteur. Il est n\u00e9anmoins bien plus agr\u00e9able de la consommer par le biais de capsules, comme c\u2019est le cas avec ce compl\u00e9ment alimentaire, par le biais duquel vous pourrez en revanche profiter de toutes ses caract\u00e9ristiques di\u00e9t\u00e9tiques. Fini donc de devoir en subir le mauvais go\u00fbt !<br \/>\n Pourquoi utilise-t-on toujours cette huile de foie de morue ?<br \/>\n Ce rem\u00e8de ancien, \u00e0 l\u2019origine de nombreux traumatismes chez les enfants d\u2019autrefois, est toujours aussi int\u00e9ressant \u00e0 consommer, de par ses propri\u00e9t\u00e9s. Ses principes actifs sont bien \u00e9videmment pr\u00e9serv\u00e9s lors d\u2019un conditionnement en capsules, qui prot\u00e8ge parfaitement les mol\u00e9cules de cette substance d\u2019origine animale. Issue du foie d\u2019un poisson gras, la morue, cette huile assez odorante continue, d\u00e9cennie apr\u00e8s d\u00e9cennie \u00e0 apporter tous ses bienfaits \u00e0 notre organisme, au quotidien.<br \/>\n Les diff\u00e9rents principes actifs<br \/>\n L\u2019huile de foie de morue est notamment riche en vitamines. On y trouve en effet de la vitamine A, qui contribue au fonctionnement normal du syst\u00e8me immunitaire, ainsi que de la vitamine D, qui contribue au maintien d\u2019une fonction musculaire normale. Mais ce sont surtout les om\u00e9ga-3 contenus dans l\u2019huile de foie de morue qui en font une substance tr\u00e8s profitable pour l\u2019organisme. En effet, ces acides gras essentiels ne sont pas synth\u00e9tis\u00e9s par notre organisme. De ce fait, il est n\u00e9cessaire d\u2019en apporter de mani\u00e8re externe, par le biais de notre alimentation, ou gr\u00e2ce \u00e0 un compl\u00e9ment alimentaire comme celui-ci.<\/p>\n<p>Conseils d\u2019utilisation<br \/>\n 4 \u00e0 5 capsules par jour avec un grand verre d\u2019eau, au cours des repas. Ne pas d\u00e9passer la dose journali\u00e8re recommand\u00e9e. A utiliser dans le cadre d\u2019une alimentation \u00e9quilibr\u00e9e. Tenir hors de port\u00e9e des enfants.<\/p>\n<\/p><\/div>","protected":false},"excerpt":{"rendered":"<p>Highlights:iche en om\u00e9ga 3 EPA et DHA, riche en vitamines A et D. Id\u00e9al fonctions cognitives et croissance.<\/p>","protected":false},"featured_media":9000,"comment_status":"open","ping_status":"closed","template":"","meta":[],"product_cat":[92],"product_tag":[],"yith_product_brand":[128],"class_list":{"0":"post-8929","1":"product","2":"type-product","3":"status-publish","4":"has-post-thumbnail","6":"product_cat-complements-alimentaires","7":"yith_product_brand-gph","9":"first","10":"instock","11":"sale","12":"shipping-taxable","13":"purchasable","14":"product-type-simple"},"_links":{"self":[{"href":"https:\/\/parapharmacieenligne.ma\/en\/wp-json\/wp\/v2\/product\/8929","targetHints":{"allow":["GET"]}}],"collection":[{"href":"https:\/\/parapharmacieenligne.ma\/en\/wp-json\/wp\/v2\/product"}],"about":[{"href":"https:\/\/parapharmacieenligne.ma\/en\/wp-json\/wp\/v2\/types\/product"}],"replies":[{"embeddable":true,"href":"https:\/\/parapharmacieenligne.ma\/en\/wp-json\/wp\/v2\/comments?post=8929"}],"version-history":[{"count":1,"href":"https:\/\/parapharmacieenligne.ma\/en\/wp-json\/wp\/v2\/product\/8929\/revisions"}],"predecessor-version":[{"id":9001,"href":"https:\/\/parapharmacieenligne.ma\/en\/wp-json\/wp\/v2\/product\/8929\/revisions\/9001"}],"wp:featuredmedia":[{"embeddable":true,"href":"https:\/\/parapharmacieenligne.ma\/en\/wp-json\/wp\/v2\/media\/9000"}],"wp:attachment":[{"href":"https:\/\/parapharmacieenligne.ma\/en\/wp-json\/wp\/v2\/media?parent=8929"}],"wp:term":[{"taxonomy":"product_cat","embeddable":true,"href":"https:\/\/parapharmacieenligne.ma\/en\/wp-json\/wp\/v2\/product_cat?post=8929"},{"taxonomy":"product_tag","embeddable":true,"href":"https:\/\/parapharmacieenligne.ma\/en\/wp-json\/wp\/v2\/product_tag?post=8929"},{"taxonomy":"yith_product_brand","embeddable":true,"href":"https:\/\/parapharmacieenligne.ma\/en\/wp-json\/wp\/v2\/yith_product_brand?post=8929"}],"curies":[{"name":"wp","href":"https:\/\/api.w.org\/{rel}","templated":true}]}}