{"id":8959,"date":"2026-01-26T15:14:49","date_gmt":"2026-01-26T14:14:49","guid":{"rendered":"https:\/\/parapharmacieenligne.ma\/?post_type=product&#038;p=8959"},"modified":"2026-01-26T15:16:51","modified_gmt":"2026-01-26T14:16:51","slug":"gph-diffusion-gelee-royale-bio-30-g","status":"publish","type":"product","link":"https:\/\/parapharmacieenligne.ma\/en\/product\/gph-diffusion-gelee-royale-bio-30-g\/","title":{"rendered":"Gph Diffusion Gel\u00e9e Royale Bio \u2013 30 G"},"content":{"rendered":"<div aria-labelledby=\"tab-title-description\" class=\"woocommerce-Tabs-panel woocommerce-Tabs-panel--description panel entry-content wc-tab\" id=\"tab-description\" role=\"tabpanel\" style=\"\">\n<h2>Description<\/h2>\n<p>Description<br \/>\n Toutes les personnes au-del\u00e0 de 50 ans peuvent faire une ou plusieurs cures de Gel\u00e9e Royale, particuli\u00e8rement \u00e0 chaque changement de saison.<br \/>\n L\u2019assimilation m\u00e9tabolique de la Gel\u00e9e Royale est facilit\u00e9e par son absorption sublinguale : laisser fondre lentement la Gel\u00e9e Royale sous la langue le matin \u00e0 jeun \u00e0 raison de 1 gramme par jour (1 cuill\u00e8re dose).<\/p>\n<p>La gel\u00e9e royale provient de la s\u00e9cr\u00e9tion des glandes pharyngiennes des abeilles ouvri\u00e8res. C\u2019est un aliment puissant qui permet aux larves de se d\u00e9velopper jusqu\u2019\u00e0 2000 fois en 5 jours.<br \/>\n La gel\u00e9e royale est tr\u00e8s riche.<\/p>\n<p>Elle est recommand\u00e9e pour stimuler les d\u00e9fenses naturelles et retrouver forme et vitalit\u00e9.<\/p>\n<p>Conseils d\u2019utilisation<br \/>\n Utiliser la cuill\u00e8re dose (1 g) jointe dans l\u2019emballage.<br \/>\n 1 g le matin \u00e0 jeun \u00e0 laisser fondre sous la langue.<\/p>\n<p>Ne convient pas aux personnes allergiques aux produits de la ruche.<\/p>\n<p>A conserver au r\u00e9frig\u00e9rateur apr\u00e8s ouverture.<br \/>\n Pour garantir sa qualit\u00e9 maximale, cette gel\u00e9e royale a \u00e9t\u00e9 congel\u00e9e durant son transport et son stockage avant d\u2019\u00eatre mise en pot. Ne pas recongeler.<\/p>\n<\/p><\/div>","protected":false},"excerpt":{"rendered":"<p>Highlights:Cette gel\u00e9e royale, rigoureusement s\u00e9lectionn\u00e9e, est conditionn\u00e9e sp\u00e9cifiquement pour prot\u00e9ger l\u2019int\u00e9grit\u00e9 de ses principes actifs, dont le 10 HDA.Elle est maintenue \u00e0 l\u2019abri des contaminations gr\u00e2ce \u00e0 un flacon en verre ferm\u00e9, \u00e0 l\u2019abri de l\u2019oxydation.<\/p>","protected":false},"featured_media":9020,"comment_status":"open","ping_status":"closed","template":"","meta":[],"product_cat":[92],"product_tag":[],"yith_product_brand":[128],"class_list":{"0":"post-8959","1":"product","2":"type-product","3":"status-publish","4":"has-post-thumbnail","6":"product_cat-complements-alimentaires","7":"yith_product_brand-gph","9":"first","10":"instock","11":"sale","12":"shipping-taxable","13":"purchasable","14":"product-type-simple"},"_links":{"self":[{"href":"https:\/\/parapharmacieenligne.ma\/en\/wp-json\/wp\/v2\/product\/8959","targetHints":{"allow":["GET"]}}],"collection":[{"href":"https:\/\/parapharmacieenligne.ma\/en\/wp-json\/wp\/v2\/product"}],"about":[{"href":"https:\/\/parapharmacieenligne.ma\/en\/wp-json\/wp\/v2\/types\/product"}],"replies":[{"embeddable":true,"href":"https:\/\/parapharmacieenligne.ma\/en\/wp-json\/wp\/v2\/comments?post=8959"}],"version-history":[{"count":1,"href":"https:\/\/parapharmacieenligne.ma\/en\/wp-json\/wp\/v2\/product\/8959\/revisions"}],"predecessor-version":[{"id":9021,"href":"https:\/\/parapharmacieenligne.ma\/en\/wp-json\/wp\/v2\/product\/8959\/revisions\/9021"}],"wp:featuredmedia":[{"embeddable":true,"href":"https:\/\/parapharmacieenligne.ma\/en\/wp-json\/wp\/v2\/media\/9020"}],"wp:attachment":[{"href":"https:\/\/parapharmacieenligne.ma\/en\/wp-json\/wp\/v2\/media?parent=8959"}],"wp:term":[{"taxonomy":"product_cat","embeddable":true,"href":"https:\/\/parapharmacieenligne.ma\/en\/wp-json\/wp\/v2\/product_cat?post=8959"},{"taxonomy":"product_tag","embeddable":true,"href":"https:\/\/parapharmacieenligne.ma\/en\/wp-json\/wp\/v2\/product_tag?post=8959"},{"taxonomy":"yith_product_brand","embeddable":true,"href":"https:\/\/parapharmacieenligne.ma\/en\/wp-json\/wp\/v2\/yith_product_brand?post=8959"}],"curies":[{"name":"wp","href":"https:\/\/api.w.org\/{rel}","templated":true}]}}