{"id":8977,"date":"2026-01-26T15:15:17","date_gmt":"2026-01-26T14:15:17","guid":{"rendered":"https:\/\/parapharmacieenligne.ma\/?post_type=product&#038;p=8977"},"modified":"2026-01-26T15:17:11","modified_gmt":"2026-01-26T14:17:11","slug":"gph-diffusion-artichaut-bio-120-comprimes","status":"publish","type":"product","link":"https:\/\/parapharmacieenligne.ma\/en\/product\/gph-diffusion-artichaut-bio-120-comprimes\/","title":{"rendered":"Gph Diffusion Artichaut Bio 120 Comprim\u00e9s"},"content":{"rendered":"<div aria-labelledby=\"tab-title-description\" class=\"woocommerce-Tabs-panel woocommerce-Tabs-panel--description panel entry-content wc-tab\" id=\"tab-description\" role=\"tabpanel\" style=\"\">\n<h2>Description<\/h2>\n<p>La feuille d\u2019artichaut contient des principes actifs amers essentiels qui contribuent \u00e0 l\u2019activation du travail h\u00e9patique, la stimulation de la v\u00e9sicule biliaire et facilite les processus digestifs en att\u00e9nuant les lourdeurs lors de la digestion.<\/p>\n<p><strong>Composition: <\/strong><br \/>\n Ingr\u00e9dients pour 1 comprim\u00e9 : Poudre d\u2019artichaut feuille* 400 mg carbonate de magnesium. Poids net : 94 grammes * Produit issu de l\u2019agriculture biologique.<br \/>\n <strong>Conseils d\u2019utilisation:<\/strong><br \/>\n 2 \u00e0 3 comprim\u00e9s par jour avec un grand verre d\u2019eau au cours des repas et dans le cadre d\u2019une alimentation \u00e9quilibr\u00e9e.<br \/>\n <strong>Action:<\/strong><br \/>\n Drainage h\u00e9patique et v\u00e9siculaire. Assure une bonne digestion et transit<br \/>\n Tenir hors de port\u00e9e des enfants. Ne pas d\u00e9passer la dose journali\u00e8re recommand\u00e9e<\/p>\n<\/p><\/div>","protected":false},"excerpt":{"rendered":"<p>Highlights:Compl\u00e9ment alimentaire recommand\u00e9 en cas de fatigue, stress, surmenage.<\/p>","protected":false},"featured_media":9028,"comment_status":"open","ping_status":"closed","template":"","meta":[],"product_cat":[92],"product_tag":[],"yith_product_brand":[128],"class_list":{"0":"post-8977","1":"product","2":"type-product","3":"status-publish","4":"has-post-thumbnail","6":"product_cat-complements-alimentaires","7":"yith_product_brand-gph","9":"first","10":"instock","11":"sale","12":"shipping-taxable","13":"purchasable","14":"product-type-simple"},"_links":{"self":[{"href":"https:\/\/parapharmacieenligne.ma\/en\/wp-json\/wp\/v2\/product\/8977","targetHints":{"allow":["GET"]}}],"collection":[{"href":"https:\/\/parapharmacieenligne.ma\/en\/wp-json\/wp\/v2\/product"}],"about":[{"href":"https:\/\/parapharmacieenligne.ma\/en\/wp-json\/wp\/v2\/types\/product"}],"replies":[{"embeddable":true,"href":"https:\/\/parapharmacieenligne.ma\/en\/wp-json\/wp\/v2\/comments?post=8977"}],"version-history":[{"count":1,"href":"https:\/\/parapharmacieenligne.ma\/en\/wp-json\/wp\/v2\/product\/8977\/revisions"}],"predecessor-version":[{"id":9029,"href":"https:\/\/parapharmacieenligne.ma\/en\/wp-json\/wp\/v2\/product\/8977\/revisions\/9029"}],"wp:featuredmedia":[{"embeddable":true,"href":"https:\/\/parapharmacieenligne.ma\/en\/wp-json\/wp\/v2\/media\/9028"}],"wp:attachment":[{"href":"https:\/\/parapharmacieenligne.ma\/en\/wp-json\/wp\/v2\/media?parent=8977"}],"wp:term":[{"taxonomy":"product_cat","embeddable":true,"href":"https:\/\/parapharmacieenligne.ma\/en\/wp-json\/wp\/v2\/product_cat?post=8977"},{"taxonomy":"product_tag","embeddable":true,"href":"https:\/\/parapharmacieenligne.ma\/en\/wp-json\/wp\/v2\/product_tag?post=8977"},{"taxonomy":"yith_product_brand","embeddable":true,"href":"https:\/\/parapharmacieenligne.ma\/en\/wp-json\/wp\/v2\/yith_product_brand?post=8977"}],"curies":[{"name":"wp","href":"https:\/\/api.w.org\/{rel}","templated":true}]}}