{"id":8978,"date":"2026-01-26T15:15:17","date_gmt":"2026-01-26T14:15:17","guid":{"rendered":"https:\/\/parapharmacieenligne.ma\/?post_type=product&#038;p=8978"},"modified":"2026-01-26T15:17:20","modified_gmt":"2026-01-26T14:17:20","slug":"gph-diffusion-acide-hyaluronique-60-comprimes","status":"publish","type":"product","link":"https:\/\/parapharmacieenligne.ma\/en\/product\/gph-diffusion-acide-hyaluronique-60-comprimes\/","title":{"rendered":"Gph Diffusion Acide Hyaluronique \u2013 60 Comprim\u00e9s"},"content":{"rendered":"<div aria-labelledby=\"tab-title-description\" class=\"woocommerce-Tabs-panel woocommerce-Tabs-panel--description panel entry-content wc-tab\" id=\"tab-description\" role=\"tabpanel\" style=\"\">\n<h2>Description<\/h2>\n<p>Description<br \/>\n Acide hyaluronique de GPH est un complexe destin\u00e9 \u00e0 la jeunesse de la peau. Il contient 200 mg d\u2019acide hyaluronique par comprim\u00e9, additionn\u00e9 de Collag\u00e8ne marin pour une action totale.<br \/>\n La vitamine C va participer \u00e0 l\u2019absorption du complexe pour une assimilation optimale.<\/p>\n<p>Conseils d\u2019utilisation<br \/>\n 1 comprim\u00e9 par jour<\/p>\n<p>A consommer dans le cadre d\u2019une alimentation \u00e9quilibr\u00e9e. Tenir hors de port\u00e9e des enfants. Ne pas d\u00e9passer la dose journali\u00e8re recommand\u00e9e.<\/p>\n<p>Composition<br \/>\n INGREDIENTS POUR 1 COMPRIME :<br \/>\n ACIDE HYALURONIQUE \u2026 200 MG<br \/>\n COLLAGENE MARIN \u2026 50 MG<br \/>\n VITAMINE C \u2026 40 MG (50% DES VNR*)<br \/>\n VITAMINE E \u2026 4.47 UI (25% DES VNR*) SOIT 8.94 MG<br \/>\n AGENTS TECHNIQUES : CELLULOSE MICROCRISTALLINE, STEARATE DE MAGNESIUM, CARBONATE DE MAGNESIUM<br \/>\n *VALEURS NUTRITIONNELLES DE REFERENCE<\/p>\n<\/p><\/div>","protected":false},"excerpt":{"rendered":"<p>Highlights:Compl\u00e9ment alimentaire GPH Diffusion \u00e0 base d\u2019acide hyaluronique, de collag\u00e8ne marin et de vitamine C<\/p>","protected":false},"featured_media":9030,"comment_status":"open","ping_status":"closed","template":"","meta":[],"product_cat":[92],"product_tag":[],"yith_product_brand":[128],"class_list":{"0":"post-8978","1":"product","2":"type-product","3":"status-publish","4":"has-post-thumbnail","6":"product_cat-complements-alimentaires","7":"yith_product_brand-gph","9":"first","10":"instock","11":"sale","12":"shipping-taxable","13":"purchasable","14":"product-type-simple"},"_links":{"self":[{"href":"https:\/\/parapharmacieenligne.ma\/en\/wp-json\/wp\/v2\/product\/8978","targetHints":{"allow":["GET"]}}],"collection":[{"href":"https:\/\/parapharmacieenligne.ma\/en\/wp-json\/wp\/v2\/product"}],"about":[{"href":"https:\/\/parapharmacieenligne.ma\/en\/wp-json\/wp\/v2\/types\/product"}],"replies":[{"embeddable":true,"href":"https:\/\/parapharmacieenligne.ma\/en\/wp-json\/wp\/v2\/comments?post=8978"}],"version-history":[{"count":1,"href":"https:\/\/parapharmacieenligne.ma\/en\/wp-json\/wp\/v2\/product\/8978\/revisions"}],"predecessor-version":[{"id":9031,"href":"https:\/\/parapharmacieenligne.ma\/en\/wp-json\/wp\/v2\/product\/8978\/revisions\/9031"}],"wp:featuredmedia":[{"embeddable":true,"href":"https:\/\/parapharmacieenligne.ma\/en\/wp-json\/wp\/v2\/media\/9030"}],"wp:attachment":[{"href":"https:\/\/parapharmacieenligne.ma\/en\/wp-json\/wp\/v2\/media?parent=8978"}],"wp:term":[{"taxonomy":"product_cat","embeddable":true,"href":"https:\/\/parapharmacieenligne.ma\/en\/wp-json\/wp\/v2\/product_cat?post=8978"},{"taxonomy":"product_tag","embeddable":true,"href":"https:\/\/parapharmacieenligne.ma\/en\/wp-json\/wp\/v2\/product_tag?post=8978"},{"taxonomy":"yith_product_brand","embeddable":true,"href":"https:\/\/parapharmacieenligne.ma\/en\/wp-json\/wp\/v2\/yith_product_brand?post=8978"}],"curies":[{"name":"wp","href":"https:\/\/api.w.org\/{rel}","templated":true}]}}