{"id":9130,"date":"2026-01-26T15:26:48","date_gmt":"2026-01-26T14:26:48","guid":{"rendered":"https:\/\/parapharmacieenligne.ma\/?post_type=product&#038;p=9130"},"modified":"2026-01-26T15:34:31","modified_gmt":"2026-01-26T14:34:31","slug":"sesderma-reti-age-serum-30ml","status":"publish","type":"product","link":"https:\/\/parapharmacieenligne.ma\/en\/product\/sesderma-reti-age-serum-30ml\/","title":{"rendered":"Sesderma Reti Age Serum 30Ml"},"content":{"rendered":"<div aria-labelledby=\"tab-title-description\" class=\"woocommerce-Tabs-panel woocommerce-Tabs-panel--description panel entry-content wc-tab\" id=\"tab-description\" role=\"tabpanel\" style=\"\">\n<h2>Description<\/h2>\n<p>Quand il s\u2019agit d\u2019antivieillissement, votre dermatologue a un as dans la manche : le r\u00e9tinol. Bien qu\u2019il puisse parfois provoquer une irritation sur les peaux sensibles, cela ne se produira pas avec le s\u00e9rum RETI AGE. Gr\u00e2ce \u00e0 la nanotechnologie et au syst\u00e8me exclusif 3-r\u00e9tinol, 3 r\u00e9tino\u00efdes diff\u00e9rents agissent s\u00e9quentiellement sur votre peau pour obtenir un effet anti-\u00e2ge durable. Il fonctionne m\u00eame sur les peaux utilis\u00e9es pour le r\u00e9tinol. De plus, il contient de l\u2019acide hyaluronique, du zinc, du facteur de croissance et un cocktail antioxydant. Il y a un premier moment o\u00f9 les signes du vieillissement commencent \u00e0 appara\u00eetre sur votre visage. Cependant, c\u2019est pendant une deuxi\u00e8me p\u00e9riode que les lignes sont plus pro\u00e9minentes et la peau semble plus s\u00e8che et fatigu\u00e9e.<\/p>\n<\/p><\/div>","protected":false},"excerpt":{"rendered":"<p>Highlights:Un puissant s\u00e9rum hydratant \u00e0 triple action pour une peau visiblement plus lisse, plus ferme et rajeunie. Assez doux pour une utilisation quotidienne, apporte une hydratation continue tout en aidant \u00e0 minimiser l\u2019apparence des rides et ridules.<\/p>","protected":false},"featured_media":9163,"comment_status":"open","ping_status":"closed","template":"","meta":[],"product_cat":[83],"product_tag":[],"yith_product_brand":[130],"class_list":{"0":"post-9130","1":"product","2":"type-product","3":"status-publish","4":"has-post-thumbnail","6":"product_cat-soins-visage","7":"yith_product_brand-sesderma","9":"first","10":"instock","11":"sale","12":"shipping-taxable","13":"purchasable","14":"product-type-simple"},"_links":{"self":[{"href":"https:\/\/parapharmacieenligne.ma\/en\/wp-json\/wp\/v2\/product\/9130","targetHints":{"allow":["GET"]}}],"collection":[{"href":"https:\/\/parapharmacieenligne.ma\/en\/wp-json\/wp\/v2\/product"}],"about":[{"href":"https:\/\/parapharmacieenligne.ma\/en\/wp-json\/wp\/v2\/types\/product"}],"replies":[{"embeddable":true,"href":"https:\/\/parapharmacieenligne.ma\/en\/wp-json\/wp\/v2\/comments?post=9130"}],"version-history":[{"count":1,"href":"https:\/\/parapharmacieenligne.ma\/en\/wp-json\/wp\/v2\/product\/9130\/revisions"}],"predecessor-version":[{"id":9164,"href":"https:\/\/parapharmacieenligne.ma\/en\/wp-json\/wp\/v2\/product\/9130\/revisions\/9164"}],"wp:featuredmedia":[{"embeddable":true,"href":"https:\/\/parapharmacieenligne.ma\/en\/wp-json\/wp\/v2\/media\/9163"}],"wp:attachment":[{"href":"https:\/\/parapharmacieenligne.ma\/en\/wp-json\/wp\/v2\/media?parent=9130"}],"wp:term":[{"taxonomy":"product_cat","embeddable":true,"href":"https:\/\/parapharmacieenligne.ma\/en\/wp-json\/wp\/v2\/product_cat?post=9130"},{"taxonomy":"product_tag","embeddable":true,"href":"https:\/\/parapharmacieenligne.ma\/en\/wp-json\/wp\/v2\/product_tag?post=9130"},{"taxonomy":"yith_product_brand","embeddable":true,"href":"https:\/\/parapharmacieenligne.ma\/en\/wp-json\/wp\/v2\/yith_product_brand?post=9130"}],"curies":[{"name":"wp","href":"https:\/\/api.w.org\/{rel}","templated":true}]}}