{"id":9138,"date":"2026-01-26T15:26:52","date_gmt":"2026-01-26T14:26:52","guid":{"rendered":"https:\/\/parapharmacieenligne.ma\/?post_type=product&#038;p=9138"},"modified":"2026-01-26T15:35:24","modified_gmt":"2026-01-26T14:35:24","slug":"sesderma-samay-aa-creme-50ml","status":"publish","type":"product","link":"https:\/\/parapharmacieenligne.ma\/en\/product\/sesderma-samay-aa-creme-50ml\/","title":{"rendered":"Sesderma Samay AA creme 50ml"},"content":{"rendered":"<div aria-labelledby=\"tab-title-description\" class=\"woocommerce-Tabs-panel woocommerce-Tabs-panel--description panel entry-content wc-tab\" id=\"tab-description\" role=\"tabpanel\" style=\"\">\n<h2>Description<\/h2>\n<p>Lorsque vous avez la peau sensible, la mission de trouver le bon traitement est encore plus compliqu\u00e9e, surtout si vous recherchez des soins sans \u00e2ge.<\/p>\n<p>Parce que les cosm\u00e9tiques les plus efficaces contre le vieillissement, incorporent des actifs qui peuvent irriter ce type de peau.<\/p>\n<p>Et c\u2019est que vous savez que les peaux sensibles ont besoin de produits sp\u00e9cifiques, qui int\u00e8grent \u00e9galement des actifs \u00e0 haute tol\u00e9rance pour lutter contre le vieillissement. Et c\u2019est la cr\u00e8me SAMAY. Plus de d\u00e9mangeaisons et de r\u00e9actions ind\u00e9sirables. Vous pouvez d\u00e9sormais combattre les rides tout en offrant un bien-\u00eatre \u00e0 votre peau.<\/p>\n<p>Renforce la fonction barri\u00e8re de la peau, qui est g\u00e9n\u00e9ralement alt\u00e9r\u00e9e dans les peaux sensibles.<br \/>\n Hydrate.<br \/>\n Calme.<br \/>\n Efficacit\u00e9 intemporelle: Combattre efficacement les rides sans rougeur ni r\u00e9action.<\/p>\n<\/p><\/div>","protected":false},"excerpt":{"rendered":"<p>Highlights:Cr\u00e8me multit\u00e2che quotidienne formul\u00e9e avec une combinaison botanique de r\u00e9tino\u00efdes naturels, d\u00e9velopp\u00e9e exclusivement pour les peaux sensibles ou r\u00e9actives. Hydrate, nourrit et adoucit la peau.<\/p>","protected":false},"featured_media":9179,"comment_status":"open","ping_status":"closed","template":"","meta":[],"product_cat":[83],"product_tag":[],"yith_product_brand":[130],"class_list":{"0":"post-9138","1":"product","2":"type-product","3":"status-publish","4":"has-post-thumbnail","6":"product_cat-soins-visage","7":"yith_product_brand-sesderma","9":"first","10":"instock","11":"sale","12":"shipping-taxable","13":"purchasable","14":"product-type-simple"},"_links":{"self":[{"href":"https:\/\/parapharmacieenligne.ma\/en\/wp-json\/wp\/v2\/product\/9138","targetHints":{"allow":["GET"]}}],"collection":[{"href":"https:\/\/parapharmacieenligne.ma\/en\/wp-json\/wp\/v2\/product"}],"about":[{"href":"https:\/\/parapharmacieenligne.ma\/en\/wp-json\/wp\/v2\/types\/product"}],"replies":[{"embeddable":true,"href":"https:\/\/parapharmacieenligne.ma\/en\/wp-json\/wp\/v2\/comments?post=9138"}],"version-history":[{"count":1,"href":"https:\/\/parapharmacieenligne.ma\/en\/wp-json\/wp\/v2\/product\/9138\/revisions"}],"predecessor-version":[{"id":9180,"href":"https:\/\/parapharmacieenligne.ma\/en\/wp-json\/wp\/v2\/product\/9138\/revisions\/9180"}],"wp:featuredmedia":[{"embeddable":true,"href":"https:\/\/parapharmacieenligne.ma\/en\/wp-json\/wp\/v2\/media\/9179"}],"wp:attachment":[{"href":"https:\/\/parapharmacieenligne.ma\/en\/wp-json\/wp\/v2\/media?parent=9138"}],"wp:term":[{"taxonomy":"product_cat","embeddable":true,"href":"https:\/\/parapharmacieenligne.ma\/en\/wp-json\/wp\/v2\/product_cat?post=9138"},{"taxonomy":"product_tag","embeddable":true,"href":"https:\/\/parapharmacieenligne.ma\/en\/wp-json\/wp\/v2\/product_tag?post=9138"},{"taxonomy":"yith_product_brand","embeddable":true,"href":"https:\/\/parapharmacieenligne.ma\/en\/wp-json\/wp\/v2\/yith_product_brand?post=9138"}],"curies":[{"name":"wp","href":"https:\/\/api.w.org\/{rel}","templated":true}]}}