{"id":9207,"date":"2026-01-26T15:48:18","date_gmt":"2026-01-26T14:48:18","guid":{"rendered":"https:\/\/parapharmacieenligne.ma\/?post_type=product&#038;p=9207"},"modified":"2026-01-26T15:50:18","modified_gmt":"2026-01-26T14:50:18","slug":"caudalie-hydratation-corps-huile-de-soin-nourrissante-100ml","status":"publish","type":"product","link":"https:\/\/parapharmacieenligne.ma\/en\/product\/caudalie-hydratation-corps-huile-de-soin-nourrissante-100ml\/","title":{"rendered":"CAUDALIE \u2013 Hydratation Corps Huile de Soin Nourrissante \u2013 100ml"},"content":{"rendered":"<div aria-labelledby=\"tab-title-description\" class=\"woocommerce-Tabs-panel woocommerce-Tabs-panel--description panel entry-content wc-tab\" id=\"tab-description\" role=\"tabpanel\" style=\"\">\n<h2>Description<\/h2>\n<div class=\"font-light mt-2\" data-v-a8637d60=\"\">\n<div>\n<p>L\u2019Huile de Soin Nourrissante est une huile naturelle et multi-usages pour le corps, les cheveux et le visage. Enrichie en huiles pr\u00e9cieuses et figue de barbarie, elle nourrit et sublime tous les types de peaux et rend les cheveux brillants.<\/p>\n<p>Son parfum de figue 100% d\u2019origine naturelle enveloppe la peau d\u2019une fragrance sensuelle et addictive.<\/p>\n<\/p><\/div>\n<\/p><\/div>\n<div class=\"font-light mt-2\" data-v-a8637d60=\"\"><strong>Type de peau :<\/strong> Tous types de peau<\/div>\n<div class=\"font-light mt-2\" data-v-a8637d60=\"\"><strong>Besoin :<\/strong> Hydratation corps<\/div>\n<div class=\"font-light mt-2\" data-v-a8637d60=\"\"><strong>Ingr\u00e9dients cl\u00e9s :<\/strong> Huile d\u2019argan, Huile de p\u00e9pins de raisin, Huile de figue de Barbarie<\/div>\n<div class=\"font-light mt-2\" data-v-a8637d60=\"\"><strong>Texture :<\/strong> Huile<\/div>\n<div class=\"font-light mt-2\" data-v-a8637d60=\"\"><strong>Utilisation :<\/strong> \u00c0 tout moment de la journ\u00e9e<\/div>\n<div data-v-98db405a=\"\" data-v-a8637d60=\"\">\n<div class=\"relative\" data-v-98db405a=\"\">\n<div class=\"absolute bottom-0 left-0 w-full see-more-block-backdrop\" data-v-98db405a=\"\"><\/div>\n<div class=\"overflow-auto\" data-v-98db405a=\"\">\n<div class=\"font-light mt-2\" data-v-a8637d60=\"\">\n<p><strong>Formule :<\/strong><\/p>\n<ul class=\"list-disc list-inside\">\n<li>99% d\u2019ingr\u00e9dients d\u2019origine naturelle<\/li>\n<li>Test\u00e9 sous contr\u00f4le dermatologique<\/li>\n<li>Vegan<\/li>\n<li>Non grasse<\/li>\n<\/ul><\/div>\n<div class=\"font-light mt-2\" data-v-a8637d60=\"\">\n<p><strong>R\u00e9sultats visibles<\/strong><\/p>\n<ul class=\"list-disc list-inside\">\n<li>95% Peau liss\u00e9e*<\/li>\n<li>90% Peau nourrie*<\/li>\n<li>86% Cheveux nourris*<\/li>\n<\/ul>\n<p>*21 volontaires, 28 jours.<\/p>\n<p><strong>Ingr\u00e9dients :<\/strong><br \/>\n Huile d\u2019argan : 100% d\u2019origine naturelle et press\u00e9e \u00e0 froid, elle poss\u00e8de des propri\u00e9t\u00e9s hautement nourrissantes.<br \/>\n Huile de p\u00e9pins de raisin : 100% d\u2019origine naturelle et press\u00e9e \u00e0 froid, elle est naturellement nourrissante et anti-oxydante.<br \/>\n Huile de figue de Barbarie : Riche en acide linol\u00e9ique<\/p>\n<p><strong>Conseils d\u2019utilisation :<\/strong><\/p>\n<div class=\"overflow-auto text-th-primary\">\n<div>\n<div class=\"px-6 pb-6\" data-v-03cfd312=\"\" id=\"application-advice-content\">\n<div class=\"font-light\" data-v-03cfd312=\"\">Vaporisez quelques gouttes de l\u2019Huile de Soin Lissage &amp; Glow dans le creux de votre main et massez d\u00e9licatement sur le corps, les cheveux et le d\u00e9collet\u00e9.<\/div>\n<\/p><\/div>\n<\/p><\/div>\n<\/p><\/div>\n<\/p><\/div>\n<\/p><\/div>\n<\/p><\/div>\n<\/p><\/div>\n<\/p><\/div>","protected":false},"excerpt":{"rendered":"<p>Highlights:L\u2019Huile de Soin Nourrissante est une huile naturelle et multi-usages pour le corps, les cheveux et le visage. Enrichie en huiles pr\u00e9cieuses et figue de barbarie, elle nourrit et sublime tous les types de peaux et rend les cheveux brillants.<\/p>","protected":false},"featured_media":9257,"comment_status":"open","ping_status":"closed","template":"","meta":[],"product_cat":[],"product_tag":[],"yith_product_brand":[131],"class_list":{"0":"post-9207","1":"product","2":"type-product","3":"status-publish","4":"has-post-thumbnail","6":"yith_product_brand-caudalie","8":"first","9":"instock","10":"sale","11":"shipping-taxable","12":"purchasable","13":"product-type-simple"},"_links":{"self":[{"href":"https:\/\/parapharmacieenligne.ma\/en\/wp-json\/wp\/v2\/product\/9207","targetHints":{"allow":["GET"]}}],"collection":[{"href":"https:\/\/parapharmacieenligne.ma\/en\/wp-json\/wp\/v2\/product"}],"about":[{"href":"https:\/\/parapharmacieenligne.ma\/en\/wp-json\/wp\/v2\/types\/product"}],"replies":[{"embeddable":true,"href":"https:\/\/parapharmacieenligne.ma\/en\/wp-json\/wp\/v2\/comments?post=9207"}],"version-history":[{"count":1,"href":"https:\/\/parapharmacieenligne.ma\/en\/wp-json\/wp\/v2\/product\/9207\/revisions"}],"predecessor-version":[{"id":9258,"href":"https:\/\/parapharmacieenligne.ma\/en\/wp-json\/wp\/v2\/product\/9207\/revisions\/9258"}],"wp:featuredmedia":[{"embeddable":true,"href":"https:\/\/parapharmacieenligne.ma\/en\/wp-json\/wp\/v2\/media\/9257"}],"wp:attachment":[{"href":"https:\/\/parapharmacieenligne.ma\/en\/wp-json\/wp\/v2\/media?parent=9207"}],"wp:term":[{"taxonomy":"product_cat","embeddable":true,"href":"https:\/\/parapharmacieenligne.ma\/en\/wp-json\/wp\/v2\/product_cat?post=9207"},{"taxonomy":"product_tag","embeddable":true,"href":"https:\/\/parapharmacieenligne.ma\/en\/wp-json\/wp\/v2\/product_tag?post=9207"},{"taxonomy":"yith_product_brand","embeddable":true,"href":"https:\/\/parapharmacieenligne.ma\/en\/wp-json\/wp\/v2\/yith_product_brand?post=9207"}],"curies":[{"name":"wp","href":"https:\/\/api.w.org\/{rel}","templated":true}]}}